{"id":1138,"date":"2017-01-20T11:50:08","date_gmt":"2017-01-20T11:50:08","guid":{"rendered":"https:\/\/apartamentosaureliantica.com\/apartamentos\/"},"modified":"2021-03-24T10:19:39","modified_gmt":"2021-03-24T10:19:39","slug":"apartments","status":"publish","type":"page","link":"https:\/\/apartamentosaureliantica.com\/en\/apartments\/","title":{"rendered":"Apartments"},"content":{"rendered":"<p>[vc_row row_type=&#8221;row&#8221; use_row_as_full_screen_section=&#8221;no&#8221; type=&#8221;full_width&#8221; angled_section=&#8221;no&#8221; text_align=&#8221;left&#8221; background_image_as_pattern=&#8221;without_pattern&#8221; css_animation=&#8221;&#8221; css=&#8221;.vc_custom_1488547675390{padding-top: 50px !important;}&#8221;][vc_column]<div class=\"call_to_action normal\" style=\"background-color: #ffffff;\"><div class=\"container_inner\"><div class=\"two_columns_75_25 clearfix\"><div class=\"text_wrapper column1\"><div class=\"call_to_action_text  letter_spacing_inherit\" style=\"letter-spacing: 0px;\"><\/p>\n<h3 style=\"text-align: center;\">Come and feel it&#8230;<\/h3>\n<p><\/div><\/div><div class=\"button_wrapper column2\"><a itemprop=\"url\" href=\"https:\/\/booking.redforts.com\/en\/oMgcKUTv\" class=\"qbutton white \" target=\"_blank\" style=\"color: #ffffff;border-color: #677e09;background-color: #677e09;\"data-hover-background-color=#222222 data-hover-border-color=#222222 data-hover-color=#ffffff>BOOK ONLINE 24 h<\/a><\/div><\/div><\/div><\/div>[\/vc_column][\/vc_row][vc_row row_type=&#8221;row&#8221; use_row_as_full_screen_section=&#8221;no&#8221; type=&#8221;grid&#8221; anchor=&#8221;about&#8221; angled_section=&#8221;no&#8221; text_align=&#8221;left&#8221; background_image_as_pattern=&#8221;without_pattern&#8221; css_animation=&#8221;&#8221; css=&#8221;.vc_custom_1488547734860{padding-bottom: 87px !important;}&#8221;][vc_column][vc_empty_space height=&#8221;5px&#8221;][vc_row_inner row_type=&#8221;row&#8221; type=&#8221;grid&#8221; text_align=&#8221;left&#8221; css_animation=&#8221;&#8221; css=&#8221;.vc_custom_1468314665382{padding-top: 68px !important;}&#8221;][vc_column_inner offset=&#8221;vc_col-lg-6 vc_col-md-6&#8243; css=&#8221;.vc_custom_1467974263073{padding-right: 2.3% !important;}&#8221;][vc_column_text el_class=&#8221;justificar&#8221;]<\/p>\n<h4 style=\"color: #677e09;\">A bit of history about the building?<\/h4>\n<p><strong style=\"color: #677e09;\">The Aurelia Ant\u00edca Apartments<\/strong> are located in<strong style=\"color: #677e09;\">an old home<\/strong> linked to the <strong style=\"color: #677e09;\">Canons Regular of the Immaculate Conception.<\/strong><\/p>\n<p>Back in <strong style=\"color: #677e09;\">2012 the owner, Mar\u00eda L. Su\u00e1rez had the renovations of this building started.<\/strong> She made sure that the most relevant and original features according to the traditional standards were meticulously and responsibly being kept. The thickness of <strong style=\"color: #677e09;\"> the stone walls, cupboards, fireplaces,<\/strong> ceiling heights, windows and blinds are some of the features that characterise the traditional architecture of Santiago de Compostela in <strong style=\"color: #677e09;\">the 18th and 19th century.<\/strong><\/p>\n<p>It is of vital importance in the old part of the city to be able to <strong style=\"color: #677e09;\">combine the traditional and cutting edge building techniques<\/strong> in sound and thermal insulation, giving this establishment an<strong style=\"color: #677e09;\"> excellent structure with a great quality<\/strong>.<\/p>\n<p><strong style=\"color: #677e09;\">The apartments open up to R\u00faa de San Pedro and R\u00faa do Medio, two emblematic streets <\/strong>in the historic part of the city and the French Way entrance to the city. This makes the difference. The thousand-year-old neighbourhood of San Pedro is almost as old as the city itself. <strong>It is a lively, dynamic and multicultural neighbourhood with a wide gastronomic <\/strong>offer which contrasts with the seriousness and magnificence of the historic part of the city. Its greatness rises from its simplicity!<\/p>\n<p><strong style=\"color: #677e09;\">It is the last stretch of The Way<\/strong> before reaching the walled city. This is the reason why <strong style=\"color: #677e09;\">R\u00faa de San Pedro keeps being the main street in the neighbourhood<\/strong>. Hundreds of people besides pilgrims walk along it daily, since it connects the historic city and the outskirts. San Pedro is the entrance to the historic part of the city to those pilgrims doing the French Way; Pilgrims, college students, artists and working people come together on that street, <strong style=\"color: #677e09;\">creating one of the most tremendous atmospheres in the capital of Galicia. <\/strong> [\/vc_column_text][vc_empty_space height=&#8221;40px&#8221;][\/vc_column_inner][vc_column_inner offset=&#8221;vc_col-lg-6 vc_col-md-6&#8243; css=&#8221;.vc_custom_1467974270400{padding-right: 2.3% !important;}&#8221;][vc_single_image image=&#8221;699&#8243; img_size=&#8221;full&#8221; qode_css_animation=&#8221;&#8221;][vc_empty_space height=&#8221;21px&#8221;][vc_column_text][\/vc_column_text][vc_empty_space height=&#8221;40px&#8221;][\/vc_column_inner][\/vc_row_inner][vc_empty_space height=&#8221;26px&#8221;][vc_column_text]<\/p>\n<h3 style=\"text-align: center;\">Our Apartments<\/h3>\n<p>[\/vc_column_text][vc_empty_space height=&#8221;11px&#8221;][vc_row_inner row_type=&#8221;row&#8221; type=&#8221;grid&#8221; text_align=&#8221;center&#8221; css_animation=&#8221;&#8221; css=&#8221;.vc_custom_1485267727778{padding-top: 68px !important;}&#8221;][vc_column_inner offset=&#8221;vc_col-lg-6 vc_col-md-6&#8243; css=&#8221;.vc_custom_1467974263073{padding-right: 2.3% !important;}&#8221;][vc_single_image image=&#8221;1720&#8243; img_size=&#8221;full&#8221; add_caption=&#8221;yes&#8221; onclick=&#8221;custom_link&#8221; qode_css_animation=&#8221;&#8221; link=&#8221;\/apartamento-rua-do-medio\/&#8221;][vc_empty_space height=&#8221;21px&#8221;][vc_column_text]<\/p>\n<h4 style=\"text-align: center;\"><a href=\"\/en\/rua-do-medio-apartament\">R\u00faa do Medio Apartament<\/a><\/h4>\n<p>[\/vc_column_text][vc_empty_space height=&#8221;3px&#8221;][vc_column_text]<\/p>\n<p style=\"text-align: center;\">t is not the typical apartment but a house. Its rooms are independent , with a rather unusual spaciousness in the historic part of the city.<\/p>\n<p style=\"text-align: center;\">It is accessible directly from the street that names it, and you can drive right to the door and unload your luggage comfortably.<\/p>\n<p>[\/vc_column_text][vc_empty_space height=&#8221;21px&#8221;]<a  itemprop=\"url\" href=\"https:\/\/booking.redforts.com\/en\/oMgcKUTv\" target=\"_blank\" data-hover-background-color=#222222 data-hover-border-color=#222222 data-hover-color=#ffffff class=\"qbutton  large center white default\" style=\"color: #ffffff; border-color: #677e09; font-style: normal; background-color: #677e09;\">Book Now<\/a>[vc_empty_space height=&#8221;60px&#8221;][\/vc_column_inner][vc_column_inner offset=&#8221;vc_col-lg-6 vc_col-md-6&#8243; css=&#8221;.vc_custom_1467974270400{padding-right: 2.3% !important;}&#8221;][vc_single_image image=&#8221;366&#8243; img_size=&#8221;full&#8221; onclick=&#8221;custom_link&#8221; qode_css_animation=&#8221;&#8221; link=&#8221;\/apartamento-rua-san-pedro\/&#8221;][vc_empty_space height=&#8221;21px&#8221;][vc_column_text]<\/p>\n<h4 style=\"text-align: center;\"><a href=\"\/en\/rua-san-pedro-apartament\/\">R\u00faa San Pedro Apartament<\/a><\/h4>\n<p>[\/vc_column_text][vc_empty_space height=&#8221;3px&#8221;][vc_column_text]<\/p>\n<p style=\"text-align: center;\">It is named after the street, a semi-pedestrian one that still allows you to drive right to the door. The fact that just by opening its door you can observe the pilgrims excitement while before reaching their finish line in the last stage of the French Way is beyond compare.<\/p>\n<p>[\/vc_column_text][vc_empty_space height=&#8221;21px&#8221;]<a  itemprop=\"url\" href=\"https:\/\/booking.redforts.com\/en\/oMgcKUTv\" target=\"_blank\" data-hover-background-color=#222222 data-hover-border-color=#222222 data-hover-color=#ffffff class=\"qbutton  large center white default\" style=\"color: #ffffff; border-color: #677e09; font-style: normal; background-color: #677e09;\">Book Now<\/a>[\/vc_column_inner][\/vc_row_inner][\/vc_column][\/vc_row][vc_row row_type=&#8221;row&#8221; use_row_as_full_screen_section=&#8221;no&#8221; type=&#8221;full_width&#8221; angled_section=&#8221;no&#8221; text_align=&#8221;left&#8221; background_image_as_pattern=&#8221;without_pattern&#8221; css_animation=&#8221;&#8221; css=&#8221;.vc_custom_1484914867986{padding-top: 30px !important;padding-bottom: 30px !important;}&#8221;][vc_column][vc_gallery type=&#8221;image_grid&#8221; images=&#8221;415,414,413,412,411,410,408,407,406,405,404,403,402,426,427&#8243; img_size=&#8221;full&#8221; onclick=&#8221;&#8221; column_number=&#8221;3&#8243; grayscale=&#8221;yes&#8221; images_space=&#8221;gallery_with_space&#8221;][\/vc_column][\/vc_row][vc_row row_type=&#8221;parallax&#8221; header_style=&#8221;dark&#8221; parallax_content_width=&#8221;full_width&#8221; text_align=&#8221;center&#8221; background_image=&#8221;877&#8243; full_screen_section_height=&#8221;no&#8221;][vc_column css=&#8221;.vc_custom_1616504632189{padding-top: 50px !important;}&#8221;][vc_empty_space][vc_column_text]<\/p>\n<h3 style=\"text-align: center; line-height: 1.3;\">If you book directly on our website, you will enjoy a complimentary and delicious breakfast.<\/h3>\n<p>[\/vc_column_text][vc_empty_space][vc_column_text]<\/p>\n<h5 style=\"text-align: center;\">No extra cost for you. Breakfast included.<\/h5>\n<p>[\/vc_column_text][vc_empty_space]<a  itemprop=\"url\" href=\"https:\/\/booking.redforts.com\/en\/oMgcKUTv\" target=\"_blank\" data-hover-background-color=#222222 data-hover-border-color=#222222 data-hover-color=#ffffff class=\"qbutton  large center default\" style=\"color: #ffffff; border-color: #677e09; font-style: normal; background-color: #677e09;\">Book Now<\/a>[vc_empty_space height=&#8221;64px&#8221;][\/vc_column][\/vc_row][vc_row row_type=&#8221;row&#8221; use_row_as_full_screen_section=&#8221;no&#8221; type=&#8221;grid&#8221; anchor=&#8221;story&#8221; angled_section=&#8221;no&#8221; text_align=&#8221;left&#8221; background_image_as_pattern=&#8221;without_pattern&#8221; css_animation=&#8221;&#8221; css=&#8221;.vc_custom_1484919827139{padding-top: 42px !important;}&#8221;][vc_column][vc_column_text]<\/p>\n<h3 style=\"text-align: center;\">Customised!<\/h3>\n<p>[\/vc_column_text][vc_empty_space height=&#8221;11px&#8221;][vc_column_text]<\/p>\n<h5 style=\"text-align: center;\">Additional services are available upon request.<br \/>\nPlease email me and I will give you more information.<\/h5>\n<p>[\/vc_column_text][\/vc_column][\/vc_row][vc_row row_type=&#8221;row&#8221; use_row_as_full_screen_section=&#8221;no&#8221; type=&#8221;grid&#8221; angled_section=&#8221;no&#8221; text_align=&#8221;left&#8221; background_image_as_pattern=&#8221;without_pattern&#8221; css_animation=&#8221;&#8221; css=&#8221;.vc_custom_1468319224579{padding-top: 59px !important;padding-bottom: 110px !important;}&#8221;][vc_column width=&#8221;1\/2&#8243; offset=&#8221;vc_col-lg-3 vc_col-md-3&#8243;][vc_single_image image=&#8221;550&#8243; img_size=&#8221;full&#8221; qode_css_animation=&#8221;&#8221;][vc_empty_space height=&#8221;36px&#8221;][vc_column_text]<\/p>\n<h6 style=\"text-align: center;\">In our house<\/h6>\n<p>[\/vc_column_text][vc_empty_space height=&#8221;18px&#8221;][vc_column_text]<\/p>\n<p style=\"text-align: center;\">A private gourmet dinner?<br \/>\nWe can organize it<br \/>\nin the R\u00faa do Medio Aptm.<\/p>\n<p>[\/vc_column_text][vc_empty_space height=&#8221;40px&#8221;][\/vc_column][vc_column width=&#8221;1\/2&#8243; offset=&#8221;vc_col-lg-3 vc_col-md-3&#8243;][vc_single_image image=&#8221;375&#8243; img_size=&#8221;full&#8221; qode_css_animation=&#8221;&#8221;][vc_empty_space height=&#8221;36px&#8221;][vc_column_text]<\/p>\n<h6 style=\"text-align: center;\">The best guide<\/h6>\n<p>[\/vc_column_text][vc_empty_space height=&#8221;18px&#8221;][vc_column_text]<\/p>\n<p style=\"text-align: center;\">A tour around the city?<br \/>\nA private shuttler?<br \/>\nBooking the \u201cBotafumeiro\u201d?<\/p>\n<p>[\/vc_column_text][vc_empty_space height=&#8221;40px&#8221;][\/vc_column][vc_column width=&#8221;1\/2&#8243; offset=&#8221;vc_col-lg-3 vc_col-md-3&#8243;][vc_single_image image=&#8221;376&#8243; img_size=&#8221;full&#8221; qode_css_animation=&#8221;&#8221;][vc_empty_space height=&#8221;36px&#8221;][vc_column_text]<\/p>\n<h6 style=\"text-align: center;\">Relaxing at the end of the Way?<\/h6>\n<p>[\/vc_column_text][vc_empty_space height=&#8221;18px&#8221;][vc_column_text]<\/p>\n<p style=\"text-align: center;\">Booking a spa day?<br \/>\nLooking for health resort?<br \/>\nA massage?<\/p>\n<p>[\/vc_column_text][vc_empty_space height=&#8221;40px&#8221;][\/vc_column][vc_column width=&#8221;1\/2&#8243; offset=&#8221;vc_col-lg-3 vc_col-md-3&#8243;][vc_single_image image=&#8221;553&#8243; img_size=&#8221;full&#8221; qode_css_animation=&#8221;&#8221;][vc_empty_space height=&#8221;36px&#8221;][vc_column_text]<\/p>\n<h6 style=\"text-align: center;\">Looking a trustworthy service? Craving something sweet?<\/h6>\n<p>[\/vc_column_text][vc_empty_space height=&#8221;18px&#8221;][vc_column_text]<\/p>\n<p style=\"text-align: center;\">Do you need a babysitter?<br \/>\nDo you need someone to do the shopping for you?<br \/>\nA birthday cake?<\/p>\n<p>[\/vc_column_text][vc_empty_space height=&#8221;40px&#8221;][\/vc_column][\/vc_row][vc_row row_type=&#8221;row&#8221; use_row_as_full_screen_section=&#8221;no&#8221; type=&#8221;full_width&#8221; anchor=&#8221;locations&#8221; angled_section=&#8221;no&#8221; text_align=&#8221;left&#8221; background_image_as_pattern=&#8221;without_pattern&#8221; css_animation=&#8221;&#8221;][vc_column]<div class='google_map_shortcode_holder' style='height:600px;'><div class='qode_google_map' style='height:600px;' id='map_canvas_451' data-addresses='[\"R\u00faa de San Pedro, 13, 15703 Santiago de Compostela, A Coru\u00f1a, Espa\u00f1a\"]' data-custom-map-style='true' data-color-overlay='#393939' data-saturation='-100' data-lightness='10' data-zoom='16' data-pin='https:\/\/apartamentosaureliantica.com\/wp-content\/uploads\/2016\/07\/icono-ok-1.png' data-unique-id='451' data-google-maps-scroll-wheel='false' data-map-height='600'><\/div><div class='google_map_shortcode_overlay'><\/div><\/div>[\/vc_column][\/vc_row][vc_row row_type=&#8221;row&#8221; use_row_as_full_screen_section=&#8221;no&#8221; type=&#8221;full_width&#8221; angled_section=&#8221;no&#8221; text_align=&#8221;left&#8221; background_image_as_pattern=&#8221;without_pattern&#8221; css_animation=&#8221;&#8221;][vc_column]<div class=\"call_to_action normal\" style=\"background-color: #fafafa;padding-top: 69px;padding-bottom: 69px;\"><div class=\"container_inner\"><div class=\"two_columns_75_25 clearfix\"><div class=\"text_wrapper column1\"><div class=\"call_to_action_text  letter_spacing_inherit\" style=\"letter-spacing: 0px;\"><\/p>\n<h5>Come and visit.<\/h5>\n<p><\/div><\/div><div class=\"button_wrapper column2\"><a itemprop=\"url\" href=\"https:\/\/booking.redforts.com\/en\/oMgcKUTv\" class=\"qbutton white \" target=\"_blank\" style=\"color: #ffffff;border-color: #677e09;background-color: #677e09;\"data-hover-background-color=#222222 data-hover-border-color=#222222 data-hover-color=#ffffff>Book Now<\/a><\/div><\/div><\/div><\/div>[\/vc_column][\/vc_row][vc_row row_type=&#8221;parallax&#8221; parallax_content_width=&#8221;in_grid&#8221; anchor=&#8221;news&#8221; text_align=&#8221;center&#8221; background_image=&#8221;401&#8243; full_screen_section_height=&#8221;no&#8221;][vc_column css=&#8221;.vc_custom_1468419477434{padding-top: 9% !important;padding-bottom: 11.35% !important;}&#8221;][vc_column_text]<\/p>\n<h3 style=\"text-align: center;\"><span style=\"color: #ffffff;\">What to do in Santiago?<\/span><\/h3>\n<p>[\/vc_column_text][vc_empty_space height=&#8221;11px&#8221;][vc_column_text]<\/p>\n<h5 style=\"text-align: center;\"><span style=\"color: #ffffff;\">SANTIAGO: You will finally know what it feels like to be in seventh heaven<\/span><\/h5>\n<p>[\/vc_column_text][vc_empty_space height=&#8221;68px&#8221;][vc_row_inner row_type=&#8221;row&#8221; type=&#8221;full_width&#8221; text_align=&#8221;left&#8221; css_animation=&#8221;&#8221;][vc_column_inner offset=&#8221;vc_col-lg-12 vc_col-md-12&#8243;]<div class='latest_post_two_holder three_columns'><ul><\/ul><\/div>[\/vc_column_inner][\/vc_row_inner][vc_empty_space height=&#8221;15px&#8221;]<a  itemprop=\"url\" href=\"\/en\/what-to-do\/\" target=\"_self\" data-hover-background-color=#222222 data-hover-border-color=#222222 data-hover-color=#ffffff class=\"qbutton  large center default\" style=\"color: #ffffff; border-color: #677e09; font-style: normal; background-color: #677e09;\">What to do<\/a>[\/vc_column][\/vc_row]<\/p>\n","protected":false},"excerpt":{"rendered":"<p>[vc_row row_type=&#8221;row&#8221; use_row_as_full_screen_section=&#8221;no&#8221; type=&#8221;full_width&#8221; angled_section=&#8221;no&#8221; text_align=&#8221;left&#8221; background_image_as_pattern=&#8221;without_pattern&#8221; css_animation=&#8221;&#8221; css=&#8221;.vc_custom_1488547675390{padding-top: 50px !important;}&#8221;][vc_column][\/vc_column][\/vc_row][vc_row row_type=&#8221;row&#8221; use_row_as_full_screen_section=&#8221;no&#8221; type=&#8221;grid&#8221; anchor=&#8221;about&#8221;&#8230;<\/p>\n","protected":false},"author":1,"featured_media":0,"parent":0,"menu_order":0,"comment_status":"closed","ping_status":"closed","template":"full_width.php","meta":{"footnotes":""},"_links":{"self":[{"href":"https:\/\/apartamentosaureliantica.com\/en\/wp-json\/wp\/v2\/pages\/1138"}],"collection":[{"href":"https:\/\/apartamentosaureliantica.com\/en\/wp-json\/wp\/v2\/pages"}],"about":[{"href":"https:\/\/apartamentosaureliantica.com\/en\/wp-json\/wp\/v2\/types\/page"}],"author":[{"embeddable":true,"href":"https:\/\/apartamentosaureliantica.com\/en\/wp-json\/wp\/v2\/users\/1"}],"replies":[{"embeddable":true,"href":"https:\/\/apartamentosaureliantica.com\/en\/wp-json\/wp\/v2\/comments?post=1138"}],"version-history":[{"count":9,"href":"https:\/\/apartamentosaureliantica.com\/en\/wp-json\/wp\/v2\/pages\/1138\/revisions"}],"predecessor-version":[{"id":1724,"href":"https:\/\/apartamentosaureliantica.com\/en\/wp-json\/wp\/v2\/pages\/1138\/revisions\/1724"}],"wp:attachment":[{"href":"https:\/\/apartamentosaureliantica.com\/en\/wp-json\/wp\/v2\/media?parent=1138"}],"curies":[{"name":"wp","href":"https:\/\/api.w.org\/{rel}","templated":true}]}}