{"id":1145,"date":"2016-07-11T14:27:40","date_gmt":"2016-07-11T14:27:40","guid":{"rendered":"https:\/\/apartamentosaureliantica.com\/home\/"},"modified":"2025-10-17T07:00:26","modified_gmt":"2025-10-17T07:00:26","slug":"home","status":"publish","type":"page","link":"https:\/\/apartamentosaureliantica.com\/en\/","title":{"rendered":"Home"},"content":{"rendered":"<p>[vc_row row_type=&#8221;row&#8221; use_row_as_full_screen_section=&#8221;no&#8221; type=&#8221;full_width&#8221; angled_section=&#8221;no&#8221; text_align=&#8221;left&#8221; background_image_as_pattern=&#8221;without_pattern&#8221; css_animation=&#8221;&#8221;][vc_column][layerslider_vc id=&#8221;6&#8243;][\/vc_column][\/vc_row][vc_row row_type=&#8221;row&#8221; use_row_as_full_screen_section=&#8221;no&#8221; type=&#8221;grid&#8221; header_style=&#8221;dark&#8221; angled_section=&#8221;no&#8221; text_align=&#8221;center&#8221; background_image_as_pattern=&#8221;without_pattern&#8221; css_animation=&#8221;&#8221; css=&#8221;.vc_custom_1616502410258{padding-top: 50px !important;padding-bottom: 40px !important;}&#8221;][vc_column][vc_empty_space height=&#8221;26px&#8221;][vc_column_text]<\/p>\n<h3 style=\"text-align: center;\">Aurelia Ant\u00edca Apartaments<\/h3>\n<p>[\/vc_column_text][vc_empty_space height=&#8221;11px&#8221;][vc_column_text]<\/p>\n<h5 style=\"text-align: center;\">Passion for detail and authenticity.<\/h5>\n<p>[\/vc_column_text][vc_row_inner row_type=&#8221;row&#8221; type=&#8221;grid&#8221; text_align=&#8221;center&#8221; css_animation=&#8221;&#8221; css=&#8221;.vc_custom_1487328476689{padding-top: 68px !important;}&#8221;][vc_column_inner offset=&#8221;vc_col-lg-6 vc_col-md-6&#8243; css=&#8221;.vc_custom_1467974263073{padding-right: 2.3% !important;}&#8221;][vc_single_image image=&#8221;1720&#8243; img_size=&#8221;full&#8221; onclick=&#8221;custom_link&#8221; qode_css_animation=&#8221;&#8221; link=&#8221;\/apartamento-rua-do-medio\/&#8221;][vc_empty_space height=&#8221;21px&#8221;][vc_column_text]<\/p>\n<h4 style=\"text-align: center;\"><a href=\"\/en\/rua-do-medio-apartament\/\">R\u00faa do Medio Apartament<\/a><\/h4>\n<p>[\/vc_column_text][vc_empty_space height=&#8221;3px&#8221;][vc_column_text]<\/p>\n<p style=\"text-align: center;\">It is not the typical apartment but a house. Its rooms are independent , with a rather unusual spaciousness in the historic part of the city.<\/p>\n<p style=\"text-align: center;\">It is accessible directly from the street that names it, and you can drive right to the door and unload your luggage comfortably.<\/p>\n<p>[\/vc_column_text][vc_empty_space height=&#8221;21px&#8221;]<a  itemprop=\"url\" href=\"https:\/\/booking.redforts.com\/en\/oMgcKUTv\" target=\"_blank\" data-hover-background-color=#222222 data-hover-border-color=#222222 data-hover-color=#ffffff class=\"qbutton  large center default\" style=\"color: #ffffff; border-color: #677e09; font-style: normal; background-color: #677e09;\">Book Now<\/a>[vc_empty_space height=&#8221;10px&#8221;][\/vc_column_inner][vc_column_inner offset=&#8221;vc_col-lg-6 vc_col-md-6&#8243; css=&#8221;.vc_custom_1467974270400{padding-right: 2.3% !important;}&#8221;][vc_single_image image=&#8221;366&#8243; img_size=&#8221;full&#8221; onclick=&#8221;custom_link&#8221; qode_css_animation=&#8221;&#8221; link=&#8221;\/apartamento-rua-san-pedro\/&#8221;][vc_empty_space height=&#8221;21px&#8221;][vc_column_text]<\/p>\n<h4 style=\"text-align: center;\"><a href=\"\/en\/rua-de-san-pedro-apartament\">R\u00faa San Pedro Apartament<\/a><\/h4>\n<p>[\/vc_column_text][vc_empty_space height=&#8221;3px&#8221;][vc_column_text]<\/p>\n<p style=\"text-align: center;\">It is named after the street, a semi-pedestrian one that still allows you to drive right to the door. The fact that just by opening its door you can observe the pilgrims excitement while before reaching their finish line in the last stage of the French Way is beyond compare.<\/p>\n<p>[\/vc_column_text][vc_empty_space height=&#8221;21px&#8221;]<a  itemprop=\"url\" href=\"https:\/\/booking.redforts.com\/en\/oMgcKUTv\" target=\"_blank\" data-hover-background-color=#222222 data-hover-border-color=#222222 data-hover-color=#ffffff class=\"qbutton  large center default\" style=\"color: #ffffff; border-color: #677e09; font-style: normal; background-color: #677e09;\">Book Now<\/a>[vc_empty_space height=&#8221;10px&#8221;][\/vc_column_inner][\/vc_row_inner][\/vc_column][\/vc_row]<\/p>\n<p>[vc_row row_type=&#8221;parallax&#8221; header_style=&#8221;dark&#8221; parallax_content_width=&#8221;full_width&#8221; text_align=&#8221;center&#8221; full_screen_section_height=&#8221;no&#8221;][vc_column width=&#8221;1\/4&#8243;][\/vc_column][vc_column width=&#8221;1\/2&#8243;][vc_column_text]<\/p>\n<h3 style=\"text-align: center;\"><img decoding=\"async\" class=\"alignnone size-medium wp-image-1425\" src=\"https:\/\/apartamentosaureliantica.com\/wp-content\/uploads\/2019\/02\/apatartamenti-calidad800.png\" alt=\"\" width=\"600\" \/><\/h3>\n<p>[\/vc_column_text][vc_column_text]<\/p>\n<h5 style=\"text-align: center;\">The Aurelia Antica Apartments are the first tourist apartments in Santiago de Compostela with the SICTED Quality Certificate promoted by the General Secretary of Tourism of the spanish Government.<\/h5>\n<p>[\/vc_column_text][vc_empty_space height=&#8221;64px&#8221;][\/vc_column][vc_column width=&#8221;1\/4&#8243;][\/vc_column][\/vc_row][vc_row row_type=&#8221;parallax&#8221; header_style=&#8221;dark&#8221; parallax_content_width=&#8221;full_width&#8221; text_align=&#8221;center&#8221; background_image=&#8221;877&#8243; full_screen_section_height=&#8221;no&#8221; css=&#8221;.vc_custom_1616501433491{padding-top: 50px !important;}&#8221;][vc_column css=&#8221;.vc_custom_1616504130381{padding-top: 50px !important;}&#8221;][vc_empty_space height=&#8221;50px&#8221;][vc_column_text]<\/p>\n<h3 style=\"text-align: center; line-height: 1.3;\">If you book directly on our website, you will enjoy a complimentary and DELICIOUS BREAKFAST.<\/h3>\n<p>[\/vc_column_text][vc_empty_space][vc_column_text]<\/p>\n<h5 style=\"text-align: center;\">No extra cost for you. Breakfast included.<\/h5>\n<p>[\/vc_column_text][vc_empty_space]<a  itemprop=\"url\" href=\"https:\/\/booking.redforts.com\/en\/oMgcKUTv\" target=\"_blank\" data-hover-background-color=#222222 data-hover-border-color=#222222 data-hover-color=#ffffff class=\"qbutton  large center default\" style=\"color: #ffffff; border-color: #677e09; font-style: normal; background-color: #677e09;\">Book Now<\/a>[vc_empty_space height=&#8221;64px&#8221;][\/vc_column][\/vc_row][vc_row row_type=&#8221;row&#8221; use_row_as_full_screen_section=&#8221;no&#8221; type=&#8221;grid&#8221; angled_section=&#8221;no&#8221; text_align=&#8221;center&#8221; background_image_as_pattern=&#8221;without_pattern&#8221; css_animation=&#8221;&#8221;][vc_column][vc_empty_space height=&#8221;60px&#8221;][vc_column_text]<\/p>\n<h3 style=\"text-align: center;\">km 0 Products<\/h3>\n<p>[\/vc_column_text][vc_column_text el_class=&#8221;hide-pad&#8221; css=&#8221;.vc_custom_1616504296433{padding-top: 0px !important;padding-right: 15% !important;padding-bottom: 50px !important;padding-left: 15% !important;}&#8221;]<\/p>\n<h5 style=\"text-align: center;\">Committed breakfast<\/h5>\n<p style=\"text-align: center;\">When you stay with us, you will find in the apartments some products for your breakfast. Buying and consuming Km0 products is very important for us.<\/p>\n<p>[\/vc_column_text]<a  itemprop=\"url\" href=\"\/en\/information-of-interest\/\" target=\"_self\" data-hover-background-color=#222222 data-hover-border-color=#222222 data-hover-color=#ffffff class=\"qbutton  large center default\" style=\"color: #ffffff; border-color: #677e09; font-style: normal; background-color: #677e09;\"> See more information of interest<\/a>[vc_empty_space height=&#8221;60px&#8221;][\/vc_column][\/vc_row][vc_row row_type=&#8221;parallax&#8221; parallax_content_width=&#8221;in_grid&#8221; anchor=&#8221;news&#8221; text_align=&#8221;center&#8221; background_image=&#8221;1503&#8243; full_screen_section_height=&#8221;no&#8221;][vc_column css=&#8221;.vc_custom_1468419477434{padding-top: 9% !important;padding-bottom: 11.35% !important;}&#8221;][vc_column_text]<\/p>\n<h3 style=\"text-align: center; line-height: 1.3;\"><span style=\"color: #ffffff;\">COMPOSTELA: Unique words to enjoy unique experiences\u2026<\/span><\/h3>\n<p>[\/vc_column_text][vc_empty_space height=&#8221;11px&#8221;][vc_column_text]<\/p>\n<h5 style=\"text-align: center;\"><span style=\"color: #ffffff;\"><br \/>\nSANTIAGO: You will finally know what it feels like to be in seventh heaven!<br \/>\n<\/span><\/h5>\n<p>[\/vc_column_text][vc_empty_space height=&#8221;30px&#8221;][vc_row_inner row_type=&#8221;row&#8221; type=&#8221;full_width&#8221; text_align=&#8221;left&#8221; css_animation=&#8221;&#8221; el_id=&#8221;shadow&#8221;][vc_column_inner offset=&#8221;vc_col-lg-12 vc_col-md-12&#8243;]<div class='latest_post_two_holder three_columns'><ul><li class=\"clearfix\"><div class=\"latest_post_two_image\"><a itemprop=\"url\" href=\"https:\/\/apartamentosaureliantica.com\/en\/the-cathedral-of-santiago-compostela\/\"><\/a><\/div><div class=\"latest_post_two_inner\" style='background-color: #ffffff;'><div class=\"latest_post_two_text\"><h6 itemprop=\"name\" class=\"latest_post_two_title entry_title\"><a itemprop=\"url\" href=\"https:\/\/apartamentosaureliantica.com\/en\/the-cathedral-of-santiago-compostela\/\" style='color: #303030;'>The Cathedral of Santiago de Compostela<\/a><\/h6><div class=\"separator small left\" style='background-color: #ffffff;'><\/div><p itemprop=\"description\" class=\"latest_post_two_excerpt\" style='color: #222222;'>Excitement, nerves, enthusiasm\u2026 That is how I feel today! Please let me dedicate this first...<\/p><\/div><div class=\"latest_post_two_info\" ><div class=\"latest_post_two_info_inner\" style='color: #303030;'><div class=\"post_info_author\"><img alt='Author Image' src='https:\/\/secure.gravatar.com\/avatar\/df5a39a83834984c4f9c5a91aae10cd1?s=30&#038;d=mm&#038;r=g' srcset='https:\/\/secure.gravatar.com\/avatar\/df5a39a83834984c4f9c5a91aae10cd1?s=60&#038;d=mm&#038;r=g 2x' class='avatar avatar-30 photo' height='30' width='30' \/><span class=\"post_info_author_name\">Tina<\/span><\/div><div itemprop=\"dateCreated\" class=\"post_info_date entry_date updated\">05 February, 2017<meta itemprop=\"interactionCount\" content=\"UserComments: <?php echo get_comments_number(qode_get_page_id()); ?>\"\/><\/div><\/div><\/div><\/div><\/li><li class=\"clearfix\"><div class=\"latest_post_two_image\"><a itemprop=\"url\" href=\"https:\/\/apartamentosaureliantica.com\/en\/buildings-on-praza-do-obradoiro\/\"><\/a><\/div><div class=\"latest_post_two_inner\" style='background-color: #ffffff;'><div class=\"latest_post_two_text\"><h6 itemprop=\"name\" class=\"latest_post_two_title entry_title\"><a itemprop=\"url\" href=\"https:\/\/apartamentosaureliantica.com\/en\/buildings-on-praza-do-obradoiro\/\" style='color: #303030;'>Buildings on Praza do Obradoiro<\/a><\/h6><div class=\"separator small left\" style='background-color: #ffffff;'><\/div><p itemprop=\"description\" class=\"latest_post_two_excerpt\" style='color: #222222;'>&nbsp; Since we started talking about the Cathedral on our first entry, the buildings surrounding...<\/p><\/div><div class=\"latest_post_two_info\" ><div class=\"latest_post_two_info_inner\" style='color: #303030;'><div class=\"post_info_author\"><img alt='Author Image' src='https:\/\/secure.gravatar.com\/avatar\/df5a39a83834984c4f9c5a91aae10cd1?s=30&#038;d=mm&#038;r=g' srcset='https:\/\/secure.gravatar.com\/avatar\/df5a39a83834984c4f9c5a91aae10cd1?s=60&#038;d=mm&#038;r=g 2x' class='avatar avatar-30 photo' height='30' width='30' \/><span class=\"post_info_author_name\">Tina<\/span><\/div><div itemprop=\"dateCreated\" class=\"post_info_date entry_date updated\">06 February, 2017<meta itemprop=\"interactionCount\" content=\"UserComments: <?php echo get_comments_number(qode_get_page_id()); ?>\"\/><\/div><\/div><\/div><\/div><\/li><li class=\"clearfix\"><div class=\"latest_post_two_image\"><a itemprop=\"url\" href=\"https:\/\/apartamentosaureliantica.com\/en\/facades-and-squares-surrounding-the-cathedral\/\"><\/a><\/div><div class=\"latest_post_two_inner\" style='background-color: #ffffff;'><div class=\"latest_post_two_text\"><h6 itemprop=\"name\" class=\"latest_post_two_title entry_title\"><a itemprop=\"url\" href=\"https:\/\/apartamentosaureliantica.com\/en\/facades-and-squares-surrounding-the-cathedral\/\" style='color: #303030;'>Facades and squares surrounding the Cathedral<\/a><\/h6><div class=\"separator small left\" style='background-color: #ffffff;'><\/div><p itemprop=\"description\" class=\"latest_post_two_excerpt\" style='color: #222222;'>As soon as you get here, I welcome you and I always ask you if...<\/p><\/div><div class=\"latest_post_two_info\" ><div class=\"latest_post_two_info_inner\" style='color: #303030;'><div class=\"post_info_author\"><img alt='Author Image' src='https:\/\/secure.gravatar.com\/avatar\/df5a39a83834984c4f9c5a91aae10cd1?s=30&#038;d=mm&#038;r=g' srcset='https:\/\/secure.gravatar.com\/avatar\/df5a39a83834984c4f9c5a91aae10cd1?s=60&#038;d=mm&#038;r=g 2x' class='avatar avatar-30 photo' height='30' width='30' \/><span class=\"post_info_author_name\">Tina<\/span><\/div><div itemprop=\"dateCreated\" class=\"post_info_date entry_date updated\">08 February, 2017<meta itemprop=\"interactionCount\" content=\"UserComments: <?php echo get_comments_number(qode_get_page_id()); ?>\"\/><\/div><\/div><\/div><\/div><\/li><\/ul><\/div>[\/vc_column_inner][\/vc_row_inner][vc_empty_space height=&#8221;15px&#8221;]<a  itemprop=\"url\" href=\"\/en\/what-to-do\/\" target=\"_self\" data-hover-background-color=#222222 data-hover-border-color=#222222 data-hover-color=#ffffff class=\"qbutton  large center default\" style=\"color: #ffffff; border-color: #677e09; font-style: normal; background-color: #677e09;\">What to do<\/a>[\/vc_column][\/vc_row][vc_row row_type=&#8221;row&#8221; use_row_as_full_screen_section=&#8221;no&#8221; type=&#8221;grid&#8221; anchor=&#8221;story&#8221; angled_section=&#8221;no&#8221; text_align=&#8221;left&#8221; background_image_as_pattern=&#8221;without_pattern&#8221; css_animation=&#8221;&#8221; css=&#8221;.vc_custom_1484919751040{padding-top: 42px !important;}&#8221;][vc_column][vc_empty_space height=&#8221;1px&#8221;][vc_column_text]<\/p>\n<h3 style=\"text-align: center;\">Customised!<\/h3>\n<p>[\/vc_column_text][vc_empty_space height=&#8221;11px&#8221;][vc_column_text]<\/p>\n<h5 style=\"text-align: center;\">Additional services are available upon request.<\/h5>\n<h5 style=\"text-align: center;\">Please email me and I will give you more information.<\/h5>\n<p style=\"text-align: center;\">(At least 72 hours upon arrival)<\/p>\n<p>[\/vc_column_text][\/vc_column][\/vc_row][vc_row row_type=&#8221;row&#8221; use_row_as_full_screen_section=&#8221;no&#8221; type=&#8221;grid&#8221; angled_section=&#8221;no&#8221; text_align=&#8221;left&#8221; background_image_as_pattern=&#8221;without_pattern&#8221; css_animation=&#8221;&#8221; css=&#8221;.vc_custom_1468319224579{padding-top: 59px !important;padding-bottom: 110px !important;}&#8221;][vc_column width=&#8221;1\/2&#8243; offset=&#8221;vc_col-lg-3 vc_col-md-3&#8243;][vc_single_image image=&#8221;550&#8243; img_size=&#8221;full&#8221; qode_css_animation=&#8221;&#8221;][vc_empty_space height=&#8221;36px&#8221;][vc_column_text]<\/p>\n<h6 style=\"text-align: center;\">In our house<\/h6>\n<p>[\/vc_column_text][vc_empty_space height=&#8221;18px&#8221;][vc_column_text]<\/p>\n<p style=\"text-align: center;\">A private gourmet dinner?<br \/>\nWe can organize it<br \/>\nin the R\u00faa do Medio Aptm.<\/p>\n<p>[\/vc_column_text][vc_empty_space height=&#8221;40px&#8221;][\/vc_column][vc_column width=&#8221;1\/2&#8243; offset=&#8221;vc_col-lg-3 vc_col-md-3&#8243;][vc_single_image image=&#8221;375&#8243; img_size=&#8221;full&#8221; qode_css_animation=&#8221;&#8221;][vc_empty_space height=&#8221;36px&#8221;][vc_column_text]<\/p>\n<h6 style=\"text-align: center;\">The best guide<\/h6>\n<p>[\/vc_column_text][vc_empty_space height=&#8221;18px&#8221;][vc_column_text]<\/p>\n<p style=\"text-align: center;\">A tour around the city?<br \/>\nA private shuttler?<br \/>\nBooking the \u201cBotafumeiro\u201d?<\/p>\n<p>[\/vc_column_text][vc_empty_space height=&#8221;40px&#8221;][\/vc_column][vc_column width=&#8221;1\/2&#8243; offset=&#8221;vc_col-lg-3 vc_col-md-3&#8243;][vc_single_image image=&#8221;376&#8243; img_size=&#8221;full&#8221; qode_css_animation=&#8221;&#8221;][vc_empty_space height=&#8221;36px&#8221;][vc_column_text]<\/p>\n<h6 style=\"text-align: center;\">Relaxing at the end of the Way?<\/h6>\n<p>[\/vc_column_text][vc_empty_space height=&#8221;18px&#8221;][vc_column_text]<\/p>\n<p style=\"text-align: center;\">Booking a spa day?<br \/>\nLooking for health resort?<br \/>\nA massage?<\/p>\n<p>[\/vc_column_text][vc_empty_space height=&#8221;40px&#8221;][\/vc_column][vc_column width=&#8221;1\/2&#8243; offset=&#8221;vc_col-lg-3 vc_col-md-3&#8243;][vc_single_image image=&#8221;553&#8243; img_size=&#8221;full&#8221; qode_css_animation=&#8221;&#8221;][vc_empty_space height=&#8221;36px&#8221;][vc_column_text]<\/p>\n<h6 style=\"text-align: center;\">Looking a trustworthy service? Craving something sweet?<\/h6>\n<p>[\/vc_column_text][vc_empty_space height=&#8221;18px&#8221;][vc_column_text]<\/p>\n<p style=\"text-align: center;\">Do you need a babysitter?<br \/>\nDo you need someone to do the shopping for you?<br \/>\nA birthday cake?<\/p>\n<p>[\/vc_column_text][vc_empty_space height=&#8221;40px&#8221;][\/vc_column][\/vc_row][vc_row row_type=&#8221;row&#8221; use_row_as_full_screen_section=&#8221;no&#8221; type=&#8221;full_width&#8221; header_style=&#8221;dark&#8221; angled_section=&#8221;no&#8221; text_align=&#8221;center&#8221; background_image_as_pattern=&#8221;without_pattern&#8221; css_animation=&#8221;&#8221; css=&#8221;.vc_custom_1616574170985{background-color: #677e09 !important;background-position: center !important;background-repeat: no-repeat !important;background-size: cover !important;}&#8221;][vc_column css=&#8221;.vc_custom_1616504522535{padding-top: 50px !important;}&#8221;][vc_empty_space height=&#8221;50px&#8221;][vc_column_text el_class=&#8221;hide-pad&#8221; css=&#8221;.vc_custom_1616505015591{padding-right: 10% !important;padding-left: 10% !important;}&#8221;]<\/p>\n<h3 class=\"title-m\" style=\"text-align: center; line-height: 1.3; color: white;\">Aurelia Ant\u00edca is an establishment committed to the environment, eco-efficiency and good practices<\/h3>\n<p>[\/vc_column_text][vc_empty_space]<a  itemprop=\"url\" href=\"\/en\/information-of-interest\/\" target=\"_self\" data-hover-background-color=#222222 data-hover-border-color=#222222 data-hover-color=#ffffff class=\"qbutton  large center default\" style=\"color: #677e09; border-color: #677e09; font-style: normal; font-weight: 600; background-color: #ffffff;\">See more information of interest<\/a>[vc_empty_space height=&#8221;64px&#8221;][\/vc_column][\/vc_row][vc_row row_type=&#8221;row&#8221; use_row_as_full_screen_section=&#8221;no&#8221; type=&#8221;full_width&#8221; anchor=&#8221;locations&#8221; angled_section=&#8221;no&#8221; text_align=&#8221;left&#8221; background_image_as_pattern=&#8221;without_pattern&#8221; css_animation=&#8221;&#8221;][vc_column]<div class='google_map_shortcode_holder' style='height:600px;'><div class='qode_google_map' style='height:600px;' id='map_canvas_38861' data-addresses='[\"R\u00faa de San Pedro, 13, 15703 Santiago de Compostela, A Coru\u00f1a, Espa\u00f1a\"]' data-custom-map-style='true' data-color-overlay='#393939' data-saturation='-100' data-lightness='10' data-zoom='16' data-pin='https:\/\/apartamentosaureliantica.com\/wp-content\/uploads\/2016\/07\/icono-ok-1.png' data-unique-id='38861' data-google-maps-scroll-wheel='false' data-map-height='600'><\/div><div class='google_map_shortcode_overlay'><\/div><\/div>[\/vc_column][\/vc_row][vc_row row_type=&#8221;row&#8221; use_row_as_full_screen_section=&#8221;no&#8221; type=&#8221;grid&#8221; angled_section=&#8221;no&#8221; text_align=&#8221;center&#8221; background_image_as_pattern=&#8221;without_pattern&#8221; css_animation=&#8221;&#8221;][vc_column][vc_empty_space][vc_column_text]<\/p>\n<h4 style=\"text-align: center;\">Come and visit<\/h4>\n<p>[\/vc_column_text][vc_empty_space]<a  itemprop=\"url\" href=\"https:\/\/booking.redforts.com\/en\/oMgcKUTv\" target=\"_blank\" data-hover-background-color=#222222 data-hover-border-color=#222222 data-hover-color=#ffffff class=\"qbutton  large center default\" style=\"color: #ffffff; border-color: #677e09; font-style: normal; background-color: #677e09;\">Book Now<\/a>[\/vc_column][\/vc_row][vc_row row_type=&#8221;row&#8221; use_row_as_full_screen_section=&#8221;no&#8221; type=&#8221;full_width&#8221; angled_section=&#8221;no&#8221; text_align=&#8221;left&#8221; background_image_as_pattern=&#8221;without_pattern&#8221; css_animation=&#8221;&#8221;][vc_column][vc_empty_space height=&#8221;64px&#8221;][\/vc_column][\/vc_row]<\/p>\n","protected":false},"excerpt":{"rendered":"<p>[vc_row row_type=&#8221;row&#8221; use_row_as_full_screen_section=&#8221;no&#8221; type=&#8221;full_width&#8221; angled_section=&#8221;no&#8221; text_align=&#8221;left&#8221; background_image_as_pattern=&#8221;without_pattern&#8221; css_animation=&#8221;&#8221;][vc_column][layerslider_vc id=&#8221;6&#8243;][\/vc_column][\/vc_row][vc_row row_type=&#8221;row&#8221; use_row_as_full_screen_section=&#8221;no&#8221; type=&#8221;grid&#8221; header_style=&#8221;dark&#8221; angled_section=&#8221;no&#8221; text_align=&#8221;center&#8221;&#8230;<\/p>\n","protected":false},"author":1,"featured_media":0,"parent":0,"menu_order":0,"comment_status":"closed","ping_status":"closed","template":"full_width.php","meta":{"footnotes":""},"_links":{"self":[{"href":"https:\/\/apartamentosaureliantica.com\/en\/wp-json\/wp\/v2\/pages\/1145"}],"collection":[{"href":"https:\/\/apartamentosaureliantica.com\/en\/wp-json\/wp\/v2\/pages"}],"about":[{"href":"https:\/\/apartamentosaureliantica.com\/en\/wp-json\/wp\/v2\/types\/page"}],"author":[{"embeddable":true,"href":"https:\/\/apartamentosaureliantica.com\/en\/wp-json\/wp\/v2\/users\/1"}],"replies":[{"embeddable":true,"href":"https:\/\/apartamentosaureliantica.com\/en\/wp-json\/wp\/v2\/comments?post=1145"}],"version-history":[{"count":40,"href":"https:\/\/apartamentosaureliantica.com\/en\/wp-json\/wp\/v2\/pages\/1145\/revisions"}],"predecessor-version":[{"id":1851,"href":"https:\/\/apartamentosaureliantica.com\/en\/wp-json\/wp\/v2\/pages\/1145\/revisions\/1851"}],"wp:attachment":[{"href":"https:\/\/apartamentosaureliantica.com\/en\/wp-json\/wp\/v2\/media?parent=1145"}],"curies":[{"name":"wp","href":"https:\/\/api.w.org\/{rel}","templated":true}]}}