{"id":1155,"date":"2017-02-03T14:27:31","date_gmt":"2017-02-03T14:27:31","guid":{"rendered":"https:\/\/apartamentosaureliantica.com\/apartamento-rua-san-pedro\/"},"modified":"2021-03-24T11:10:57","modified_gmt":"2021-03-24T11:10:57","slug":"rua-san-pedro-apartament","status":"publish","type":"page","link":"https:\/\/apartamentosaureliantica.com\/en\/rua-san-pedro-apartament\/","title":{"rendered":"R\u00faa San Pedro Apartament"},"content":{"rendered":"<p>[vc_row row_type=&#8221;row&#8221; use_row_as_full_screen_section=&#8221;no&#8221; type=&#8221;grid&#8221; anchor=&#8221;about&#8221; angled_section=&#8221;no&#8221; text_align=&#8221;left&#8221; background_image_as_pattern=&#8221;without_pattern&#8221; css_animation=&#8221;&#8221; css=&#8221;.vc_custom_1486130806874{padding-top: 50px !important;padding-bottom: 50px !important;}&#8221;][vc_column][vc_empty_space height=&#8221;26px&#8221;][vc_column_text]<\/p>\n<h3 style=\"text-align: center;\">R\u00faa San Pedro Apartament<\/h3>\n<p>[\/vc_column_text][vc_empty_space height=&#8221;11px&#8221;][vc_row_inner row_type=&#8221;row&#8221; type=&#8221;grid&#8221; text_align=&#8221;left&#8221; css_animation=&#8221;&#8221; css=&#8221;.vc_custom_1468314665382{padding-top: 68px !important;}&#8221;][vc_column_inner offset=&#8221;vc_col-lg-6 vc_col-md-6&#8243; css=&#8221;.vc_custom_1467974263073{padding-right: 2.3% !important;}&#8221;][vc_column_text el_class=&#8221;justificar&#8221;]It is located on <strong style=\"color: #677e09;\">the ground floor<\/strong> of the house.<\/p>\n<p>The apartment <strong style=\"color: #677e09;\">is 62 square meters<\/strong>; there is a <strong style=\"color: #677e09;\">living room with a sofa bed and an open concept kitchen, a double room and a bathroom.<\/strong><br \/>\nIt is equipped with a <strong style=\"color: #677e09;\">flat screen TV<\/strong>, central heating, shower, hairdryer, <strong style=\"color: #677e09;\">microwave, fridge<\/strong> and a wide range of small kitchen appliances. Bedroom, <strong style=\"color: #677e09;\">bath and table linen as well as kitchen utensils are also available at the guests convenience.<\/strong><\/p>\n<p>It has a warm and welcoming interior design, while mixing modern and traditional elements. It respects the traditional thickness of walls as well as the original design of the main entrance door, matching the ones in the neighbourhood where it is located. <strong style=\"color: #677e09;\">Its dutch door makes all guests fall in love with the place.<\/strong><\/p>\n<p>It is located at 13 R\u00faa San Pedro.[\/vc_column_text][vc_empty_space][\/vc_column_inner][vc_column_inner offset=&#8221;vc_col-lg-6 vc_col-md-6&#8243; css=&#8221;.vc_custom_1467974270400{padding-right: 2.3% !important;}&#8221;][vc_single_image image=&#8221;891&#8243; img_size=&#8221;full&#8221; qode_css_animation=&#8221;&#8221;][vc_column_text][\/vc_column_text][vc_empty_space][\/vc_column_inner][\/vc_row_inner][\/vc_column][\/vc_row][vc_row row_type=&#8221;row&#8221; use_row_as_full_screen_section=&#8221;no&#8221; type=&#8221;grid&#8221; angled_section=&#8221;no&#8221; text_align=&#8221;center&#8221; background_image_as_pattern=&#8221;without_pattern&#8221; css_animation=&#8221;&#8221;][vc_column]<a  itemprop=\"url\" href=\"https:\/\/booking.redforts.com\/en\/oMgcKUTv\" target=\"_blank\" data-hover-background-color=#222222 data-hover-border-color=#222222 data-hover-color=#ffffff class=\"qbutton  large center default\" style=\"color: #ffffff; border-color: #677e09; font-style: normal; background-color: #677e09;\">Book Now<\/a>[vc_empty_space height=&#8221;40px&#8221;][\/vc_column][\/vc_row][vc_row row_type=&#8221;row&#8221; use_row_as_full_screen_section=&#8221;no&#8221; type=&#8221;full_width&#8221; angled_section=&#8221;no&#8221; text_align=&#8221;left&#8221; background_image_as_pattern=&#8221;without_pattern&#8221; css_animation=&#8221;&#8221; css=&#8221;.vc_custom_1484914867986{padding-top: 30px !important;padding-bottom: 30px !important;}&#8221;][vc_column][vc_gallery type=&#8221;image_grid&#8221; images=&#8221;912,911,915,903,894,893,898,895,901,899,905,910,909,1749,902,907,1747,1745,917,918,919&#8243; img_size=&#8221;full&#8221; onclick=&#8221;&#8221; column_number=&#8221;3&#8243; grayscale=&#8221;yes&#8221; images_space=&#8221;gallery_with_space&#8221;][\/vc_column][\/vc_row][vc_row row_type=&#8221;parallax&#8221; header_style=&#8221;dark&#8221; parallax_content_width=&#8221;full_width&#8221; text_align=&#8221;center&#8221; background_image=&#8221;877&#8243; full_screen_section_height=&#8221;no&#8221;][vc_column][vc_empty_space][vc_column_text]<\/p>\n<h3 style=\"text-align: center;\">If you book directly on our website, you will enjoy a complimentary and DELICIOUS BREAKFAST<\/h3>\n<p>[\/vc_column_text][vc_empty_space el_class=&#8221; &#8220;][vc_column_text]<\/p>\n<h5 style=\"text-align: center;\">No extra cost for you. Breakfast included.<\/h5>\n<p>[\/vc_column_text][vc_empty_space]<a  itemprop=\"url\" href=\"https:\/\/booking.redforts.com\/en\/oMgcKUTv\" target=\"_blank\" data-hover-background-color=#222222 data-hover-border-color=#222222 data-hover-color=#ffffff class=\"qbutton  large center default\" style=\"color: #ffffff; border-color: #677e09; font-style: normal; background-color: #677e09;\">Book Now<\/a>[vc_empty_space height=&#8221;64px&#8221;][\/vc_column][\/vc_row][vc_row row_type=&#8221;row&#8221; use_row_as_full_screen_section=&#8221;no&#8221; type=&#8221;grid&#8221; anchor=&#8221;story&#8221; angled_section=&#8221;no&#8221; text_align=&#8221;left&#8221; background_image_as_pattern=&#8221;without_pattern&#8221; css_animation=&#8221;&#8221; css=&#8221;.vc_custom_1486130905186{padding-top: 47px !important;}&#8221;][vc_column][vc_column_text]<\/p>\n<h3 style=\"text-align: center;\">Customised!<\/h3>\n<p>[\/vc_column_text][vc_empty_space height=&#8221;11px&#8221;][vc_column_text]<\/p>\n<h5 style=\"text-align: center;\">Additional services are available upon request.<\/h5>\n<h5 style=\"text-align: center;\">Please email me and I will give you more information.<\/h5>\n<p style=\"text-align: center;\">(At least 72 hours upon arrival)<\/p>\n<p>[\/vc_column_text][\/vc_column][\/vc_row][vc_row row_type=&#8221;row&#8221; use_row_as_full_screen_section=&#8221;no&#8221; type=&#8221;grid&#8221; angled_section=&#8221;no&#8221; text_align=&#8221;left&#8221; background_image_as_pattern=&#8221;without_pattern&#8221; css_animation=&#8221;&#8221; css=&#8221;.vc_custom_1486130917392{padding-top: 59px !important;padding-bottom: 59px !important;}&#8221;][vc_column width=&#8221;1\/2&#8243; offset=&#8221;vc_col-lg-3 vc_col-md-3&#8243;][vc_single_image image=&#8221;550&#8243; img_size=&#8221;full&#8221; qode_css_animation=&#8221;&#8221;][vc_empty_space height=&#8221;36px&#8221;][vc_column_text]<\/p>\n<h6 style=\"text-align: center;\">In our house<\/h6>\n<p>[\/vc_column_text][vc_empty_space height=&#8221;18px&#8221;][vc_column_text]<\/p>\n<p style=\"text-align: center;\">A private gourmet dinner?<br \/>\nWe can organize it<br \/>\nin the R\u00faa do Medio Aptm.<\/p>\n<p>[\/vc_column_text][\/vc_column][vc_column width=&#8221;1\/2&#8243; offset=&#8221;vc_col-lg-3 vc_col-md-3&#8243;][vc_single_image image=&#8221;375&#8243; img_size=&#8221;full&#8221; qode_css_animation=&#8221;&#8221;][vc_empty_space height=&#8221;36px&#8221;][vc_column_text]<\/p>\n<h6 style=\"text-align: center;\">The best guide<\/h6>\n<p>[\/vc_column_text][vc_empty_space height=&#8221;18px&#8221;][vc_column_text]<\/p>\n<p style=\"text-align: center;\">A tour around the city?<br \/>\nA private shuttler?<br \/>\nBooking the \u201cBotafumeiro\u201d?<\/p>\n<p>[\/vc_column_text][\/vc_column][vc_column width=&#8221;1\/2&#8243; offset=&#8221;vc_col-lg-3 vc_col-md-3&#8243;][vc_single_image image=&#8221;376&#8243; img_size=&#8221;full&#8221; qode_css_animation=&#8221;&#8221;][vc_empty_space height=&#8221;36px&#8221;][vc_column_text]<\/p>\n<h6 style=\"text-align: center;\">Relaxing at the end of the Way?<\/h6>\n<p>[\/vc_column_text][vc_empty_space height=&#8221;18px&#8221;][vc_column_text]<\/p>\n<p style=\"text-align: center;\">Booking a spa day?<br \/>\nLooking for health resort?<br \/>\nA massage?<\/p>\n<p>[\/vc_column_text][\/vc_column][vc_column width=&#8221;1\/2&#8243; offset=&#8221;vc_col-lg-3 vc_col-md-3&#8243;][vc_single_image image=&#8221;553&#8243; img_size=&#8221;full&#8221; qode_css_animation=&#8221;&#8221;][vc_empty_space height=&#8221;36px&#8221;][vc_column_text]<\/p>\n<h6 style=\"text-align: center;\">Looking a trustworthy service? Craving something sweet?<\/h6>\n<p>[\/vc_column_text][vc_empty_space height=&#8221;18px&#8221;][vc_column_text]<\/p>\n<p style=\"text-align: center;\">Do you need a babysitter?<br \/>\nDo you need someone to do the shopping for you?<br \/>\nA birthday cake?<\/p>\n<p>[\/vc_column_text][\/vc_column][\/vc_row][vc_row row_type=&#8221;row&#8221; use_row_as_full_screen_section=&#8221;no&#8221; type=&#8221;grid&#8221; angled_section=&#8221;no&#8221; text_align=&#8221;center&#8221; background_image_as_pattern=&#8221;without_pattern&#8221; background_color=&#8221;#ffffff&#8221; css_animation=&#8221;&#8221; css=&#8221;.vc_custom_1488543317356{background-color: #ffffff !important;}&#8221;][vc_column][vc_empty_space][vc_column_text]<\/p>\n<h4 style=\"text-align: center;\">Come and visit<\/h4>\n<p>[\/vc_column_text][vc_empty_space]<a  itemprop=\"url\" href=\"https:\/\/booking.redforts.com\/en\/oMgcKUTv\" target=\"_blank\" data-hover-background-color=#222222 data-hover-border-color=#222222 data-hover-color=#ffffff class=\"qbutton  large center default\" style=\"color: #ffffff; border-color: #677e09; font-style: normal; background-color: #677e09;\">Book Now<\/a>[vc_empty_space][\/vc_column][\/vc_row][vc_row row_type=&#8221;row&#8221; use_row_as_full_screen_section=&#8221;no&#8221; type=&#8221;full_width&#8221; anchor=&#8221;locations&#8221; angled_section=&#8221;no&#8221; text_align=&#8221;left&#8221; background_image_as_pattern=&#8221;without_pattern&#8221; css_animation=&#8221;&#8221;][vc_column]<div class='google_map_shortcode_holder' style='height:600px;'><div class='qode_google_map' style='height:600px;' id='map_canvas_37849' data-addresses='[\"R\u00faa de San Pedro, 13, 15703 Santiago de Compostela, A Coru\u00f1a, Espa\u00f1a\"]' data-custom-map-style='true' data-color-overlay='#393939' data-saturation='-100' data-lightness='10' data-zoom='16' data-pin='https:\/\/apartamentosaureliantica.com\/wp-content\/uploads\/2016\/07\/icono-ok-1.png' data-unique-id='37849' data-google-maps-scroll-wheel='false' data-map-height='600'><\/div><div class='google_map_shortcode_overlay'><\/div><\/div>[\/vc_column][\/vc_row][vc_row row_type=&#8221;row&#8221; use_row_as_full_screen_section=&#8221;no&#8221; type=&#8221;full_width&#8221; angled_section=&#8221;no&#8221; text_align=&#8221;left&#8221; background_image_as_pattern=&#8221;without_pattern&#8221; css_animation=&#8221;&#8221;][vc_column][\/vc_column][\/vc_row]<\/p>\n","protected":false},"excerpt":{"rendered":"<p>[vc_row row_type=&#8221;row&#8221; use_row_as_full_screen_section=&#8221;no&#8221; type=&#8221;grid&#8221; anchor=&#8221;about&#8221; angled_section=&#8221;no&#8221; text_align=&#8221;left&#8221; background_image_as_pattern=&#8221;without_pattern&#8221; css_animation=&#8221;&#8221; css=&#8221;.vc_custom_1486130806874{padding-top: 50px !important;padding-bottom: 50px !important;}&#8221;][vc_column][vc_empty_space height=&#8221;26px&#8221;][vc_column_text]&#8230;<\/p>\n","protected":false},"author":1,"featured_media":0,"parent":0,"menu_order":0,"comment_status":"closed","ping_status":"closed","template":"full_width.php","meta":{"footnotes":""},"_links":{"self":[{"href":"https:\/\/apartamentosaureliantica.com\/en\/wp-json\/wp\/v2\/pages\/1155"}],"collection":[{"href":"https:\/\/apartamentosaureliantica.com\/en\/wp-json\/wp\/v2\/pages"}],"about":[{"href":"https:\/\/apartamentosaureliantica.com\/en\/wp-json\/wp\/v2\/types\/page"}],"author":[{"embeddable":true,"href":"https:\/\/apartamentosaureliantica.com\/en\/wp-json\/wp\/v2\/users\/1"}],"replies":[{"embeddable":true,"href":"https:\/\/apartamentosaureliantica.com\/en\/wp-json\/wp\/v2\/comments?post=1155"}],"version-history":[{"count":4,"href":"https:\/\/apartamentosaureliantica.com\/en\/wp-json\/wp\/v2\/pages\/1155\/revisions"}],"predecessor-version":[{"id":1754,"href":"https:\/\/apartamentosaureliantica.com\/en\/wp-json\/wp\/v2\/pages\/1155\/revisions\/1754"}],"wp:attachment":[{"href":"https:\/\/apartamentosaureliantica.com\/en\/wp-json\/wp\/v2\/media?parent=1155"}],"curies":[{"name":"wp","href":"https:\/\/api.w.org\/{rel}","templated":true}]}}