{"id":1169,"date":"2017-04-19T16:37:10","date_gmt":"2017-04-19T16:37:10","guid":{"rendered":"https:\/\/apartamentosaureliantica.com\/?page_id=1169\/"},"modified":"2021-02-10T12:02:48","modified_gmt":"2021-02-10T12:02:48","slug":"contact","status":"publish","type":"page","link":"https:\/\/apartamentosaureliantica.com\/en\/contact\/","title":{"rendered":"Contact"},"content":{"rendered":"<p>[vc_row row_type=&#8221;row&#8221; use_row_as_full_screen_section=&#8221;no&#8221; type=&#8221;full_width&#8221; angled_section=&#8221;no&#8221; text_align=&#8221;left&#8221; background_image_as_pattern=&#8221;without_pattern&#8221; css_animation=&#8221;&#8221;][vc_column][vc_empty_space height=&#8221;26px&#8221;][vc_column_text]<\/p>\n<h3 style=\"text-align: center;\">Contact<\/h3>\n<p>[\/vc_column_text][vc_empty_space height=&#8221;11px&#8221;][\/vc_column][\/vc_row][vc_row row_type=&#8221;row&#8221; use_row_as_full_screen_section=&#8221;yes&#8221; type=&#8221;grid&#8221; angled_section=&#8221;no&#8221; text_align=&#8221;center&#8221; background_image_as_pattern=&#8221;without_pattern&#8221; css_animation=&#8221;&#8221; css=&#8221;.vc_custom_1485267478909{padding-top: 32px !important;}&#8221;][vc_column width=&#8221;1\/2&#8243;]\n<div class=\"wpcf7 no-js\" id=\"wpcf7-f1229-o1\" lang=\"es-ES\" dir=\"ltr\">\n<div class=\"screen-reader-response\"><p role=\"status\" aria-live=\"polite\" aria-atomic=\"true\"><\/p> <ul><\/ul><\/div>\n<form action=\"\/en\/wp-json\/wp\/v2\/pages\/1169#wpcf7-f1229-o1\" method=\"post\" class=\"wpcf7-form init default\" aria-label=\"Formulario de contacto\" novalidate=\"novalidate\" data-status=\"init\">\n<div style=\"display: none;\">\n<input type=\"hidden\" name=\"_wpcf7\" value=\"1229\" \/>\n<input type=\"hidden\" name=\"_wpcf7_version\" value=\"5.8.7\" \/>\n<input type=\"hidden\" name=\"_wpcf7_locale\" value=\"es_ES\" \/>\n<input type=\"hidden\" name=\"_wpcf7_unit_tag\" value=\"wpcf7-f1229-o1\" \/>\n<input type=\"hidden\" name=\"_wpcf7_container_post\" value=\"0\" \/>\n<input type=\"hidden\" name=\"_wpcf7_posted_data_hash\" value=\"\" \/>\n<input type=\"hidden\" name=\"_wpcf7_recaptcha_response\" value=\"\" \/>\n<\/div>\n<p>Name (required)\n<\/p>\n<p><span class=\"wpcf7-form-control-wrap\" data-name=\"your-name\"><input size=\"40\" class=\"wpcf7-form-control wpcf7-text wpcf7-validates-as-required\" aria-required=\"true\" aria-invalid=\"false\" value=\"\" type=\"text\" name=\"your-name\" \/><\/span>\n<\/p>\n<p>Email(required)\n<\/p>\n<p><span class=\"wpcf7-form-control-wrap\" data-name=\"your-email\"><input size=\"40\" class=\"wpcf7-form-control wpcf7-email wpcf7-validates-as-required wpcf7-text wpcf7-validates-as-email\" aria-required=\"true\" aria-invalid=\"false\" value=\"\" type=\"email\" name=\"your-email\" \/><\/span>\n<\/p>\n<p>Subject\n<\/p>\n<p><span class=\"wpcf7-form-control-wrap\" data-name=\"your-subject\"><input size=\"40\" class=\"wpcf7-form-control wpcf7-text\" aria-invalid=\"false\" value=\"\" type=\"text\" name=\"your-subject\" \/><\/span>\n<\/p>\n<p>Message\n<\/p>\n<p><span class=\"wpcf7-form-control-wrap\" data-name=\"your-message\"><textarea cols=\"40\" rows=\"10\" class=\"wpcf7-form-control wpcf7-textarea\" aria-invalid=\"false\" name=\"your-message\"><\/textarea><\/span>\n<\/p>\n<p>\n\n<\/p>\n<p><input class=\"wpcf7-form-control wpcf7-submit has-spinner\" type=\"submit\" value=\"Send\" \/>\n<\/p><div class=\"wpcf7-response-output\" aria-hidden=\"true\"><\/div>\n<\/form>\n<\/div>\n[\/vc_column][vc_column width=&#8221;1\/2&#8243;][vc_column_text]<\/p>\n<h5 style=\"text-align: center;\">Data:<\/h5>\n<p style=\"text-align: center;\">Phone. +34 667 766 695<\/p>\n<p style=\"text-align: center;\">info@apartamentosaureliantica.com<\/p>\n<p>[\/vc_column_text][vc_empty_space]<span data-type=\"normal\" data-hover-icon-color=\"#222222\" class=\"qode_icon_shortcode  q_font_awsome_icon fa-lg  \" style=\"margin: 5px; \"><a  itemprop=\"url\" href=\"https:\/\/www.facebook.com\/apartamentosaureliantica\" target=\"_blank\"><span aria-hidden=\"true\" class=\"qode_icon_font_elegant social_facebook qode_icon_element\" style=\"color: #677e09;\" ><\/span><\/a><\/span><span data-type=\"normal\" data-hover-icon-color=\"#222222\" class=\"qode_icon_shortcode  q_font_awsome_icon fa-lg  \" style=\"margin: 5px; \"><a  itemprop=\"url\" href=\"https:\/\/twitter.com\/AureliaAntica\" target=\"_blank\"><span aria-hidden=\"true\" class=\"qode_icon_font_elegant social_twitter qode_icon_element\" style=\"color: #677e09;\" ><\/span><\/a><\/span><span data-type=\"normal\" data-hover-icon-color=\"#222222\" class=\"qode_icon_shortcode  q_font_awsome_icon fa-lg  \" style=\"margin: 5px; \"><a  itemprop=\"url\" href=\"https:\/\/www.instagram.com\/aureliantica\/\" target=\"_blank\"><span aria-hidden=\"true\" class=\"qode_icon_font_elegant social_instagram qode_icon_element\" style=\"color: #677e09;\" ><\/span><\/a><\/span>[vc_empty_space][vc_column_text]<\/p>\n<h4 style=\"text-align: center;\">GPS Coordinates<\/h4>\n<p style=\"text-align: center;\">42\u00ba 52\u2019 54\u201d , 8\u00ba 32\u2019 21\u201d<\/p>\n<p>[\/vc_column_text][vc_empty_space][vc_column_text]<\/p>\n<h4 style=\"text-align: center;\">Distances to Monuments :<\/h4>\n<h6 style=\"text-align: center;\">To the Cathedral of Santiago 500 mts<\/h6>\n<p style=\"text-align: center;\">Museum of the Galician People 125 mts<\/p>\n<p style=\"text-align: center;\">Museum of Contemporary Art 150 mts<\/p>\n<p style=\"text-align: center;\">Park Sto. Domingo de Bonaval 100 mts<\/p>\n<p style=\"text-align: center;\">Plaza de Abastos 250 mts<\/p>\n<p>[\/vc_column_text][\/vc_column][\/vc_row][vc_row row_type=&#8221;row&#8221; use_row_as_full_screen_section=&#8221;no&#8221; type=&#8221;full_width&#8221; angled_section=&#8221;no&#8221; text_align=&#8221;left&#8221; background_image_as_pattern=&#8221;without_pattern&#8221; css_animation=&#8221;&#8221;][vc_column][vc_empty_space][vc_column_text]<\/p>\n<h3 style=\"text-align: center;\">Map<\/h3>\n<p>[\/vc_column_text][vc_empty_space][\/vc_column][\/vc_row][vc_row row_type=&#8221;row&#8221; use_row_as_full_screen_section=&#8221;no&#8221; type=&#8221;grid&#8221; angled_section=&#8221;no&#8221; text_align=&#8221;left&#8221; background_image_as_pattern=&#8221;without_pattern&#8221; css_animation=&#8221;&#8221;][vc_column]<div class='google_map_shortcode_holder' style='height:600px;'><div class='qode_google_map' style='height:600px;' id='map_canvas_80952' data-addresses='[\"R\u00faa de San Pedro, 13, 15703 Santiago de Compostela, A Coru\u00f1a, Espa\u00f1a\"]' data-custom-map-style='true' data-color-overlay='#393939' data-saturation='-100' data-lightness='10' data-zoom='16' data-pin='https:\/\/apartamentosaureliantica.com\/wp-content\/uploads\/2016\/07\/icono-ok-1.png' data-unique-id='80952' data-google-maps-scroll-wheel='false' data-map-height='600'><\/div><div class='google_map_shortcode_overlay'><\/div><\/div>[\/vc_column][\/vc_row][vc_row row_type=&#8221;row&#8221; use_row_as_full_screen_section=&#8221;no&#8221; type=&#8221;full_width&#8221; angled_section=&#8221;no&#8221; text_align=&#8221;left&#8221; background_image_as_pattern=&#8221;without_pattern&#8221; css_animation=&#8221;&#8221;][vc_column][vc_empty_space][vc_column_text]<\/p>\n<h3 style=\"text-align: center;\">How to get<\/h3>\n<h5 style=\"text-align: center;\">From Lavacolla Airport<\/h5>\n<p>[\/vc_column_text][vc_empty_space][\/vc_column][\/vc_row][vc_row row_type=&#8221;row&#8221; use_row_as_full_screen_section=&#8221;no&#8221; type=&#8221;grid&#8221; angled_section=&#8221;no&#8221; text_align=&#8221;left&#8221; background_image_as_pattern=&#8221;without_pattern&#8221; css_animation=&#8221;&#8221;][vc_column width=&#8221;1\/4&#8243;][vc_column_text]<strong>In Car<\/strong><br \/>\nN-550 direction City Center<br \/>\nAvenida do Cruceiro da Coru\u00f1a<br \/>\nN 634 direction City center<br \/>\nR\u00faa dos Basqui\u00f1os<br \/>\nR\u00faa de San Roque by the AC 261<br \/>\nR\u00faa San Pedro[\/vc_column_text][\/vc_column][vc_column width=&#8221;1\/4&#8243;][vc_column_text]<strong>By bus<\/strong><br \/>\nCompany Fregues Autobuses (schedules available on their <a href=\"http:\/\/www.empresafreire.com\/html\/ingles\/seccion0.php\" target=\"_blank\" rel=\"noopener noreferrer\">website<\/a>)<\/p>\n<p>[\/vc_column_text][\/vc_column][vc_column width=&#8221;1\/4&#8243;][vc_column_text]<strong>From Train Station<\/strong><br \/>\nR\u00faa do H\u00f3rreo address Plaza Galicia<br \/>\nR\u00faa Fonte of San Antonio address Virxen da Cerca<br \/>\nR\u00faa de San Pedro[\/vc_column_text][\/vc_column][vc_column width=&#8221;1\/4&#8243;][vc_column_text]<strong>From Bus Station<\/strong><br \/>\nR\u00faa de Anxo Casal direction R\u00faa Pastoriza<br \/>\nR\u00faa dos Basqui\u00f1os direction R\u00faa San Roque<br \/>\nR\u00faa de San Pedro[\/vc_column_text][\/vc_column][\/vc_row][vc_row row_type=&#8221;row&#8221; use_row_as_full_screen_section=&#8221;no&#8221; type=&#8221;full_width&#8221; angled_section=&#8221;no&#8221; text_align=&#8221;left&#8221; background_image_as_pattern=&#8221;without_pattern&#8221; css_animation=&#8221;&#8221;][vc_column][vc_empty_space][\/vc_column][\/vc_row]<\/p>\n","protected":false},"excerpt":{"rendered":"<p>[vc_row row_type=&#8221;row&#8221; use_row_as_full_screen_section=&#8221;no&#8221; type=&#8221;full_width&#8221; angled_section=&#8221;no&#8221; text_align=&#8221;left&#8221; background_image_as_pattern=&#8221;without_pattern&#8221; css_animation=&#8221;&#8221;][vc_column][vc_empty_space height=&#8221;26px&#8221;][vc_column_text] Contact [\/vc_column_text][vc_empty_space height=&#8221;11px&#8221;][\/vc_column][\/vc_row][vc_row row_type=&#8221;row&#8221; use_row_as_full_screen_section=&#8221;yes&#8221; type=&#8221;grid&#8221;&#8230;<\/p>\n","protected":false},"author":1,"featured_media":0,"parent":0,"menu_order":0,"comment_status":"closed","ping_status":"closed","template":"full_width.php","meta":{"footnotes":""},"_links":{"self":[{"href":"https:\/\/apartamentosaureliantica.com\/en\/wp-json\/wp\/v2\/pages\/1169"}],"collection":[{"href":"https:\/\/apartamentosaureliantica.com\/en\/wp-json\/wp\/v2\/pages"}],"about":[{"href":"https:\/\/apartamentosaureliantica.com\/en\/wp-json\/wp\/v2\/types\/page"}],"author":[{"embeddable":true,"href":"https:\/\/apartamentosaureliantica.com\/en\/wp-json\/wp\/v2\/users\/1"}],"replies":[{"embeddable":true,"href":"https:\/\/apartamentosaureliantica.com\/en\/wp-json\/wp\/v2\/comments?post=1169"}],"version-history":[{"count":3,"href":"https:\/\/apartamentosaureliantica.com\/en\/wp-json\/wp\/v2\/pages\/1169\/revisions"}],"predecessor-version":[{"id":1529,"href":"https:\/\/apartamentosaureliantica.com\/en\/wp-json\/wp\/v2\/pages\/1169\/revisions\/1529"}],"wp:attachment":[{"href":"https:\/\/apartamentosaureliantica.com\/en\/wp-json\/wp\/v2\/media?parent=1169"}],"curies":[{"name":"wp","href":"https:\/\/api.w.org\/{rel}","templated":true}]}}