{"id":1607,"date":"2021-02-11T14:53:11","date_gmt":"2021-02-11T14:53:11","guid":{"rendered":"https:\/\/apartamentosaureliantica.com\/?page_id=1607\/"},"modified":"2021-02-11T15:06:00","modified_gmt":"2021-02-11T15:06:00","slug":"politica-de-cookies","status":"publish","type":"page","link":"https:\/\/apartamentosaureliantica.com\/es\/politica-de-cookies\/","title":{"rendered":"Pol\u00edtica de Cookies"},"content":{"rendered":"<p>[vc_row row_type=\u00bbrow\u00bb use_row_as_full_screen_section=\u00bbno\u00bb type=\u00bbgrid\u00bb angled_section=\u00bbno\u00bb text_align=\u00bbleft\u00bb background_image_as_pattern=\u00bbwithout_pattern\u00bb css_animation=\u00bb\u00bb css=\u00bb.vc_custom_1486479317661{padding-top: 50px !important;padding-right: 5% !important;padding-left: 5% !important;}\u00bb][vc_column][vc_column_text el_class=\u00bblegal-text\u00bb]<\/p>\n<h4 class=\"title-legal-text\">\u00bfQu\u00e9 son las cookies?<\/h4>\n<p>Una cookie es un fichero que se descarga en tu ordenador al acceder a determinadas p\u00e1ginas web. Las cookies permiten a una p\u00e1gina web, entre otras cosas, almacenar y recuperar informaci\u00f3n sobre los h\u00e1bitos de navegaci\u00f3n de un usuario o de su equipo y, dependiendo de la informaci\u00f3n que contengan y de la forma en que utilice su equipo, pueden utilizarse para reconocer al usuario.<\/p>\n<h4 class=\"title-legal-text\">\u00bfQu\u00e9 tipos de cookies utiliza <strong>apartamentosaureliantica.com<\/strong>?<\/h4>\n<p><strong>Cookies necesarias:<\/strong><\/p>\n<p>Las cookies necesarias son absolutamente esenciales para que el sitio web funcione correctamente. Esta categor\u00eda solo incluye cookies que garantizan funcionalidades b\u00e1sicas y caracter\u00edsticas de seguridad del sitio web. Estas cookies no almacenan ninguna informaci\u00f3n personal.<\/p>\n<table border=\"1\" cellspacing=\"0\" cellpadding=\"0\">\n<tbody>\n<tr class=\"color\">\n<td>Nombre<\/td>\n<td>Finalidad<\/td>\n<td>Observaciones<\/td>\n<\/tr>\n<tr>\n<td>PHPSESSID<\/td>\n<td>La cookie PHPSESSID es nativa de PHP y permite a los sitios web almacenar datos de estado serializados. En el sitio web se utiliza para establecer una sesi\u00f3n de usuario y para pasar los datos de estado a trav\u00e9s de una cookie temporal, que se conoce com\u00fanmente como una cookie de sesi\u00f3n. Estas Cookies solo permanecer\u00e1n en su equipo hasta que cierre el navegador.<\/td>\n<td><\/td>\n<\/tr>\n<\/tbody>\n<\/table>\n<p>&nbsp;<\/p>\n<p><strong>Cookies no necesarias:<\/strong><\/p>\n<p>Las cookies que pueden no ser particularmente necesarias para el funcionamiento del sitio web y se utilizan espec\u00edficamente para recopilar datos personales del usuario a trav\u00e9s de an\u00e1lisis, anuncios y otros contenidos incrustados se denominan cookies no necesarias. Es obligatorio obtener el consentimiento del usuario antes de ejecutar estas cookies en su sitio web.<\/p>\n<table border=\"1\" cellspacing=\"0\" cellpadding=\"0\">\n<tbody>\n<tr>\n<td>Nombre<\/td>\n<td>Finalidad<\/td>\n<td>Observaciones<\/td>\n<\/tr>\n<tr>\n<td>Google analytics (__utma, __utmb, __utmc, __utmz, _ga)<\/td>\n<td>Estas cookies se utilizan para recoger informaci\u00f3n sobre el uso de nuestro sitio web por parte de los visitantes. Utilizamos la informaci\u00f3n para elaborar informes y para mejorar el sitio. Las cookies recopilan informaci\u00f3n de forma an\u00f3nima, que incluye el n\u00famero de visitantes al sitio, el lugar de procedencia al sitio de los visitantes y las p\u00e1ginas visitadas.<\/td>\n<td>M\u00e1s informaci\u00f3n en\u00a0<a href=\"http:\/\/www.google.es\/intl\/es\/policies\/technologies\/types\/\" target=\"_blank\" rel=\"noopener noreferrer\">Tipos de cookies que utiliza Google<\/a>.<\/td>\n<\/tr>\n<tr>\n<td>Twitter Social Plugins (__utma, __utmb, __utmc, __utmz, _twitter_sess, external_sess, guest_id, tz_offset_set)<\/td>\n<td>Permiten al usuario compartir contenidos de su inter\u00e9s con su c\u00edrculo social. Las cookies utilizadas por redes sociales evitan que el usuario tenga que introducir nuevamente sus datos para compartir dichos contenidos. Dichos botones no tienen acceso a los datos introducidos por los usuarios al compartir un contenido en una red social.<\/td>\n<td>M\u00e1s informaci\u00f3n en\u00a0<a href=\"https:\/\/twitter.com\/privacy\" target=\"_blank\" rel=\"noopener noreferrer\">Pol\u00edtica de Protecci\u00f3n de Datos de Twitter<\/a>.<\/td>\n<\/tr>\n<tr>\n<td>Google Plus Social Plugins (NID,PREF)<\/td>\n<td>Permiten al usuario compartir contenidos de su inter\u00e9s con su c\u00edrculo social. Las cookies utilizadas por redes sociales evitan que el usuario tenga que introducir nuevamente sus datos para compartir dichos contenidos. Dichos botones no tienen acceso a los datos introducidos por los usuarios al compartir un contenido en una red social.<\/td>\n<td>M\u00e1s informaci\u00f3n en\u00a0<a href=\"http:\/\/www.google.es\/intl\/es\/policies\/technologies\/types\/\" target=\"_blank\" rel=\"noopener noreferrer\">Tipos de cookies que utiliza Google<\/a>.<\/td>\n<\/tr>\n<tr>\n<td>Facebook Social Plugins (datr, reg_ext_ref, reg_fb_gate, reg_fb_ref, wd)<\/td>\n<td>Permiten al usuario compartir contenidos de su inter\u00e9s con su c\u00edrculo social. Las cookies utilizadas por redes sociales evitan que el usuario tenga que introducir nuevamente sus datos para compartir dichos contenidos. Dichos botones no tienen acceso a los datos introducidos por los usuarios al compartir un contenido en una red social.<\/td>\n<td>M\u00e1s informaci\u00f3n en\u00a0<a href=\"https:\/\/es-es.facebook.com\/about\/privacy\/\">Cookies, p\u00edxeles y otras tecnolog\u00edas similares de Facebook<\/a><\/td>\n<\/tr>\n<tr>\n<td>Adsense(id, _drt_, FLC, NID)<\/td>\n<td>Estas cookies se utilizan para saber c\u00f3mo acceden las personas a nuestras campa\u00f1as de publicidad digital. Nos permiten conocer y evaluar los clics en nuestra publicidad para poder mejorar el servicio que usted recibe.<\/td>\n<td>M\u00e1s informaci\u00f3n en\u00a0<a href=\"http:\/\/www.google.es\/intl\/es\/policies\/technologies\/types\/\" target=\"_blank\" rel=\"noopener noreferrer\">Tipos de cookies que utiliza Google<\/a>.<\/td>\n<\/tr>\n<tr>\n<td>Youtube(ACTIVITY, APISID, HSID, LOGIN_INFO, PREF, SID, VISITOR_INFO1_LIVE, YSC, demographics, dkv)<\/td>\n<td>Se utiliza YouTube para ofrecer v\u00eddeos \u00fatiles o v\u00eddeos informativos. Youtube almacena informaci\u00f3n para poder generar estad\u00edsticas sobre las visitas de videos incrustados en otras p\u00e1ginas.<\/td>\n<td>M\u00e1s informaci\u00f3n en\u00a0<a href=\"http:\/\/www.google.es\/intl\/es\/policies\/technologies\/types\/\" target=\"_blank\" rel=\"noopener noreferrer\">Tipos de cookies que utiliza Google<\/a>.<\/td>\n<\/tr>\n<tr>\n<td>Google Maps (APISID, HSID, NID, PREF, S, SAPISID, SID, SSID, S_awfe, khcookie)<\/td>\n<td>Mostrar d\u00f3nde se encuentran las oficinas de nuestros diferentes servicios mediante Google Maps.<\/td>\n<td>M\u00e1s informaci\u00f3n en\u00a0<a href=\"http:\/\/www.google.es\/intl\/es\/policies\/technologies\/types\/\" target=\"_blank\" rel=\"noopener noreferrer\">Tipos de cookies que utiliza Google<\/a>.<\/td>\n<\/tr>\n<\/tbody>\n<\/table>\n<p>&nbsp;<\/p>\n<p>&nbsp;<\/p>\n<h4 class=\"title-legal-text\">C\u00f3mo gestionar las Cookies en su equipo:<\/h4>\n<p>La mayor parte de los Navegadores soportan el uso de Cookies. Sin embargo, el usuario tiene la opci\u00f3n de elegir si acepta las Cookies o no por defecto, o aceptar cada cookie individualmente. Como regla general los navegadores modernos permiten cambiar<br \/>\nla configuraci\u00f3n de Cookies en las \u2018opciones\u2019 o \u2018preferencias\u2019 del men\u00fa del navegador. Si desconoces c\u00f3mo gestionar tus Cookies y la pol\u00edtica de privacidad de tu navegador web, puedes encontrarlo en la ayuda del navegador. Tambi\u00e9n puedes acceder a las<br \/>\np\u00e1ginas web de ayuda de los principales Navegadores:<\/p>\n<ul>\n<li><strong>Firefox<\/strong>:\u00a0<a href=\"http:\/\/support.mozilla.org\/es\/home\" target=\"_blank\" rel=\"noopener noreferrer\">http:\/\/support.mozilla.org\/es\/home<\/a><\/li>\n<li><strong>Chrome<\/strong>:\u00a0<a href=\"https:\/\/support.google.com\/chrome\/answer\/95647?hl=es\" target=\"_blank\" rel=\"noopener noreferrer\">https:\/\/support.google.com\/chrome\/answer\/95647?hl=es<\/a><\/li>\n<li><strong>Internet Explorer<\/strong>:\u00a0<a href=\"http:\/\/support.microsoft.com\/ph\/807\/es-es\" target=\"_blank\" rel=\"noopener noreferrer\">http:\/\/support.microsoft.com\/ph\/807\/es-es<\/a><\/li>\n<li><strong>Safari<\/strong>:\u00a0<a href=\"http:\/\/support.apple.com\/kb\/HT1677?viewlocale=es_ES\" target=\"_blank\" rel=\"noopener noreferrer\">http:\/\/support.apple.com\/kb\/HT1677?viewlocale=es_ES<\/a><\/li>\n<li><strong>Opera<\/strong>:\u00a0<a href=\"http:\/\/help.opera.com\/Windows\/8.54\/es-ES\/index.html\" target=\"_blank\" rel=\"noopener noreferrer\">http:\/\/help.opera.com\/Windows\/8.54\/es-ES\/index.html<\/a><\/li>\n<\/ul>\n<p>Si quieres m\u00e1s informaci\u00f3n sobre las cookies y c\u00f3mo funcionan puedes visitar la siguiente web:\u00a0<a href=\"http:\/\/www.youronlinechoices.com\/es\/\" target=\"_blank\" rel=\"noopener noreferrer\">http:\/\/www.youronlinechoices.com\/es\/<\/a>\u00a0Una vez informado sobre el uso de cookies, si contin\u00faas navegando por nuestra web sin impedir la instalaci\u00f3n de cookies entendemos que prestas consentimiento para el empleo de estos sistemas.[\/vc_column_text][\/vc_column][\/vc_row][vc_row row_type=\u00bbrow\u00bb use_row_as_full_screen_section=\u00bbno\u00bb type=\u00bbfull_width\u00bb angled_section=\u00bbno\u00bb text_align=\u00bbleft\u00bb background_image_as_pattern=\u00bbwithout_pattern\u00bb css_animation=\u00bb\u00bb][vc_column][vc_empty_space height=\u00bb50px\u00bb][\/vc_column][\/vc_row]<\/p>\n","protected":false},"excerpt":{"rendered":"<p>[vc_row row_type=\u00bbrow\u00bb use_row_as_full_screen_section=\u00bbno\u00bb type=\u00bbgrid\u00bb angled_section=\u00bbno\u00bb text_align=\u00bbleft\u00bb background_image_as_pattern=\u00bbwithout_pattern\u00bb css_animation=\u00bb\u00bb css=\u00bb.vc_custom_1486479317661{padding-top: 50px !important;padding-right: 5% !important;padding-left: 5% !important;}\u00bb][vc_column][vc_column_text&#8230;<\/p>\n","protected":false},"author":4,"featured_media":0,"parent":0,"menu_order":0,"comment_status":"closed","ping_status":"closed","template":"","meta":{"footnotes":""},"_links":{"self":[{"href":"https:\/\/apartamentosaureliantica.com\/es\/wp-json\/wp\/v2\/pages\/1607"}],"collection":[{"href":"https:\/\/apartamentosaureliantica.com\/es\/wp-json\/wp\/v2\/pages"}],"about":[{"href":"https:\/\/apartamentosaureliantica.com\/es\/wp-json\/wp\/v2\/types\/page"}],"author":[{"embeddable":true,"href":"https:\/\/apartamentosaureliantica.com\/es\/wp-json\/wp\/v2\/users\/4"}],"replies":[{"embeddable":true,"href":"https:\/\/apartamentosaureliantica.com\/es\/wp-json\/wp\/v2\/comments?post=1607"}],"version-history":[{"count":3,"href":"https:\/\/apartamentosaureliantica.com\/es\/wp-json\/wp\/v2\/pages\/1607\/revisions"}],"predecessor-version":[{"id":1613,"href":"https:\/\/apartamentosaureliantica.com\/es\/wp-json\/wp\/v2\/pages\/1607\/revisions\/1613"}],"wp:attachment":[{"href":"https:\/\/apartamentosaureliantica.com\/es\/wp-json\/wp\/v2\/media?parent=1607"}],"curies":[{"name":"wp","href":"https:\/\/api.w.org\/{rel}","templated":true}]}}