{"id":1813,"date":"2022-10-04T14:57:22","date_gmt":"2022-10-04T14:57:22","guid":{"rendered":"https:\/\/apartamentosaureliantica.com\/?page_id=1813\/"},"modified":"2022-11-03T11:49:10","modified_gmt":"2022-11-03T11:49:10","slug":"sostenibles","status":"publish","type":"page","link":"https:\/\/apartamentosaureliantica.com\/es\/sostenibles\/","title":{"rendered":"Sostenibles"},"content":{"rendered":"<p>[vc_row row_type=\u00bbrow\u00bb use_row_as_full_screen_section=\u00bbno\u00bb type=\u00bbgrid\u00bb anchor=\u00bbabout\u00bb angled_section=\u00bbno\u00bb text_align=\u00bbleft\u00bb background_image_as_pattern=\u00bbwithout_pattern\u00bb css_animation=\u00bb\u00bb css=\u00bb.vc_custom_1612974470817{padding-top: 50px !important;padding-right: 15% !important;padding-bottom: 50px !important;padding-left: 15% !important;}\u00bb][vc_column][vc_empty_space height=\u00bb26px\u00bb][vc_column_text]<\/p>\n<h3 style=\"text-align: center;\">Sostenibles<\/h3>\n<p>[\/vc_column_text][vc_empty_space height=\u00bb30px\u00bb][\/vc_column][\/vc_row][vc_row row_type=\u00bbrow\u00bb use_row_as_full_screen_section=\u00bbno\u00bb type=\u00bbgrid\u00bb anchor=\u00bbstory\u00bb angled_section=\u00bbno\u00bb text_align=\u00bbleft\u00bb background_image_as_pattern=\u00bbwithout_pattern\u00bb css_animation=\u00bb\u00bb css=\u00bb.vc_custom_1664980240307{padding-top: 42px !important;}\u00bb el_class=\u00bbicon-sostenibles\u00bb][vc_column width=\u00bb1\/4&#8243;]<div class='q_icon_with_title medium custom_icon_image center'><div class=\"icon_holder \" style=\" \"><img decoding=\"async\" itemprop=\"image\" style=\"\" src=\"https:\/\/apartamentosaureliantica.com\/wp-content\/uploads\/2022\/10\/el-ahorro-de-energia.png\" alt=\"\"><\/div><div class=\"icon_text_holder\" style=\"\"><div class=\"icon_text_inner\" style=\"\"><h6 class=\"icon_title\" style=\"\">Bombillas led<\/h6><p style=''>Todas nuestras bombillas son LED. Le informamos que solo utilizamos energ\u00eda 100% renovable.<\/p><\/div><\/div><\/div>[\/vc_column][vc_column width=\u00bb1\/4&#8243;]<div class='q_icon_with_title medium custom_icon_image center'><div class=\"icon_holder \" style=\" \"><img decoding=\"async\" itemprop=\"image\" style=\"\" src=\"https:\/\/apartamentosaureliantica.com\/wp-content\/uploads\/2022\/10\/reciclar.png\" alt=\"\"><\/div><div class=\"icon_text_holder\" style=\"\"><div class=\"icon_text_inner\" style=\"\"><h6 class=\"icon_title\" style=\"\">Facilitamos la separaci\u00f3n de residuos <\/h6><p style=''>Disponemos de papeleras especiales. No utilizamos monodosis en los ba\u00f1os para reducir el pl\u00e1stico.<\/p><\/div><\/div><\/div>[\/vc_column][vc_column width=\u00bb1\/4&#8243;]<div class='q_icon_with_title medium custom_icon_image center'><div class=\"icon_holder \" style=\" \"><img decoding=\"async\" itemprop=\"image\" style=\"\" src=\"https:\/\/apartamentosaureliantica.com\/wp-content\/uploads\/2022\/10\/mundo.png\" alt=\"\"><\/div><div class=\"icon_text_holder\" style=\"\"><div class=\"icon_text_inner\" style=\"\"><h6 class=\"icon_title\" style=\"\">Medici\u00f3n de consumos <\/h6><p style=''>Recordamos a nuestros clientes la importancia de la racionalizaci\u00f3n del consumo del agua.<\/p><\/div><\/div><\/div>[\/vc_column][vc_column width=\u00bb1\/4&#8243;]<div class='q_icon_with_title medium custom_icon_image center'><div class=\"icon_holder \" style=\" \"><img decoding=\"async\" itemprop=\"image\" style=\"\" src=\"https:\/\/apartamentosaureliantica.com\/wp-content\/uploads\/2022\/10\/acuerdo.png\" alt=\"\"><\/div><div class=\"icon_text_holder\" style=\"\"><div class=\"icon_text_inner\" style=\"\"><h6 class=\"icon_title\" style=\"\">Responsabilidad social y coorporativa<\/h6><p style=''>Colaboramos con C\u00e1ritas Diocesanas en sus comedores sociales y con Manos Unidas a los que destinamos un 5% del importe de cada reserva.<\/p><\/div><\/div><\/div>[\/vc_column][\/vc_row][vc_row row_type=\u00bbrow\u00bb use_row_as_full_screen_section=\u00bbno\u00bb type=\u00bbfull_width\u00bb angled_section=\u00bbno\u00bb text_align=\u00bbleft\u00bb background_image_as_pattern=\u00bbwithout_pattern\u00bb css_animation=\u00bb\u00bb][vc_column]<div class=\"container_inner\"><div class=\"call_to_action simple\" style=\"background-color: #ffffff;padding-top: 40px;padding-bottom: 40px;\"><div class=\"text_wrapper column1\"><div class=\"call_to_action_text  letter_spacing_inherit\" style=\"letter-spacing: 0px;\"><\/div><a itemprop=\"url\" href=\"\/apartamentos\/\" class=\"qbutton white \" target=\"_self\" style=\"color: #ffffff;border-color: #677e09;background-color: #677e09;\"data-hover-background-color=#222222 data-hover-border-color=#222222 data-hover-color=#ffffff>\u00bfQuieres ver los Apartamentos?<\/a><\/div><\/div><\/div>[vc_empty_space height=\u00bb40px\u00bb][\/vc_column][\/vc_row][vc_row row_type=\u00bbrow\u00bb use_row_as_full_screen_section=\u00bbno\u00bb type=\u00bbfull_width\u00bb angled_section=\u00bbno\u00bb text_align=\u00bbleft\u00bb background_image_as_pattern=\u00bbwithout_pattern\u00bb css_animation=\u00bb\u00bb css=\u00bb.vc_custom_1613051138829{background-color: #677e09 !important;}\u00bb][vc_column][vc_empty_space height=\u00bb50px\u00bb][vc_column_text]<\/p>\n<h3 class=\"title-m\" style=\"text-align: center; line-height: 1.3; color: white;\">Ven a visitarnos<\/h3>\n<p>[\/vc_column_text][vc_empty_space height=\u00bb50px\u00bb][\/vc_column][\/vc_row][vc_row row_type=\u00bbrow\u00bb use_row_as_full_screen_section=\u00bbno\u00bb type=\u00bbfull_width\u00bb anchor=\u00bblocations\u00bb angled_section=\u00bbno\u00bb text_align=\u00bbleft\u00bb background_image_as_pattern=\u00bbwithout_pattern\u00bb css_animation=\u00bb\u00bb][vc_column]<div class='google_map_shortcode_holder' style='height:600px;'><div class='qode_google_map' style='height:600px;' id='map_canvas_21032' data-addresses='[\"R\u00faa de San Pedro, 13, 15703 Santiago de Compostela, A Coru\u00f1a, Espa\u00f1a\"]' data-custom-map-style='true' data-color-overlay='#393939' data-saturation='-100' data-lightness='10' data-zoom='16' data-pin='https:\/\/apartamentosaureliantica.com\/wp-content\/uploads\/2016\/07\/icono-ok-1.png' data-unique-id='21032' data-google-maps-scroll-wheel='false' data-map-height='600'><\/div><div class='google_map_shortcode_overlay'><\/div><\/div>[\/vc_column][\/vc_row]<\/p>\n","protected":false},"excerpt":{"rendered":"<p>[vc_row row_type=\u00bbrow\u00bb use_row_as_full_screen_section=\u00bbno\u00bb type=\u00bbgrid\u00bb anchor=\u00bbabout\u00bb angled_section=\u00bbno\u00bb text_align=\u00bbleft\u00bb background_image_as_pattern=\u00bbwithout_pattern\u00bb css_animation=\u00bb\u00bb css=\u00bb.vc_custom_1612974470817{padding-top: 50px !important;padding-right: 15% !important;padding-bottom: 50px&#8230;<\/p>\n","protected":false},"author":4,"featured_media":0,"parent":0,"menu_order":0,"comment_status":"closed","ping_status":"closed","template":"full_width.php","meta":{"footnotes":""},"_links":{"self":[{"href":"https:\/\/apartamentosaureliantica.com\/es\/wp-json\/wp\/v2\/pages\/1813"}],"collection":[{"href":"https:\/\/apartamentosaureliantica.com\/es\/wp-json\/wp\/v2\/pages"}],"about":[{"href":"https:\/\/apartamentosaureliantica.com\/es\/wp-json\/wp\/v2\/types\/page"}],"author":[{"embeddable":true,"href":"https:\/\/apartamentosaureliantica.com\/es\/wp-json\/wp\/v2\/users\/4"}],"replies":[{"embeddable":true,"href":"https:\/\/apartamentosaureliantica.com\/es\/wp-json\/wp\/v2\/comments?post=1813"}],"version-history":[{"count":10,"href":"https:\/\/apartamentosaureliantica.com\/es\/wp-json\/wp\/v2\/pages\/1813\/revisions"}],"predecessor-version":[{"id":1847,"href":"https:\/\/apartamentosaureliantica.com\/es\/wp-json\/wp\/v2\/pages\/1813\/revisions\/1847"}],"wp:attachment":[{"href":"https:\/\/apartamentosaureliantica.com\/es\/wp-json\/wp\/v2\/media?parent=1813"}],"curies":[{"name":"wp","href":"https:\/\/api.w.org\/{rel}","templated":true}]}}