{"id":345,"date":"2017-01-18T12:50:38","date_gmt":"2017-01-18T12:50:38","guid":{"rendered":"http:\/\/apartamentosaureliantica.loading.net\/?page_id=345"},"modified":"2021-07-20T07:35:31","modified_gmt":"2021-07-20T07:35:31","slug":"politica-privacidad-redes-sociales","status":"publish","type":"page","link":"https:\/\/apartamentosaureliantica.com\/es\/politica-privacidad-redes-sociales\/","title":{"rendered":"Pol\u00edtica de Privacidad de Redes Sociales"},"content":{"rendered":"<p>[vc_row row_type=\u00bbrow\u00bb use_row_as_full_screen_section=\u00bbno\u00bb type=\u00bbgrid\u00bb angled_section=\u00bbno\u00bb text_align=\u00bbleft\u00bb background_image_as_pattern=\u00bbwithout_pattern\u00bb css_animation=\u00bb\u00bb css=\u00bb.vc_custom_1486479409163{padding-top: 50px !important;padding-right: 5% !important;padding-bottom: 50px !important;padding-left: 5% !important;}\u00bb][vc_column][vc_column_text]En cumplimiento de la Ley Org\u00e1nica 15\/1999, de 13 de diciembre, de Protecci\u00f3n de Datos de Car\u00e1cter Personal (LOPD) y la Ley 34\/2002, de 11 de julio, de Servicios de la Sociedad de la Informaci\u00f3n y de Comercio Electr\u00f3nico (LSSI-CE), DESTINOS Y AVENTURAS S.L. informa a los usuarios, que ha procedido a crear un perfil en la\/s Red\/es Social\/es Facebook, Twitter e Instagram, con la finalidad principal de publicitar sus productos y servicios.<\/p>\n<p>Datos de:<\/p>\n<ul>\n<li>DESTINOS Y AVENTURAS S.L.<\/li>\n<li>B36465110<\/li>\n<li>RUA VI\u00d1A TINTA 13 36626-ILLA DE AROUSA (PONTEVEDRA)<\/li>\n<li>info@apartamentosaureliantica.com<\/li>\n<li>www.apartamentosaureliantica.com<\/li>\n<\/ul>\n<p>El usuario dispone de un perfil en la misma Red Social y ha decidido unirse a la p\u00e1gina creada por DESTINOS Y AVENTURAS S.L. , mostrando as\u00ed inter\u00e9s en la informaci\u00f3n que se publicite en la Red. Al unirse a nuestra p\u00e1gina, nos facilita su consentimiento para el tratamiento de aquellos datos personales publicados en su perfil.<\/p>\n<p>El usuario puede acceder en todo momento a las pol\u00edticas de privacidad de la propia Red Social, as\u00ed como configurar su perfil para garantizar su privacidad.<\/p>\n<p>DESTINOS Y AVENTURAS S.L. tiene acceso y trata aquella informaci\u00f3n p\u00fablica del usuario, en especial, su nombre de contacto. Estos datos, s\u00f3lo son utilizados dentro de la propia Red Social. No son incorporados a ning\u00fan fichero.<\/p>\n<p>En relaci\u00f3n a los derechos de acceso, rectificaci\u00f3n, cancelaci\u00f3n y oposici\u00f3n, de los que usted dispone y que pueden ser ejercitados ante DESTINOS Y AVENTURAS S.L. , de acuerdo con la LOPD, debe tener en cuenta los siguientes matices:<\/p>\n<ul>\n<li>Acceso: Vendr\u00e1 definido por la funcionalidad de la Red Social y la capacidad de acceso a la informaci\u00f3n de los perfiles de los usuarios.<\/li>\n<li>Rectificaci\u00f3n: S\u00f3lo podr\u00e1 satisfacerse en relaci\u00f3n a aquella informaci\u00f3n que se encuentre bajo el control de DESTINOS Y AVENTURAS S.L. , por ejemplo, eliminar comentarios publicados en la propia p\u00e1gina. Normalmente, este derecho deber\u00e1 ejercerlo ante la Red Social.<\/li>\n<li>Cancelaci\u00f3n y\/u Oposici\u00f3n: Como en el caso anterior, s\u00f3lo podr\u00e1 satisfacerse en relaci\u00f3n a aquella informaci\u00f3n que se encuentre bajo el control de DESTINOS Y AVENTURAS S.L. , por ejemplo, dejar de estar unido al perfil.<\/li>\n<\/ul>\n<p>DESTINOS Y AVENTURAS S.L. realizar\u00e1 las siguientes actuaciones:<\/p>\n<p>Acceso a la informaci\u00f3n p\u00fablica del perfil.<br \/>\nPublicaci\u00f3n en el perfil del usuario de toda aquella informaci\u00f3n ya publicada en la p\u00e1gina de DESTINOS Y AVENTURAS S.L.<br \/>\nEnviar mensajes personales e individuales a trav\u00e9s de los canales de la Red Social.<br \/>\nActualizaciones del estado de la p\u00e1gina que se publicar\u00e1n en el perfil del usuario.<\/p>\n<p>El usuario siempre puede controlar sus conexiones, eliminar los contenidos que dejen de interesarle y restringir con qui\u00e9n comparte sus conexiones, para ello deber\u00e1 acceder a su configuraci\u00f3n de privacidad. Asesoramiento y Adaptaci\u00f3n a la LSSI-CE \u00b7 Documentaci\u00f3n<\/p>\n<p><strong>PUBLICACIONES<\/strong><\/p>\n<p>El usuario, una vez unido a la p\u00e1gina de DESTINOS Y AVENTURAS S.L. , podr\u00e1 publicar en \u00e9sta \u00faltima comentarios, enlaces, im\u00e1genes o fotograf\u00edas o cualquier otro tipo de contenido multimedia soportado por la Red Social. El usuario, en todos los casos, debe ser el titular de los mismos, gozar de los derechos de autor y de propiedad intelectual o contar con el consentimiento de los terceros afectados. Se proh\u00edbe expresamente cualquier publicaci\u00f3n en la p\u00e1gina, ya sean textos, gr\u00e1ficos, fotograf\u00edas, v\u00eddeos, etc. que atenten o sean susceptibles de atentar contra la moral, la \u00e9tica, el buen gusto o el decoro, y\/o que infrinjan, violen o quebranten los derechos de propiedad intelectual o industrial, el derecho a la imagen o la Ley. En estos casos, DESTINOS Y AVENTURAS S.L. se reserva el derecho a retirar de inmediato el contenido, pudiendo solicitar el bloqueo permanente del usuario.<\/p>\n<p>DESTINOS Y AVENTURAS S.L. no se har\u00e1 responsable de los contenidos que libremente ha publicado un usuario.<\/p>\n<p>El usuario debe tener presente que sus publicaciones ser\u00e1n conocidas por los otros usuarios, por lo que \u00e9l mismo es el principal responsable de su privacidad.<\/p>\n<p>Las im\u00e1genes que puedan publicarse en la p\u00e1gina no ser\u00e1n almacenadas en ning\u00fan fichero por parte de DESTINOS Y AVENTURAS S.L. , pero s\u00ed que permanecer\u00e1n en la Red Social.<\/p>\n<p><strong>CONCURSOS Y PROMOCIONES<\/strong><\/p>\n<p>DESTINOS Y AVENTURAS S.L. se reserva el derecho a realizar concursos y promociones, en los que podr\u00e1 participar el usuario unido a su p\u00e1gina. Las bases de cada uno de ellos, cuando se utilice para ello la plataforma de la Red Social, ser\u00e1n publicadas en la misma. Cumpliendo siempre con la LSSI-CE y con cualquier otra norma que le sea de aplicaci\u00f3n.<\/p>\n<p>La Red Social no patrocina, avala ni administra, de modo alguno, ninguna de nuestras promociones, ni est\u00e1 asociada a ninguna de ellas.<\/p>\n<p>PUBLICIDAD<\/p>\n<p>DESTINOS Y AVENTURAS S.L. utilizar\u00e1 la Red Social para publicitar sus productos y servicios, en todo caso, si decide tratar sus datos de contacto para realizar acciones directas de prospecci\u00f3n comercial, ser\u00e1 siempre, cumpliendo con las exigencias legales de la LOPD y de la LSSI-CE.<\/p>\n<p>No se considerar\u00e1 publicidad el hecho de recomendar a otros usuarios la p\u00e1gina de DESTINOS Y AVENTURAS S.L. para que tambi\u00e9n ellos puedan disfrutar de las promociones o estar informados de su actividad.<\/p>\n<p>A continuaci\u00f3n detallamos el enlace a la pol\u00edtica de privacidad de la Red Social:<\/p>\n<p>Facebook: https:\/\/www.facebook.com\/help\/323540651073243\/<br \/>\nLinkedin: https:\/\/www.linkedin.com\/legal\/privacy-policy<br \/>\nTwitter: https:\/\/twitter.com\/privacy<br \/>\nGoogle+ y Youtube: http:\/\/www.google.com\/intl\/es\/policies\/privacy\/<br \/>\nInstagram: https:\/\/www.instagram.com\/about\/legal\/privacy\/[\/vc_column_text][\/vc_column][\/vc_row][vc_row row_type=\u00bbrow\u00bb use_row_as_full_screen_section=\u00bbno\u00bb type=\u00bbfull_width\u00bb angled_section=\u00bbno\u00bb text_align=\u00bbleft\u00bb background_image_as_pattern=\u00bbwithout_pattern\u00bb css_animation=\u00bb\u00bb][vc_column][vc_empty_space][\/vc_column][\/vc_row]<\/p>\n","protected":false},"excerpt":{"rendered":"<p>[vc_row row_type=\u00bbrow\u00bb use_row_as_full_screen_section=\u00bbno\u00bb type=\u00bbgrid\u00bb angled_section=\u00bbno\u00bb text_align=\u00bbleft\u00bb background_image_as_pattern=\u00bbwithout_pattern\u00bb css_animation=\u00bb\u00bb css=\u00bb.vc_custom_1486479409163{padding-top: 50px !important;padding-right: 5% !important;padding-bottom: 50px !important;padding-left:&#8230;<\/p>\n","protected":false},"author":1,"featured_media":0,"parent":0,"menu_order":0,"comment_status":"closed","ping_status":"open","template":"","meta":{"footnotes":""},"_links":{"self":[{"href":"https:\/\/apartamentosaureliantica.com\/es\/wp-json\/wp\/v2\/pages\/345"}],"collection":[{"href":"https:\/\/apartamentosaureliantica.com\/es\/wp-json\/wp\/v2\/pages"}],"about":[{"href":"https:\/\/apartamentosaureliantica.com\/es\/wp-json\/wp\/v2\/types\/page"}],"author":[{"embeddable":true,"href":"https:\/\/apartamentosaureliantica.com\/es\/wp-json\/wp\/v2\/users\/1"}],"replies":[{"embeddable":true,"href":"https:\/\/apartamentosaureliantica.com\/es\/wp-json\/wp\/v2\/comments?post=345"}],"version-history":[{"count":4,"href":"https:\/\/apartamentosaureliantica.com\/es\/wp-json\/wp\/v2\/pages\/345\/revisions"}],"predecessor-version":[{"id":1807,"href":"https:\/\/apartamentosaureliantica.com\/es\/wp-json\/wp\/v2\/pages\/345\/revisions\/1807"}],"wp:attachment":[{"href":"https:\/\/apartamentosaureliantica.com\/es\/wp-json\/wp\/v2\/media?parent=345"}],"curies":[{"name":"wp","href":"https:\/\/api.w.org\/{rel}","templated":true}]}}