{"id":355,"date":"2017-01-18T13:16:56","date_gmt":"2017-01-18T13:16:56","guid":{"rendered":"http:\/\/apartamentosaureliantica.loading.net\/?page_id=355"},"modified":"2017-02-08T11:07:11","modified_gmt":"2017-02-08T11:07:11","slug":"condiciones-de-compra","status":"publish","type":"page","link":"https:\/\/apartamentosaureliantica.com\/es\/condiciones-de-compra\/","title":{"rendered":"Condiciones de Compra"},"content":{"rendered":"<p>[vc_row row_type=\u00bbrow\u00bb use_row_as_full_screen_section=\u00bbno\u00bb type=\u00bbgrid\u00bb angled_section=\u00bbno\u00bb text_align=\u00bbleft\u00bb background_image_as_pattern=\u00bbwithout_pattern\u00bb css_animation=\u00bb\u00bb css=\u00bb.vc_custom_1486479208780{padding-top: 50px !important;padding-right: 5% !important;padding-bottom: 50px !important;padding-left: 5% !important;}\u00bb][vc_column][vc_column_text]<strong>Tarjeta de cr\u00e9dito:<\/strong> Se paga en el hotel. Los datos de la tarjeta de cr\u00e9dito se utilizan como garant\u00eda.<br \/>\nEl establecimiento se reserva el derecho de realizar bloqueo del importe correspondiente de la reserva en la tarjeta de cr\u00e9dito.<\/p>\n<p>Impuestos y cargos adicionales: el IVA est\u00e1 incluido. Impuesto municipal no aplicable. Cargo por servicio no aplicable.<\/p>\n<p>Cancelaciones:<\/p>\n<p><strong>POLITICA DE CANCELACI\u00d3N DE LAS RESERVAS:<\/strong><br \/>\nSi cancela o modifica la reserva hasta 30 d\u00edas antes de la fecha de llegada, el establecimiento no efectuar\u00e1 cargos.<br \/>\nSi cancela o modifica la reserva fuera de plazo el establecimiento cargar\u00e1 1 noche.<br \/>\nSi no se presenta, el hotel cargar\u00e1 el 100% de la totalidad de la reserva.<br \/>\nEn fechas especiales tales como Congresos en la ciudad, Semana Santa, Navidad, Fin de A\u00f1o y la primera Quincena de Agosto hasta 25 d\u00edas antes de la fecha de llegada 1 noche , fuera de este plazo se cargar\u00e1 el 100% de la totalidad de la reserva.<\/p>\n<p><strong>OTROS:<\/strong><br \/>\nEl establecimiento se reserva el derecho de <strong>NO ACEPTAR<\/strong> la reserva si no coincide el n\u00famero de personas declaradas, si se rebasa las autorizadas o si se incumple cualquier otra norma de R\u00e9gimen Interno del establecimiento. Esto llevar\u00e1 consigo la p\u00e9rdida total del importe de dicha reserva.<br \/>\nEn el momento de confirmaci\u00f3n de la reserva se <strong>ACEPTAN<\/strong> todas las normas y condiciones de la misma.<\/p>\n<p><strong>SE PROHIBE FUMAR EN EL ESTABLECIMIENTO.<\/strong><br \/>\n<strong> EL ESTABLECIMIENTO NO ADMITE MASCOTAS.<\/strong><\/p>\n<p><strong>CONDICIONES DE ENTRADA Y SALIDA :<\/strong><\/p>\n<p>El hu\u00e9sped debe contactar con la propiedad al menos 24:00 horas antes de su llegada con el establecimiento para coordinar la entrega de llaves.<\/p>\n<ul>\n<li>Entrada entre las 16:00 y las 20:00 HORAS.<\/li>\n<li>Salida antes de las 12:00 HORAS.<\/li>\n<\/ul>\n<p>Despu\u00e9s de las 20:00 horas y bajo petici\u00f3n, las entradas se realizar\u00e1n con un suplemento de 25,00 eur<\/p>\n<p>Apartamentos Aurelia Antica en nombre de la mercantil DESTINOS Y AVENTURAS S.L.le informa que para hacer uso de sus servicios de reserva online es necesario que nos suministre determinados datos de car\u00e1cter personal, que en cumplimiento con la Directiva Europea (Directiva 95\/46\/EG de 24 de Octubre 1995) y la Legislaci\u00f3n de Privacidad de Espa\u00f1a, ser\u00e1n objeto de tratamiento automatizado e incorporados a nuestros correspondientes ficheros con la exclusiva finalidad de proporcionarle los servicios ofertados.<br \/>\nApartamentos Aurelia Antica le informa que sus datos son tratados confidencialmente y son utilizados exclusivamente de manera interna y para las finalidades indicadas. Por lo tanto, no cedemos ni comunicamos a ning\u00fan tercero sus datos, salvo que el usuario nos lo autorice, y en los casos legalmente previstos.[\/vc_column_text][\/vc_column][\/vc_row][vc_row row_type=\u00bbrow\u00bb use_row_as_full_screen_section=\u00bbno\u00bb type=\u00bbfull_width\u00bb angled_section=\u00bbno\u00bb text_align=\u00bbleft\u00bb background_image_as_pattern=\u00bbwithout_pattern\u00bb css_animation=\u00bb\u00bb][vc_column][vc_empty_space][\/vc_column][\/vc_row]<\/p>\n","protected":false},"excerpt":{"rendered":"<p>[vc_row row_type=\u00bbrow\u00bb use_row_as_full_screen_section=\u00bbno\u00bb type=\u00bbgrid\u00bb angled_section=\u00bbno\u00bb text_align=\u00bbleft\u00bb background_image_as_pattern=\u00bbwithout_pattern\u00bb css_animation=\u00bb\u00bb css=\u00bb.vc_custom_1486479208780{padding-top: 50px !important;padding-right: 5% !important;padding-bottom: 50px !important;padding-left:&#8230;<\/p>\n","protected":false},"author":1,"featured_media":0,"parent":0,"menu_order":0,"comment_status":"closed","ping_status":"open","template":"","meta":{"footnotes":""},"_links":{"self":[{"href":"https:\/\/apartamentosaureliantica.com\/es\/wp-json\/wp\/v2\/pages\/355"}],"collection":[{"href":"https:\/\/apartamentosaureliantica.com\/es\/wp-json\/wp\/v2\/pages"}],"about":[{"href":"https:\/\/apartamentosaureliantica.com\/es\/wp-json\/wp\/v2\/types\/page"}],"author":[{"embeddable":true,"href":"https:\/\/apartamentosaureliantica.com\/es\/wp-json\/wp\/v2\/users\/1"}],"replies":[{"embeddable":true,"href":"https:\/\/apartamentosaureliantica.com\/es\/wp-json\/wp\/v2\/comments?post=355"}],"version-history":[{"count":2,"href":"https:\/\/apartamentosaureliantica.com\/es\/wp-json\/wp\/v2\/pages\/355\/revisions"}],"predecessor-version":[{"id":765,"href":"https:\/\/apartamentosaureliantica.com\/es\/wp-json\/wp\/v2\/pages\/355\/revisions\/765"}],"wp:attachment":[{"href":"https:\/\/apartamentosaureliantica.com\/es\/wp-json\/wp\/v2\/media?parent=355"}],"curies":[{"name":"wp","href":"https:\/\/api.w.org\/{rel}","templated":true}]}}