{"id":393,"date":"2017-01-20T11:50:08","date_gmt":"2017-01-20T11:50:08","guid":{"rendered":"http:\/\/apartamentosaureliantica.loading.net\/?page_id=393"},"modified":"2021-03-24T10:18:58","modified_gmt":"2021-03-24T10:18:58","slug":"apartamentos","status":"publish","type":"page","link":"https:\/\/apartamentosaureliantica.com\/es\/apartamentos\/","title":{"rendered":"Apartamentos"},"content":{"rendered":"<p>[vc_row row_type=\u00bbrow\u00bb use_row_as_full_screen_section=\u00bbno\u00bb type=\u00bbfull_width\u00bb angled_section=\u00bbno\u00bb text_align=\u00bbleft\u00bb background_image_as_pattern=\u00bbwithout_pattern\u00bb css_animation=\u00bb\u00bb css=\u00bb.vc_custom_1488547675390{padding-top: 50px !important;}\u00bb][vc_column]<div class=\"call_to_action normal\" style=\"background-color: #ffffff;\"><div class=\"container_inner\"><div class=\"two_columns_75_25 clearfix\"><div class=\"text_wrapper column1\"><div class=\"call_to_action_text  letter_spacing_inherit\" style=\"letter-spacing: 0px;\"><\/p>\n<h3 style=\"text-align: center;\">Ven y Si\u00e9ntenos&#8230;<\/h3>\n<p><\/div><\/div><div class=\"button_wrapper column2\"><a itemprop=\"url\" href=\"https:\/\/booking.redforts.com\/oMgcKUTv\" class=\"qbutton white \" target=\"_blank\" style=\"color: #ffffff;border-color: #677e09;background-color: #677e09;\"data-hover-background-color=#222222 data-hover-border-color=#222222 data-hover-color=#ffffff>RESERVA ONLINE 24H<\/a><\/div><\/div><\/div><\/div>[\/vc_column][\/vc_row][vc_row row_type=\u00bbrow\u00bb use_row_as_full_screen_section=\u00bbno\u00bb type=\u00bbgrid\u00bb anchor=\u00bbabout\u00bb angled_section=\u00bbno\u00bb text_align=\u00bbleft\u00bb background_image_as_pattern=\u00bbwithout_pattern\u00bb css_animation=\u00bb\u00bb css=\u00bb.vc_custom_1488547734860{padding-bottom: 87px !important;}\u00bb][vc_column][vc_empty_space height=\u00bb5px\u00bb][vc_row_inner row_type=\u00bbrow\u00bb type=\u00bbgrid\u00bb text_align=\u00bbleft\u00bb css_animation=\u00bb\u00bb css=\u00bb.vc_custom_1468314665382{padding-top: 68px !important;}\u00bb][vc_column_inner offset=\u00bbvc_col-lg-6 vc_col-md-6&#8243; css=\u00bb.vc_custom_1467974263073{padding-right: 2.3% !important;}\u00bb][vc_column_text el_class=\u00bbjustificar\u00bb]<\/p>\n<h4 style=\"color: #677e09;\">Un poco de historia del edificio?<\/h4>\n<p><strong style=\"color: #677e09;\">Los apartamentos Aurelia Ant\u00edca<\/strong> est\u00e1n situados en una <strong style=\"color: #677e09;\">antigua casa<\/strong> vinculada a los <strong style=\"color: #677e09;\">Can\u00f3nigos Regulares de la Concepci\u00f3n. <\/strong><\/p>\n<p>En el <strong style=\"color: #677e09;\">a\u00f1o 2012 comenz\u00f3 la rehabilitaci\u00f3n<\/strong> del inmueble por su propietaria Mar\u00eda L. Su\u00e1rez, qui\u00e9n escrupulosamente mantuvo en todo momento de forma responsable y conforme a los c\u00e1nones sus aspectos m\u00e1s relevantes y originales, grosor de los <strong style=\"color: #677e09;\">muros de piedra, alacenas, chimeneas<\/strong>, alturas de sus techos, ventanas y contraventanas, son muestras que caracterizan la <strong style=\"color: #677e09;\">arquitectura<\/strong> popular de Santiago de Compostela en los <strong style=\"color: #677e09;\">siglos XVIII y XIX.<\/strong><\/p>\n<p>Cobra importancia en el casco hist\u00f3rico la <strong style=\"color: #677e09;\">combinaci\u00f3n junto a las t\u00e9cnicas de anta\u00f1o<\/strong> empleadas, los <strong style=\"color: #677e09;\">\u00faltimos avances en construcci\u00f3n,<\/strong> tales como los aislamientos ac\u00fasticos y t\u00e9rmicos que hacen que este establecimiento est\u00e9 dotado de una estructura <strong style=\"color: #677e09;\">excelente y de gran calidad.<\/strong><\/p>\n<p><strong style=\"color: #677e09;\">Los apartamentos se abren a dos calles emblem\u00e1ticas<\/strong> en el casco hist\u00f3rico y en la entrada del Camino franc\u00e9s en la ciudad. <strong style=\"color: #677e09;\">La R\u00faa \u00a0San Pedro y la R\u00faa do Medio.<\/strong> Esto lo hace diferente.\u00a0El barrio de San Pedro, es milenario y casi tan antiguo como la propia ciudad; <strong>\u00a0Es un barrio vivo, din\u00e1mico, multicultural y con una amplia oferta gastron\u00f3mica;<\/strong> contrasta con la seriedad y suntuosidad del centro hist\u00f3rico, la suya es, \u00a1la grandeza que nace de la simplicidad!.<\/p>\n<p><strong style=\"color: #677e09;\">Es el \u00faltimo tramo del Camino<\/strong> antes de llegar a la ciudad amurallada. Por este motivo, <strong style=\"color: #677e09;\">la R\u00faa San Pedro fue y sigue siendo la principal arteria del barrio.<\/strong>\u00a0Es transitada a diario por cientos de personas, adem\u00e1s de los peregrinos, es la calle que sirve de comunicaci\u00f3n entre el casco hist\u00f3rico y la periferia. San Pedro, el primer burdo que anuncia la entrada en la zona monumental a los caminantes que arriban por la v\u00eda francesa; en la zona se unen peregrinos, estudiantes, artistas y trabajadores, <strong style=\"color: #677e09;\">convirti\u00e9ndose en una de las calles de mayor ambiente de la capital gallega.<\/strong>[\/vc_column_text][vc_empty_space height=\u00bb40px\u00bb][\/vc_column_inner][vc_column_inner offset=\u00bbvc_col-lg-6 vc_col-md-6&#8243; css=\u00bb.vc_custom_1467974270400{padding-right: 2.3% !important;}\u00bb][vc_single_image image=\u00bb699&#8243; img_size=\u00bbfull\u00bb qode_css_animation=\u00bb\u00bb][vc_empty_space height=\u00bb21px\u00bb][vc_column_text][\/vc_column_text][vc_empty_space height=\u00bb40px\u00bb][\/vc_column_inner][\/vc_row_inner][vc_empty_space height=\u00bb26px\u00bb][vc_column_text]<\/p>\n<h3 style=\"text-align: center;\">Nuestros Apartamentos<\/h3>\n<p>[\/vc_column_text][vc_empty_space height=\u00bb11px\u00bb][vc_row_inner row_type=\u00bbrow\u00bb type=\u00bbgrid\u00bb text_align=\u00bbcenter\u00bb css_animation=\u00bb\u00bb css=\u00bb.vc_custom_1485267727778{padding-top: 68px !important;}\u00bb][vc_column_inner offset=\u00bbvc_col-lg-6 vc_col-md-6&#8243; css=\u00bb.vc_custom_1467974263073{padding-right: 2.3% !important;}\u00bb][vc_single_image image=\u00bb1719&#8243; img_size=\u00bbfull\u00bb add_caption=\u00bbyes\u00bb onclick=\u00bbcustom_link\u00bb qode_css_animation=\u00bb\u00bb link=\u00bb\/apartamento-rua-do-medio\/\u00bb][vc_empty_space height=\u00bb21px\u00bb][vc_column_text]<\/p>\n<h4 style=\"text-align: center;\"><a href=\"https:\/\/apartamentosaureliantica.com\/apartamento-rua-do-medio\/\">Apartamento R\u00faa do Medio<\/a><\/h4>\n<p>[\/vc_column_text][vc_empty_space height=\u00bb3px\u00bb][vc_column_text]<\/p>\n<p style=\"text-align: center;\">No es un apartamento al uso, es realmente una casa, sus estancias est\u00e1n independizadas y divididas, su amplitud poco com\u00fan en el casco hist\u00f3rico.<\/p>\n<p style=\"text-align: center;\">Se accede directamente desde la calle que le da nombre y hasta aqu\u00ed se puede llegar en coche y bajar c\u00f3modamente el equipaje.<\/p>\n<p>[\/vc_column_text][vc_empty_space height=\u00bb21px\u00bb]<a  itemprop=\"url\" href=\"https:\/\/booking.redforts.com\/oMgcKUTv\" target=\"_blank\" data-hover-background-color=#222222 data-hover-border-color=#222222 data-hover-color=#ffffff class=\"qbutton  large center white default\" style=\"color: #ffffff; border-color: #677e09; font-style: normal; background-color: #677e09;\">Reservar<\/a>[vc_empty_space height=\u00bb60px\u00bb][\/vc_column_inner][vc_column_inner offset=\u00bbvc_col-lg-6 vc_col-md-6&#8243; css=\u00bb.vc_custom_1467974270400{padding-right: 2.3% !important;}\u00bb][vc_single_image image=\u00bb366&#8243; img_size=\u00bbfull\u00bb onclick=\u00bbcustom_link\u00bb qode_css_animation=\u00bb\u00bb link=\u00bb\/apartamento-rua-san-pedro\/\u00bb][vc_empty_space height=\u00bb21px\u00bb][vc_column_text]<\/p>\n<h4 style=\"text-align: center;\"><a href=\"https:\/\/apartamentosaureliantica.com\/apartamento-rua-san-pedro\/\">Apartamento R\u00faa San Pedro<\/a><\/h4>\n<p>[\/vc_column_text][vc_empty_space height=\u00bb3px\u00bb][vc_column_text]<\/p>\n<p style=\"text-align: center;\">Toma el nombre de la calle donde se ubica, una calle semipeatonal aunque puedes llegar en coche. Abrir su puerta y observar el entusiasmo de los peregrinos en los \u00faltimos metros que le quedan para alcanzar la meta en su \u00faltima etapa del Camino franc\u00e9s, no tiene parang\u00f3n.<\/p>\n<p>[\/vc_column_text][vc_empty_space height=\u00bb21px\u00bb]<a  itemprop=\"url\" href=\"https:\/\/booking.redforts.com\/oMgcKUTv\" target=\"_blank\" data-hover-background-color=#222222 data-hover-border-color=#222222 data-hover-color=#ffffff class=\"qbutton  large center white default\" style=\"color: #ffffff; border-color: #677e09; font-style: normal; background-color: #677e09;\">Reservar<\/a>[\/vc_column_inner][\/vc_row_inner][\/vc_column][\/vc_row][vc_row row_type=\u00bbrow\u00bb use_row_as_full_screen_section=\u00bbno\u00bb type=\u00bbfull_width\u00bb angled_section=\u00bbno\u00bb text_align=\u00bbleft\u00bb background_image_as_pattern=\u00bbwithout_pattern\u00bb css_animation=\u00bb\u00bb css=\u00bb.vc_custom_1484914867986{padding-top: 30px !important;padding-bottom: 30px !important;}\u00bb][vc_column][vc_gallery type=\u00bbimage_grid\u00bb images=\u00bb415,414,413,412,411,410,408,407,406,405,404,403,402,426,427&#8243; img_size=\u00bbfull\u00bb onclick=\u00bb\u00bb column_number=\u00bb3&#8243; grayscale=\u00bbyes\u00bb images_space=\u00bbgallery_with_space\u00bb][\/vc_column][\/vc_row][vc_row row_type=\u00bbparallax\u00bb header_style=\u00bbdark\u00bb parallax_content_width=\u00bbfull_width\u00bb text_align=\u00bbcenter\u00bb background_image=\u00bb877&#8243; full_screen_section_height=\u00bbno\u00bb][vc_column css=\u00bb.vc_custom_1612953229752{padding-top: 50px !important;}\u00bb][vc_empty_space][vc_column_text]<\/p>\n<h3 style=\"text-align: center; line-height: 1.3;\">Al reservar a trav\u00e9s de nuestra web dejar\u00e9 todo preparado para que pod\u00e1is disfrutar de un RICO DESAYUNO.<\/h3>\n<p>[\/vc_column_text][vc_empty_space][vc_column_text]<\/p>\n<h5 style=\"text-align: center;\">Sin coste para t\u00ed. Desayuno incluido.<\/h5>\n<p>[\/vc_column_text][vc_empty_space]<a  itemprop=\"url\" href=\"https:\/\/booking.redforts.com\/oMgcKUTv\" target=\"_blank\" data-hover-background-color=#222222 data-hover-border-color=#222222 data-hover-color=#ffffff class=\"qbutton  large center default\" style=\"color: #ffffff; border-color: #677e09; font-style: normal; background-color: #677e09;\">Reservar<\/a>[vc_empty_space height=\u00bb64px\u00bb][\/vc_column][\/vc_row][vc_row row_type=\u00bbrow\u00bb use_row_as_full_screen_section=\u00bbno\u00bb type=\u00bbgrid\u00bb anchor=\u00bbstory\u00bb angled_section=\u00bbno\u00bb text_align=\u00bbleft\u00bb background_image_as_pattern=\u00bbwithout_pattern\u00bb css_animation=\u00bb\u00bb css=\u00bb.vc_custom_1484919827139{padding-top: 42px !important;}\u00bb][vc_column][vc_column_text]<\/p>\n<h3 style=\"text-align: center;\">A tu medida &#8230;!!<\/h3>\n<p>[\/vc_column_text][vc_empty_space height=\u00bb11px\u00bb][vc_column_text]<\/p>\n<h5 style=\"text-align: center;\">Puedo ofrecerte otros servicios previa<br \/>\npetici\u00f3n anticipada. Escr\u00edbeme y te informar\u00e9.<\/h5>\n<p>[\/vc_column_text][\/vc_column][\/vc_row][vc_row row_type=\u00bbrow\u00bb use_row_as_full_screen_section=\u00bbno\u00bb type=\u00bbgrid\u00bb angled_section=\u00bbno\u00bb text_align=\u00bbleft\u00bb background_image_as_pattern=\u00bbwithout_pattern\u00bb css_animation=\u00bb\u00bb css=\u00bb.vc_custom_1468319224579{padding-top: 59px !important;padding-bottom: 110px !important;}\u00bb][vc_column width=\u00bb1\/2&#8243; offset=\u00bbvc_col-lg-3 vc_col-md-3&#8243;][vc_single_image image=\u00bb550&#8243; img_size=\u00bbfull\u00bb qode_css_animation=\u00bb\u00bb][vc_empty_space height=\u00bb36px\u00bb][vc_column_text]<\/p>\n<h6 style=\"text-align: center;\">En Nuestra Casa<\/h6>\n<p>[\/vc_column_text][vc_empty_space height=\u00bb18px\u00bb][vc_column_text]<\/p>\n<p style=\"text-align: center;\">\u00bfUna cena Gourmet privada?<br \/>\nLo podemos organizar<br \/>\nen el Apto R\u00faa do Medio.<\/p>\n<p>[\/vc_column_text][vc_empty_space height=\u00bb40px\u00bb][\/vc_column][vc_column width=\u00bb1\/2&#8243; offset=\u00bbvc_col-lg-3 vc_col-md-3&#8243;][vc_single_image image=\u00bb375&#8243; img_size=\u00bbfull\u00bb qode_css_animation=\u00bb\u00bb][vc_empty_space height=\u00bb36px\u00bb][vc_column_text]<\/p>\n<h6 style=\"text-align: center;\">Con el Mejor Gu\u00eda<\/h6>\n<p>[\/vc_column_text][vc_empty_space height=\u00bb18px\u00bb][vc_column_text]<\/p>\n<p style=\"text-align: center;\">\u00bfUna visita a la ciudad?<br \/>\n\u00bfUn traslado privado?<br \/>\n\u00bfReservar el Botafumeiro?<\/p>\n<p>[\/vc_column_text][vc_empty_space height=\u00bb40px\u00bb][\/vc_column][vc_column width=\u00bb1\/2&#8243; offset=\u00bbvc_col-lg-3 vc_col-md-3&#8243;][vc_single_image image=\u00bb376&#8243; img_size=\u00bbfull\u00bb qode_css_animation=\u00bb\u00bb][vc_empty_space height=\u00bb36px\u00bb][vc_column_text]<\/p>\n<h6 style=\"text-align: center;\">Relax al Final del Camino<\/h6>\n<p>[\/vc_column_text][vc_empty_space height=\u00bb18px\u00bb][vc_column_text]<\/p>\n<p style=\"text-align: center;\">\u00bfUna reserva en SPA?<br \/>\n\u00bfBalneario?<br \/>\n\u00bfUn masaje?<\/p>\n<p>[\/vc_column_text][vc_empty_space height=\u00bb40px\u00bb][\/vc_column][vc_column width=\u00bb1\/2&#8243; offset=\u00bbvc_col-lg-3 vc_col-md-3&#8243;][vc_single_image image=\u00bb553&#8243; img_size=\u00bbfull\u00bb qode_css_animation=\u00bb\u00bb][vc_empty_space height=\u00bb36px\u00bb][vc_column_text]<\/p>\n<h6 style=\"text-align: center;\">De Confianza y Dulce<\/h6>\n<p>[\/vc_column_text][vc_empty_space height=\u00bb18px\u00bb][vc_column_text]<\/p>\n<p style=\"text-align: center;\">\u00bfNecesitas una babysitter?<br \/>\n\u00bfCompra en el supermercado?<br \/>\n\u00bfUna tarta de cumplea\u00f1os ?<\/p>\n<p>[\/vc_column_text][vc_empty_space height=\u00bb40px\u00bb][\/vc_column][\/vc_row][vc_row row_type=\u00bbrow\u00bb use_row_as_full_screen_section=\u00bbno\u00bb type=\u00bbfull_width\u00bb anchor=\u00bblocations\u00bb angled_section=\u00bbno\u00bb text_align=\u00bbleft\u00bb background_image_as_pattern=\u00bbwithout_pattern\u00bb css_animation=\u00bb\u00bb][vc_column]<div class='google_map_shortcode_holder' style='height:600px;'><div class='qode_google_map' style='height:600px;' id='map_canvas_19482' data-addresses='[\"R\u00faa de San Pedro, 13, 15703 Santiago de Compostela, A Coru\u00f1a, Espa\u00f1a\"]' data-custom-map-style='true' data-color-overlay='#393939' data-saturation='-100' data-lightness='10' data-zoom='16' data-pin='https:\/\/apartamentosaureliantica.com\/wp-content\/uploads\/2016\/07\/icono-ok-1.png' data-unique-id='19482' data-google-maps-scroll-wheel='false' data-map-height='600'><\/div><div class='google_map_shortcode_overlay'><\/div><\/div>[\/vc_column][\/vc_row][vc_row row_type=\u00bbrow\u00bb use_row_as_full_screen_section=\u00bbno\u00bb type=\u00bbfull_width\u00bb angled_section=\u00bbno\u00bb text_align=\u00bbleft\u00bb background_image_as_pattern=\u00bbwithout_pattern\u00bb css_animation=\u00bb\u00bb][vc_column]<div class=\"call_to_action normal\" style=\"background-color: #fafafa;padding-top: 69px;padding-bottom: 69px;\"><div class=\"container_inner\"><div class=\"two_columns_75_25 clearfix\"><div class=\"text_wrapper column1\"><div class=\"call_to_action_text  letter_spacing_inherit\" style=\"letter-spacing: 0px;\"><\/p>\n<h5>Ven a visitarnos.<\/h5>\n<p><\/div><\/div><div class=\"button_wrapper column2\"><a itemprop=\"url\" href=\"https:\/\/booking.redforts.com\/oMgcKUTv\" class=\"qbutton white \" target=\"_blank\" style=\"color: #ffffff;border-color: #677e09;background-color: #677e09;\"data-hover-background-color=#222222 data-hover-border-color=#222222 data-hover-color=#ffffff>Reservar<\/a><\/div><\/div><\/div><\/div>[\/vc_column][\/vc_row][vc_row row_type=\u00bbparallax\u00bb parallax_content_width=\u00bbin_grid\u00bb anchor=\u00bbnews\u00bb text_align=\u00bbcenter\u00bb background_image=\u00bb401&#8243; full_screen_section_height=\u00bbno\u00bb][vc_column css=\u00bb.vc_custom_1468419477434{padding-top: 9% !important;padding-bottom: 11.35% !important;}\u00bb][vc_column_text]<\/p>\n<h3 style=\"text-align: center;\"><span style=\"color: #ffffff;\">\u00bfQu\u00e9 hacer en Santiago?<\/span><\/h3>\n<p>[\/vc_column_text][vc_empty_space height=\u00bb11px\u00bb][vc_column_text]<\/p>\n<h5 style=\"text-align: center;\"><span style=\"color: #ffffff;\">SANTIAGO, \u00a1 si vienes te daremos un abrazo como una Catedral !<\/span><\/h5>\n<p>[\/vc_column_text][vc_empty_space height=\u00bb68px\u00bb][vc_row_inner row_type=\u00bbrow\u00bb type=\u00bbfull_width\u00bb text_align=\u00bbleft\u00bb css_animation=\u00bb\u00bb][vc_column_inner offset=\u00bbvc_col-lg-12 vc_col-md-12&#8243;]<div class='latest_post_two_holder three_columns'><ul><\/ul><\/div>[\/vc_column_inner][\/vc_row_inner][vc_empty_space height=\u00bb15px\u00bb]<a  itemprop=\"url\" href=\"\/que-hacer\/\" target=\"_self\" data-hover-background-color=#222222 data-hover-border-color=#222222 data-hover-color=#ffffff class=\"qbutton  large center default\" style=\"color: #ffffff; border-color: #677e09; font-style: normal; background-color: #677e09;\">Que Hacer<\/a>[\/vc_column][\/vc_row]<\/p>\n","protected":false},"excerpt":{"rendered":"<p>[vc_row row_type=\u00bbrow\u00bb use_row_as_full_screen_section=\u00bbno\u00bb type=\u00bbfull_width\u00bb angled_section=\u00bbno\u00bb text_align=\u00bbleft\u00bb background_image_as_pattern=\u00bbwithout_pattern\u00bb css_animation=\u00bb\u00bb css=\u00bb.vc_custom_1488547675390{padding-top: 50px !important;}\u00bb][vc_column][\/vc_column][\/vc_row][vc_row row_type=\u00bbrow\u00bb use_row_as_full_screen_section=\u00bbno\u00bb type=\u00bbgrid\u00bb anchor=\u00bbabout\u00bb&#8230;<\/p>\n","protected":false},"author":1,"featured_media":0,"parent":0,"menu_order":0,"comment_status":"closed","ping_status":"closed","template":"full_width.php","meta":{"footnotes":""},"_links":{"self":[{"href":"https:\/\/apartamentosaureliantica.com\/es\/wp-json\/wp\/v2\/pages\/393"}],"collection":[{"href":"https:\/\/apartamentosaureliantica.com\/es\/wp-json\/wp\/v2\/pages"}],"about":[{"href":"https:\/\/apartamentosaureliantica.com\/es\/wp-json\/wp\/v2\/types\/page"}],"author":[{"embeddable":true,"href":"https:\/\/apartamentosaureliantica.com\/es\/wp-json\/wp\/v2\/users\/1"}],"replies":[{"embeddable":true,"href":"https:\/\/apartamentosaureliantica.com\/es\/wp-json\/wp\/v2\/comments?post=393"}],"version-history":[{"count":85,"href":"https:\/\/apartamentosaureliantica.com\/es\/wp-json\/wp\/v2\/pages\/393\/revisions"}],"predecessor-version":[{"id":1723,"href":"https:\/\/apartamentosaureliantica.com\/es\/wp-json\/wp\/v2\/pages\/393\/revisions\/1723"}],"wp:attachment":[{"href":"https:\/\/apartamentosaureliantica.com\/es\/wp-json\/wp\/v2\/media?parent=393"}],"curies":[{"name":"wp","href":"https:\/\/api.w.org\/{rel}","templated":true}]}}