{"id":431,"date":"2017-01-20T12:45:38","date_gmt":"2017-01-20T12:45:38","guid":{"rendered":"http:\/\/apartamentosaureliantica.loading.net\/?page_id=431"},"modified":"2017-02-28T19:56:36","modified_gmt":"2017-02-28T19:56:36","slug":"sobre-mi","status":"publish","type":"page","link":"https:\/\/apartamentosaureliantica.com\/es\/sobre-mi\/","title":{"rendered":"Sobre mi"},"content":{"rendered":"<p>[vc_row row_type=\u00bbrow\u00bb use_row_as_full_screen_section=\u00bbno\u00bb type=\u00bbgrid\u00bb anchor=\u00bbabout\u00bb angled_section=\u00bbno\u00bb text_align=\u00bbleft\u00bb background_image_as_pattern=\u00bbwithout_pattern\u00bb css_animation=\u00bb\u00bb css=\u00bb.vc_custom_1486131350875{padding-top: 50px !important;padding-bottom: 50px !important;}\u00bb][vc_column][vc_empty_space height=\u00bb26px\u00bb][vc_column_text]<\/p>\n<h3 style=\"text-align: center;\">Sobre mi<\/h3>\n<p>[\/vc_column_text][vc_empty_space height=\u00bb11px\u00bb][vc_row_inner row_type=\u00bbrow\u00bb type=\u00bbgrid\u00bb text_align=\u00bbleft\u00bb css_animation=\u00bb\u00bb css=\u00bb.vc_custom_1468314665382{padding-top: 68px !important;}\u00bb][vc_column_inner offset=\u00bbvc_col-lg-6 vc_col-md-6&#8243; css=\u00bb.vc_custom_1467974263073{padding-right: 2.3% !important;}\u00bb][vc_empty_space height=\u00bb21px\u00bb][vc_column_text el_class=\u00bbjustificar\u00bb]Hola, soy Mar\u00eda,<\/p>\n<p>puedes pasar al sal\u00f3n, sentarte e incluso quitar los zapatos.<\/p>\n<blockquote><p><strong style=\"color: #677e09;\">\u00a1Est\u00e1s EN CASA!<\/strong><\/p><\/blockquote>\n<p>Y por ello en el lugar adecuado\u00a0 para relajarse.<br \/>\nMe gusta crear y construir, \u00a0no es este mi primer proyecto en el sector hotelero y cu\u00e1ndo cay\u00f3 en mis manos esta casa necesitaba una buena rehabilitaci\u00f3n. Dos a\u00f1os moviendo papeles, uno en obras y el resultado ha sido una casa nueva de bajo y 2 plantas.<\/p>\n<p><strong style=\"color: #677e09;\">Estoy segura que te sentir\u00e1s como en casa porque as\u00ed la he pensado<\/strong>.<\/p>\n<p>He dise\u00f1ado 2 apartamentos donde \u00a0<strong style=\"color: #677e09;\">el confort y los espacios amplios cobran especial relevancia y <\/strong>donde he intentado que no ech\u00e9is\u00a0 nada de menos. Me gusta la decoraci\u00f3n que he tratado de cuidar con detalle. Tambi\u00e9n he prestado atenci\u00f3n\u00a0 a las necesidades particulares de familias, grupo de amigos o simplemente parejas, pensada sobre todo para disfrutar cu\u00e1ndo te desplaces y vengas.<\/p>\n<p>Nuestro destino puede ser la primera vez que lo visites, o tal vez ya no lo sea, pero\u00a0 <strong style=\"color: #677e09;\">Santiago\u00a0 supone siempre un desaf\u00edo\u2026<\/strong>\u00a0si hay algo que me gusta es \u00a0que se cumplan tus expectativas.<br \/>\nQuiero ser flexible e innovadora, la rutina no encaja con mi forma de trabajar. Despu\u00e9s de vuestra estancia quiero siempre estar abierta a vuestras sugerencias \u00a0y ser part\u00edcipe de vuestra experiencia. Tambi\u00e9n quiero estar dispuesta a cambios permanentes para procurar ser cada d\u00eda mejor.<\/p>\n<p>Creo que la <strong style=\"color: #677e09;\">seriedad, la eficiencia\u00a0 y la profesionalidad<\/strong> no est\u00e1n re\u00f1idas con un\u00a0<strong style=\"color: #677e09;\">trato muy cercano, detallista y totalmente personalizado<\/strong>.<\/p>\n<p><strong style=\"color: #677e09;\">Quiero \u00a0que t\u00fa y tus acompa\u00f1antes os divirt\u00e1is\u00a0 much\u00edsimo en vuestro viaje<\/strong>, que os sint\u00e1is a gusto y desde el primer momento\u00a0en casa, ya que \u00e9sta,\u00a0que es mi casa, ser\u00e1 la vuestra por unos d\u00edas.<\/p>\n<p>Recuerda que siempre estar\u00e9 al otro lado del tel\u00e9fono para resolver vuestras dudas o ayudaros en vuestra estancia en Compostela.<\/p>\n<p>Si quieres saber m\u00e1s cosas sobre el establecimiento y la ciudad solo tienes que pinchar los distintos apartados e ir descubri\u00e9ndonos.\u00a0 Y si lo que quieres es venir a conocernos y disfrutar de esta fant\u00e1stica ciudad pincha en reservar.<br \/>\n\u00a1Mil gracias![\/vc_column_text][vc_empty_space height=\u00bb12px\u00bb][\/vc_column_inner][vc_column_inner offset=\u00bbvc_col-lg-6 vc_col-md-6&#8243; css=\u00bb.vc_custom_1467974270400{padding-right: 2.3% !important;}\u00bb][vc_empty_space height=\u00bb21px\u00bb][vc_single_image image=\u00bb435&#8243; img_size=\u00bbfull\u00bb qode_css_animation=\u00bb\u00bb][vc_empty_space height=\u00bb21px\u00bb][\/vc_column_inner][\/vc_row_inner][\/vc_column][\/vc_row][vc_row row_type=\u00bbrow\u00bb use_row_as_full_screen_section=\u00bbno\u00bb type=\u00bbfull_width\u00bb angled_section=\u00bbno\u00bb text_align=\u00bbleft\u00bb background_image_as_pattern=\u00bbwithout_pattern\u00bb css_animation=\u00bb\u00bb][vc_column]<div class=\"container_inner\"><div class=\"call_to_action simple\" style=\"background-color: #ffffff;padding-top: 40px;padding-bottom: 40px;\"><div class=\"text_wrapper column1\"><div class=\"call_to_action_text  letter_spacing_inherit\" style=\"letter-spacing: 0px;\"><\/div><a itemprop=\"url\" href=\"\/apartamentos\/\" class=\"qbutton white \" target=\"_self\" style=\"color: #ffffff;border-color: #677e09;background-color: #677e09;\"data-hover-background-color=#222222 data-hover-border-color=#222222 data-hover-color=#ffffff>\u00bfQuieres ver los Apartamentos?<\/a><\/div><\/div><\/div>[\/vc_column][\/vc_row][vc_row row_type=\u00bbrow\u00bb use_row_as_full_screen_section=\u00bbno\u00bb type=\u00bbgrid\u00bb anchor=\u00bbstory\u00bb angled_section=\u00bbno\u00bb text_align=\u00bbleft\u00bb background_image_as_pattern=\u00bbwithout_pattern\u00bb css_animation=\u00bb\u00bb css=\u00bb.vc_custom_1484920437367{padding-top: 42px !important;}\u00bb][vc_column][vc_column_text]<\/p>\n<h3 style=\"text-align: center;\">A tu medida &#8230;!!<\/h3>\n<p>[\/vc_column_text][vc_empty_space height=\u00bb11px\u00bb][vc_column_text]<\/p>\n<h5 style=\"text-align: center;\">Podemos ofrecerte otros servicios.<\/h5>\n<h5 style=\"text-align: center;\">Escr\u00edbenos y te informamos.<\/h5>\n<p style=\"text-align: center;\">(al menos 72 horas antes)<\/p>\n<p>[\/vc_column_text][\/vc_column][\/vc_row][vc_row row_type=\u00bbrow\u00bb use_row_as_full_screen_section=\u00bbno\u00bb type=\u00bbgrid\u00bb angled_section=\u00bbno\u00bb text_align=\u00bbleft\u00bb background_image_as_pattern=\u00bbwithout_pattern\u00bb css_animation=\u00bb\u00bb css=\u00bb.vc_custom_1486131379891{padding-top: 59px !important;padding-bottom: 59px !important;}\u00bb][vc_column width=\u00bb1\/2&#8243; offset=\u00bbvc_col-lg-3 vc_col-md-3&#8243;][vc_single_image image=\u00bb550&#8243; img_size=\u00bbfull\u00bb qode_css_animation=\u00bb\u00bb][vc_empty_space height=\u00bb36px\u00bb][vc_column_text]<\/p>\n<h6 style=\"text-align: center;\">En Nuestra Casa<\/h6>\n<p>[\/vc_column_text][vc_empty_space height=\u00bb18px\u00bb][vc_column_text]<\/p>\n<p style=\"text-align: center;\">\u00bfUna cena Gourmet privada?<br \/>\nLo podemos organizar<br \/>\nen el Apto R\u00faa do Medio.<\/p>\n<p>[\/vc_column_text][vc_empty_space height=\u00bb40px\u00bb][\/vc_column][vc_column width=\u00bb1\/2&#8243; offset=\u00bbvc_col-lg-3 vc_col-md-3&#8243;][vc_single_image image=\u00bb375&#8243; img_size=\u00bbfull\u00bb qode_css_animation=\u00bb\u00bb][vc_empty_space height=\u00bb36px\u00bb][vc_column_text]<\/p>\n<h6 style=\"text-align: center;\">Con el Mejor Gu\u00eda<\/h6>\n<p>[\/vc_column_text][vc_empty_space height=\u00bb18px\u00bb][vc_column_text]<\/p>\n<p style=\"text-align: center;\">\u00bfUna visita a la ciudad?<br \/>\n\u00bfUn traslado privado?<br \/>\n\u00bfReservar el Botafumeiro?<\/p>\n<p>[\/vc_column_text][vc_empty_space height=\u00bb40px\u00bb][\/vc_column][vc_column width=\u00bb1\/2&#8243; offset=\u00bbvc_col-lg-3 vc_col-md-3&#8243;][vc_single_image image=\u00bb376&#8243; img_size=\u00bbfull\u00bb qode_css_animation=\u00bb\u00bb][vc_empty_space height=\u00bb36px\u00bb][vc_column_text]<\/p>\n<h6 style=\"text-align: center;\">Relax al Final del Camino<\/h6>\n<p>[\/vc_column_text][vc_empty_space height=\u00bb18px\u00bb][vc_column_text]<\/p>\n<p style=\"text-align: center;\">\u00bfUna reserva en SPA?<br \/>\n\u00bfBalneario?<br \/>\n\u00bfUn masaje?<\/p>\n<p>[\/vc_column_text][vc_empty_space height=\u00bb40px\u00bb][\/vc_column][vc_column width=\u00bb1\/2&#8243; offset=\u00bbvc_col-lg-3 vc_col-md-3&#8243;][vc_single_image image=\u00bb553&#8243; img_size=\u00bbfull\u00bb qode_css_animation=\u00bb\u00bb][vc_empty_space height=\u00bb36px\u00bb][vc_column_text]<\/p>\n<h6 style=\"text-align: center;\">De Confianza y Dulce<\/h6>\n<p>[\/vc_column_text][vc_empty_space height=\u00bb18px\u00bb][vc_column_text]<\/p>\n<p style=\"text-align: center;\">\u00bfNecesitas una babysitter?<br \/>\n\u00bfCompra en el supermercado?<br \/>\n\u00bfUna tarta de cumplea\u00f1os ?<\/p>\n<p>[\/vc_column_text][vc_empty_space height=\u00bb40px\u00bb][\/vc_column][\/vc_row][vc_row row_type=\u00bbrow\u00bb use_row_as_full_screen_section=\u00bbno\u00bb type=\u00bbfull_width\u00bb angled_section=\u00bbno\u00bb text_align=\u00bbleft\u00bb background_image_as_pattern=\u00bbwithout_pattern\u00bb css_animation=\u00bb\u00bb][vc_column]<div class=\"container_inner\"><div class=\"call_to_action simple\" style=\"background-color: #ffffff;padding-top: 69px;padding-bottom: 69px;\"><div class=\"text_wrapper column1\"><div class=\"call_to_action_text  letter_spacing_inherit\" style=\"letter-spacing: 0px;\"><\/div><a itemprop=\"url\" href=\"https:\/\/booking.redforts.com\/oMgcKUTv\" class=\"qbutton white \" target=\"_blank\" style=\"color: #ffffff;border-color: #677e09;background-color: #677e09;\"data-hover-background-color=#222222 data-hover-border-color=#222222 data-hover-color=#ffffff>Reservar<\/a><\/div><\/div><\/div>[\/vc_column][\/vc_row][vc_row row_type=\u00bbrow\u00bb use_row_as_full_screen_section=\u00bbno\u00bb type=\u00bbfull_width\u00bb angled_section=\u00bbno\u00bb text_align=\u00bbleft\u00bb background_image_as_pattern=\u00bbwithout_pattern\u00bb css_animation=\u00bb\u00bb][vc_column][vc_empty_space height=\u00bb64px\u00bb][\/vc_column][\/vc_row]<\/p>\n","protected":false},"excerpt":{"rendered":"<p>[vc_row row_type=\u00bbrow\u00bb use_row_as_full_screen_section=\u00bbno\u00bb type=\u00bbgrid\u00bb anchor=\u00bbabout\u00bb angled_section=\u00bbno\u00bb text_align=\u00bbleft\u00bb background_image_as_pattern=\u00bbwithout_pattern\u00bb css_animation=\u00bb\u00bb css=\u00bb.vc_custom_1486131350875{padding-top: 50px !important;padding-bottom: 50px !important;}\u00bb][vc_column][vc_empty_space height=\u00bb26px\u00bb][vc_column_text]&#8230;<\/p>\n","protected":false},"author":1,"featured_media":0,"parent":0,"menu_order":0,"comment_status":"closed","ping_status":"closed","template":"full_width.php","meta":{"footnotes":""},"_links":{"self":[{"href":"https:\/\/apartamentosaureliantica.com\/es\/wp-json\/wp\/v2\/pages\/431"}],"collection":[{"href":"https:\/\/apartamentosaureliantica.com\/es\/wp-json\/wp\/v2\/pages"}],"about":[{"href":"https:\/\/apartamentosaureliantica.com\/es\/wp-json\/wp\/v2\/types\/page"}],"author":[{"embeddable":true,"href":"https:\/\/apartamentosaureliantica.com\/es\/wp-json\/wp\/v2\/users\/1"}],"replies":[{"embeddable":true,"href":"https:\/\/apartamentosaureliantica.com\/es\/wp-json\/wp\/v2\/comments?post=431"}],"version-history":[{"count":66,"href":"https:\/\/apartamentosaureliantica.com\/es\/wp-json\/wp\/v2\/pages\/431\/revisions"}],"predecessor-version":[{"id":1070,"href":"https:\/\/apartamentosaureliantica.com\/es\/wp-json\/wp\/v2\/pages\/431\/revisions\/1070"}],"wp:attachment":[{"href":"https:\/\/apartamentosaureliantica.com\/es\/wp-json\/wp\/v2\/media?parent=431"}],"curies":[{"name":"wp","href":"https:\/\/api.w.org\/{rel}","templated":true}]}}