{"id":453,"date":"2017-01-20T13:23:03","date_gmt":"2017-01-20T13:23:03","guid":{"rendered":"http:\/\/apartamentosaureliantica.loading.net\/?page_id=453"},"modified":"2021-02-10T12:02:26","modified_gmt":"2021-02-10T12:02:26","slug":"contacto","status":"publish","type":"page","link":"https:\/\/apartamentosaureliantica.com\/es\/contacto\/","title":{"rendered":"Contacto"},"content":{"rendered":"<p>[vc_row row_type=\u00bbrow\u00bb use_row_as_full_screen_section=\u00bbno\u00bb type=\u00bbfull_width\u00bb angled_section=\u00bbno\u00bb text_align=\u00bbleft\u00bb background_image_as_pattern=\u00bbwithout_pattern\u00bb css_animation=\u00bb\u00bb][vc_column][vc_empty_space height=\u00bb26px\u00bb][vc_column_text]<\/p>\n<h3 style=\"text-align: center;\">Contacto<\/h3>\n<p>[\/vc_column_text][vc_empty_space height=\u00bb11px\u00bb][\/vc_column][\/vc_row][vc_row row_type=\u00bbrow\u00bb use_row_as_full_screen_section=\u00bbyes\u00bb type=\u00bbgrid\u00bb angled_section=\u00bbno\u00bb text_align=\u00bbcenter\u00bb background_image_as_pattern=\u00bbwithout_pattern\u00bb css_animation=\u00bb\u00bb css=\u00bb.vc_custom_1612958192442{padding-top: 60px !important;}\u00bb][vc_column width=\u00bb1\/2&#8243;]\n<div class=\"wpcf7 no-js\" id=\"wpcf7-f322-o1\" lang=\"es-ES\" dir=\"ltr\">\n<div class=\"screen-reader-response\"><p role=\"status\" aria-live=\"polite\" aria-atomic=\"true\"><\/p> <ul><\/ul><\/div>\n<form action=\"\/es\/wp-json\/wp\/v2\/pages\/453#wpcf7-f322-o1\" method=\"post\" class=\"wpcf7-form init default\" aria-label=\"Formulario de contacto\" novalidate=\"novalidate\" data-status=\"init\">\n<div style=\"display: none;\">\n<input type=\"hidden\" name=\"_wpcf7\" value=\"322\" \/>\n<input type=\"hidden\" name=\"_wpcf7_version\" value=\"5.8.7\" \/>\n<input type=\"hidden\" name=\"_wpcf7_locale\" value=\"es_ES\" \/>\n<input type=\"hidden\" name=\"_wpcf7_unit_tag\" value=\"wpcf7-f322-o1\" \/>\n<input type=\"hidden\" name=\"_wpcf7_container_post\" value=\"0\" \/>\n<input type=\"hidden\" name=\"_wpcf7_posted_data_hash\" value=\"\" \/>\n<input type=\"hidden\" name=\"_wpcf7_recaptcha_response\" value=\"\" \/>\n<\/div>\n<p>Nombre (requerido)\n<\/p>\n<p><span class=\"wpcf7-form-control-wrap\" data-name=\"your-name\"><input size=\"40\" class=\"wpcf7-form-control wpcf7-text wpcf7-validates-as-required\" aria-required=\"true\" aria-invalid=\"false\" value=\"\" type=\"text\" name=\"your-name\" \/><\/span>\n<\/p>\n<p>Correo electr\u00f3nico (requerido)\n<\/p>\n<p><span class=\"wpcf7-form-control-wrap\" data-name=\"your-email\"><input size=\"40\" class=\"wpcf7-form-control wpcf7-email wpcf7-validates-as-required wpcf7-text wpcf7-validates-as-email\" aria-required=\"true\" aria-invalid=\"false\" value=\"\" type=\"email\" name=\"your-email\" \/><\/span>\n<\/p>\n<p>Asunto\n<\/p>\n<p><span class=\"wpcf7-form-control-wrap\" data-name=\"your-subject\"><input size=\"40\" class=\"wpcf7-form-control wpcf7-text\" aria-invalid=\"false\" value=\"\" type=\"text\" name=\"your-subject\" \/><\/span>\n<\/p>\n<p>Mensaje\n<\/p>\n<p><span class=\"wpcf7-form-control-wrap\" data-name=\"your-message\"><textarea cols=\"40\" rows=\"10\" class=\"wpcf7-form-control wpcf7-textarea\" aria-invalid=\"false\" name=\"your-message\"><\/textarea><\/span>\n<\/p>\n<p>\n\n<\/p>\n<p>&nbsp;\n<\/p>\n<p><input class=\"wpcf7-form-control wpcf7-submit has-spinner\" type=\"submit\" value=\"Enviar\" \/>\n<\/p><div class=\"wpcf7-response-output\" aria-hidden=\"true\"><\/div>\n<\/form>\n<\/div>\n[\/vc_column][vc_column width=\u00bb1\/2&#8243;][vc_column_text]<\/p>\n<h5 style=\"text-align: center;\">Datos:<\/h5>\n<p style=\"text-align: center;\">Tel. +34 667 766 695<\/p>\n<p style=\"text-align: center;\">info@apartamentosaureliantica.com<\/p>\n<p>[\/vc_column_text][vc_empty_space]<span data-type=\"normal\" data-hover-icon-color=\"#222222\" class=\"qode_icon_shortcode  q_font_awsome_icon fa-lg  \" style=\"margin: 5px; \"><a  itemprop=\"url\" href=\"https:\/\/www.facebook.com\/apartamentosaureliantica\" target=\"_blank\"><span aria-hidden=\"true\" class=\"qode_icon_font_elegant social_facebook qode_icon_element\" style=\"color: #677e09;\" ><\/span><\/a><\/span><span data-type=\"normal\" data-hover-icon-color=\"#222222\" class=\"qode_icon_shortcode  q_font_awsome_icon fa-lg  \" style=\"margin: 5px; \"><a  itemprop=\"url\" href=\"https:\/\/twitter.com\/AureliaAntica\" target=\"_blank\"><span aria-hidden=\"true\" class=\"qode_icon_font_elegant social_twitter qode_icon_element\" style=\"color: #677e09;\" ><\/span><\/a><\/span><span data-type=\"normal\" data-hover-icon-color=\"#222222\" class=\"qode_icon_shortcode  q_font_awsome_icon fa-lg  \" style=\"margin: 5px; \"><a  itemprop=\"url\" href=\"https:\/\/www.instagram.com\/aureliantica\/\" target=\"_blank\"><span aria-hidden=\"true\" class=\"qode_icon_font_elegant social_instagram qode_icon_element\" style=\"color: #677e09;\" ><\/span><\/a><\/span>[vc_empty_space][vc_column_text]<\/p>\n<h4 style=\"text-align: center;\">Coordenadas GPS<\/h4>\n<p style=\"text-align: center;\">42\u00ba 52\u2019 54\u201d , 8\u00ba 32\u2019 21\u201d<\/p>\n<p>[\/vc_column_text][vc_empty_space][vc_column_text]<\/p>\n<h4 style=\"text-align: center;\">Distancias a los Monumentos :<\/h4>\n<h6 style=\"text-align: center;\">A la \u00a0Catedral de Santiago 500 mts<\/h6>\n<p style=\"text-align: center;\">Museo del Pueblo Gallego 125 mts<\/p>\n<p style=\"text-align: center;\">Museo de Arte Contempor\u00e1neo 150 mts<\/p>\n<p style=\"text-align: center;\">Parque Sto. Domingo de Bonaval 100 mts<\/p>\n<p style=\"text-align: center;\">Plaza de Abastos 250 mts<\/p>\n<p>[\/vc_column_text][\/vc_column][\/vc_row][vc_row row_type=\u00bbrow\u00bb use_row_as_full_screen_section=\u00bbno\u00bb type=\u00bbfull_width\u00bb angled_section=\u00bbno\u00bb text_align=\u00bbleft\u00bb background_image_as_pattern=\u00bbwithout_pattern\u00bb css_animation=\u00bb\u00bb][vc_column][vc_empty_space][vc_column_text]<\/p>\n<h3 style=\"text-align: center;\">Mapa<\/h3>\n<p>[\/vc_column_text][vc_empty_space][\/vc_column][\/vc_row][vc_row row_type=\u00bbrow\u00bb use_row_as_full_screen_section=\u00bbno\u00bb type=\u00bbgrid\u00bb angled_section=\u00bbno\u00bb text_align=\u00bbleft\u00bb background_image_as_pattern=\u00bbwithout_pattern\u00bb css_animation=\u00bb\u00bb][vc_column]<div class='google_map_shortcode_holder' style='height:600px;'><div class='qode_google_map' style='height:600px;' id='map_canvas_92970' data-addresses='[\"R\u00faa de San Pedro, 13, 15703 Santiago de Compostela, A Coru\u00f1a, Espa\u00f1a\"]' data-custom-map-style='true' data-color-overlay='#393939' data-saturation='-100' data-lightness='10' data-zoom='16' data-pin='https:\/\/apartamentosaureliantica.com\/wp-content\/uploads\/2016\/07\/icono-ok-1.png' data-unique-id='92970' data-google-maps-scroll-wheel='false' data-map-height='600'><\/div><div class='google_map_shortcode_overlay'><\/div><\/div>[\/vc_column][\/vc_row][vc_row row_type=\u00bbrow\u00bb use_row_as_full_screen_section=\u00bbno\u00bb type=\u00bbfull_width\u00bb angled_section=\u00bbno\u00bb text_align=\u00bbleft\u00bb background_image_as_pattern=\u00bbwithout_pattern\u00bb css_animation=\u00bb\u00bb][vc_column][vc_empty_space][vc_column_text]<\/p>\n<h3 style=\"text-align: center;\">Como Llegar<\/h3>\n<h5 style=\"text-align: center;\">Desde el Aeropuerto Lavacolla<\/h5>\n<p>[\/vc_column_text][vc_empty_space][\/vc_column][\/vc_row][vc_row row_type=\u00bbrow\u00bb use_row_as_full_screen_section=\u00bbno\u00bb type=\u00bbgrid\u00bb angled_section=\u00bbno\u00bb text_align=\u00bbleft\u00bb background_image_as_pattern=\u00bbwithout_pattern\u00bb css_animation=\u00bb\u00bb][vc_column width=\u00bb1\/4&#8243;][vc_column_text]<strong>En Coche<\/strong><br \/>\nN-550 direcci\u00f3n Centro ciudad<br \/>\nAvenida do Cruceiro da Coru\u00f1a<br \/>\nN 634 direcci\u00f3n Centro ciudad<br \/>\nR\u00faa dos Basqui\u00f1os<br \/>\nR\u00faa de San Roque por la AC 261<br \/>\nR\u00faa San Pedro<\/p>\n<p>[\/vc_column_text][\/vc_column][vc_column width=\u00bb1\/4&#8243;][vc_column_text]<strong>En Autob\u00fas<\/strong><br \/>\nEmpresa Autobuses Freire (horarios disponibles en su <a href=\"http:\/\/www.empresafreire.com\/html\/castelan\/seccion0.php\" target=\"_blank\" rel=\"noopener noreferrer\">web<\/a>)[\/vc_column_text][\/vc_column][vc_column width=\u00bb1\/4&#8243;][vc_column_text]<strong>Desde Estaci\u00f3n RENFE<\/strong><br \/>\nR\u00faa do H\u00f3rreo direcci\u00f3n Plaza Galicia<br \/>\nR\u00faa Fonte de San Antonio direcci\u00f3n Virxen da Cerca<br \/>\nR\u00faa de San Pedro[\/vc_column_text][\/vc_column][vc_column width=\u00bb1\/4&#8243;][vc_column_text]<strong>Desde Estaci\u00f3n de Autobuses<\/strong><br \/>\nR\u00faa de Anxo Casal direcci\u00f3n R\u00faa Pastoriza<br \/>\nR\u00faa dos Basqui\u00f1os direcci\u00f3n R\u00faa San Roque<br \/>\nR\u00faa de San Pedro[\/vc_column_text][\/vc_column][\/vc_row][vc_row row_type=\u00bbrow\u00bb use_row_as_full_screen_section=\u00bbno\u00bb type=\u00bbfull_width\u00bb angled_section=\u00bbno\u00bb text_align=\u00bbleft\u00bb background_image_as_pattern=\u00bbwithout_pattern\u00bb css_animation=\u00bb\u00bb][vc_column][vc_empty_space][\/vc_column][\/vc_row]<\/p>\n","protected":false},"excerpt":{"rendered":"<p>[vc_row row_type=\u00bbrow\u00bb use_row_as_full_screen_section=\u00bbno\u00bb type=\u00bbfull_width\u00bb angled_section=\u00bbno\u00bb text_align=\u00bbleft\u00bb background_image_as_pattern=\u00bbwithout_pattern\u00bb css_animation=\u00bb\u00bb][vc_column][vc_empty_space height=\u00bb26px\u00bb][vc_column_text] Contacto [\/vc_column_text][vc_empty_space height=\u00bb11px\u00bb][\/vc_column][\/vc_row][vc_row row_type=\u00bbrow\u00bb use_row_as_full_screen_section=\u00bbyes\u00bb type=\u00bbgrid\u00bb&#8230;<\/p>\n","protected":false},"author":1,"featured_media":0,"parent":0,"menu_order":0,"comment_status":"closed","ping_status":"closed","template":"full_width.php","meta":{"footnotes":""},"_links":{"self":[{"href":"https:\/\/apartamentosaureliantica.com\/es\/wp-json\/wp\/v2\/pages\/453"}],"collection":[{"href":"https:\/\/apartamentosaureliantica.com\/es\/wp-json\/wp\/v2\/pages"}],"about":[{"href":"https:\/\/apartamentosaureliantica.com\/es\/wp-json\/wp\/v2\/types\/page"}],"author":[{"embeddable":true,"href":"https:\/\/apartamentosaureliantica.com\/es\/wp-json\/wp\/v2\/users\/1"}],"replies":[{"embeddable":true,"href":"https:\/\/apartamentosaureliantica.com\/es\/wp-json\/wp\/v2\/comments?post=453"}],"version-history":[{"count":34,"href":"https:\/\/apartamentosaureliantica.com\/es\/wp-json\/wp\/v2\/pages\/453\/revisions"}],"predecessor-version":[{"id":1528,"href":"https:\/\/apartamentosaureliantica.com\/es\/wp-json\/wp\/v2\/pages\/453\/revisions\/1528"}],"wp:attachment":[{"href":"https:\/\/apartamentosaureliantica.com\/es\/wp-json\/wp\/v2\/media?parent=453"}],"curies":[{"name":"wp","href":"https:\/\/api.w.org\/{rel}","templated":true}]}}