{"id":7,"date":"2016-07-11T14:27:40","date_gmt":"2016-07-11T14:27:40","guid":{"rendered":"http:\/\/bridge71.qodeinteractive.com\/?page_id=7"},"modified":"2025-10-17T06:59:15","modified_gmt":"2025-10-17T06:59:15","slug":"home","status":"publish","type":"page","link":"https:\/\/apartamentosaureliantica.com\/es\/","title":{"rendered":"Home"},"content":{"rendered":"<p>[vc_row row_type=\u00bbrow\u00bb use_row_as_full_screen_section=\u00bbno\u00bb type=\u00bbfull_width\u00bb angled_section=\u00bbno\u00bb text_align=\u00bbleft\u00bb background_image_as_pattern=\u00bbwithout_pattern\u00bb css_animation=\u00bb\u00bb][vc_column][layerslider_vc id=\u00bb5&#8243;][\/vc_column][\/vc_row][vc_row row_type=\u00bbrow\u00bb use_row_as_full_screen_section=\u00bbno\u00bb type=\u00bbgrid\u00bb header_style=\u00bbdark\u00bb angled_section=\u00bbno\u00bb text_align=\u00bbcenter\u00bb background_image_as_pattern=\u00bbwithout_pattern\u00bb css_animation=\u00bb\u00bb css=\u00bb.vc_custom_1612952478447{padding-top: 50px !important;padding-bottom: 40px !important;}\u00bb][vc_column][vc_empty_space height=\u00bb26px\u00bb][vc_column_text]<\/p>\n<h3 style=\"text-align: center;\">Apartamentos Aurelia Ant\u00edca<\/h3>\n<p>[\/vc_column_text][vc_empty_space height=\u00bb11px\u00bb][vc_column_text]<\/p>\n<h5 style=\"text-align: center;\">Pasi\u00f3n por los detalles y las cosas aut\u00e9nticas.<\/h5>\n<p>[\/vc_column_text][vc_row_inner row_type=\u00bbrow\u00bb type=\u00bbgrid\u00bb text_align=\u00bbcenter\u00bb css_animation=\u00bb\u00bb css=\u00bb.vc_custom_1487328476689{padding-top: 68px !important;}\u00bb][vc_column_inner offset=\u00bbvc_col-lg-6 vc_col-md-6&#8243; css=\u00bb.vc_custom_1467974263073{padding-right: 2.3% !important;}\u00bb][vc_single_image image=\u00bb1719&#8243; img_size=\u00bbfull\u00bb onclick=\u00bbcustom_link\u00bb qode_css_animation=\u00bb\u00bb link=\u00bb\/apartamento-rua-do-medio\/\u00bb][vc_empty_space height=\u00bb21px\u00bb][vc_column_text]<\/p>\n<h4 style=\"text-align: center;\"><a href=\"https:\/\/apartamentosaureliantica.com\/apartamento-rua-do-medio\/\">Apartamento R\u00faa do Medio<\/a><\/h4>\n<p>[\/vc_column_text][vc_empty_space height=\u00bb3px\u00bb][vc_column_text]<\/p>\n<p style=\"text-align: center;\">No es un apartamento al uso, es realmente una casa, sus estancias est\u00e1n independizadas y divididas, su amplitud poco com\u00fan en el casco hist\u00f3rico.<\/p>\n<p style=\"text-align: center;\">Se accede directamente desde la calle que le da nombre y hasta aqu\u00ed se puede llegar en coche y bajar c\u00f3modamente el equipaje.<\/p>\n<p>[\/vc_column_text][vc_empty_space height=\u00bb21px\u00bb]<a  itemprop=\"url\" href=\"https:\/\/booking.redforts.com\/oMgcKUTv\" target=\"_blank\" data-hover-background-color=#222222 data-hover-border-color=#222222 data-hover-color=#ffffff class=\"qbutton  large center default\" style=\"color: #ffffff; border-color: #677e09; font-style: normal; background-color: #677e09;\">Reservar<\/a>[vc_empty_space height=\u00bb10px\u00bb][\/vc_column_inner][vc_column_inner offset=\u00bbvc_col-lg-6 vc_col-md-6&#8243; css=\u00bb.vc_custom_1467974270400{padding-right: 2.3% !important;}\u00bb][vc_single_image image=\u00bb366&#8243; img_size=\u00bbfull\u00bb onclick=\u00bbcustom_link\u00bb qode_css_animation=\u00bb\u00bb link=\u00bb\/apartamento-rua-san-pedro\/\u00bb][vc_empty_space height=\u00bb21px\u00bb][vc_column_text]<\/p>\n<h4 style=\"text-align: center;\"><a href=\"https:\/\/apartamentosaureliantica.com\/apartamento-rua-san-pedro\/\">Apartamento R\u00faa de San Pedro<\/a><\/h4>\n<p>[\/vc_column_text][vc_empty_space height=\u00bb3px\u00bb][vc_column_text]<\/p>\n<p style=\"text-align: center;\">Toma el nombre de la calle donde se ubica, una calle semipeatonal aunque puedes llegar en coche. Abrir su puerta y observar el entusiasmo de los peregrinos en los \u00faltimos metros que le quedan para alcanzar la meta en su \u00faltima etapa del Camino franc\u00e9s, no tiene parang\u00f3n.<\/p>\n<p>[\/vc_column_text][vc_empty_space height=\u00bb21px\u00bb]<a  itemprop=\"url\" href=\"https:\/\/booking.redforts.com\/oMgcKUTv\" target=\"_blank\" data-hover-background-color=#222222 data-hover-border-color=#222222 data-hover-color=#ffffff class=\"qbutton  large center default\" style=\"color: #ffffff; border-color: #677e09; font-style: normal; background-color: #677e09;\">Reservar<\/a>[vc_empty_space height=\u00bb10px\u00bb][\/vc_column_inner][\/vc_row_inner][\/vc_column][\/vc_row]<\/p>\n<p>[vc_row row_type=\u00bbparallax\u00bb header_style=\u00bbdark\u00bb parallax_content_width=\u00bbin_grid\u00bb text_align=\u00bbcenter\u00bb full_screen_section_height=\u00bbno\u00bb][vc_column width=\u00bb1\/4&#8243;][\/vc_column][vc_column width=\u00bb1\/2&#8243;][vc_column_text]<\/p>\n<h3 style=\"text-align: center;\"><img decoding=\"async\" class=\"alignnone size-medium wp-image-1425\" src=\"https:\/\/apartamentosaureliantica.com\/wp-content\/uploads\/2019\/02\/apatartamenti-calidad800.png\" alt=\"\" width=\"600\" \/><\/h3>\n<p>[\/vc_column_text][vc_column_text]<\/p>\n<h5 style=\"text-align: center;\">Somos los primeros Apartamentos Tur\u00edsticos en Santiago de Compostela, certificados por el SICTED, promovido por la Secretaria General de Turismo del Gobierno de Espa\u00f1a.<\/h5>\n<p>[\/vc_column_text][vc_empty_space height=\u00bb64px\u00bb][\/vc_column][vc_column width=\u00bb1\/4&#8243;][\/vc_column][\/vc_row][vc_row row_type=\u00bbparallax\u00bb header_style=\u00bbdark\u00bb parallax_content_width=\u00bbfull_width\u00bb text_align=\u00bbcenter\u00bb background_image=\u00bb877&#8243; full_screen_section_height=\u00bbno\u00bb css=\u00bb.vc_custom_1612950022777{padding-top: 50px !important;}\u00bb][vc_column css=\u00bb.vc_custom_1612949501928{padding-top: 50px !important;}\u00bb][vc_empty_space height=\u00bb50px\u00bb][vc_column_text]<\/p>\n<h3 style=\"text-align: center; line-height: 1.3;\">Al reservar a trav\u00e9s de nuestra web dejar\u00e9 todo preparado para que pod\u00e1is disfrutar de un RICO DESAYUNO<\/h3>\n<p>[\/vc_column_text][vc_empty_space][vc_column_text]<\/p>\n<h5 style=\"text-align: center;\">Sin coste para t\u00ed . Desayuno incluido.<\/h5>\n<p>[\/vc_column_text][vc_empty_space]<a  itemprop=\"url\" href=\"https:\/\/booking.redforts.com\/oMgcKUTv\" target=\"_blank\" data-hover-background-color=#222222 data-hover-border-color=#222222 data-hover-color=#ffffff class=\"qbutton  large center default\" style=\"color: #ffffff; border-color: #677e09; font-style: normal; background-color: #677e09;\">Reserva<\/a>[vc_empty_space height=\u00bb64px\u00bb][\/vc_column][\/vc_row][vc_row row_type=\u00bbrow\u00bb use_row_as_full_screen_section=\u00bbno\u00bb type=\u00bbgrid\u00bb angled_section=\u00bbno\u00bb text_align=\u00bbcenter\u00bb background_image_as_pattern=\u00bbwithout_pattern\u00bb css_animation=\u00bb\u00bb][vc_column][vc_empty_space height=\u00bb60&#8243;][vc_column_text css=\u00bb.vc_custom_1612949222640{padding-bottom: 0px !important;}\u00bb]<\/p>\n<h3 style=\"text-align: center;\">Productos km 0<\/h3>\n<p>[\/vc_column_text][vc_column_text css=\u00bb.vc_custom_1612963569923{padding-top: 0px !important;padding-right: 15% !important;padding-bottom: 50px !important;padding-left: 15% !important;}\u00bb el_class=\u00bbhide-pad\u00bb]<\/p>\n<h5 style=\"text-align: center;\">Desayuno local y comprometido<\/h5>\n<p style=\"text-align: center;\">Cu\u00e1ndo reserv\u00e1is con nosotros os dejamos cosas para desayunar y es para nosotros muy importante consumir y comprar productos de proximidad \u201cllamados de kil\u00f3metro 0\u201d.<\/p>\n<p>[\/vc_column_text]<a  itemprop=\"url\" href=\"\/es\/informacion-de-interes\" target=\"_self\" data-hover-background-color=#222222 data-hover-border-color=#222222 data-hover-color=#ffffff class=\"qbutton  large center default\" style=\"color: #ffffff; border-color: #677e09; font-style: normal; background-color: #677e09;\">Ver m\u00e1s informaci\u00f3n de inter\u00e9s<\/a>[vc_empty_space height=\u00bb60&#8243;][\/vc_column][\/vc_row][vc_row row_type=\u00bbparallax\u00bb parallax_content_width=\u00bbin_grid\u00bb anchor=\u00bbnews\u00bb text_align=\u00bbcenter\u00bb background_image=\u00bb1502&#8243; full_screen_section_height=\u00bbno\u00bb][vc_column css=\u00bb.vc_custom_1468419477434{padding-top: 9% !important;padding-bottom: 11.35% !important;}\u00bb][vc_column_text]<\/p>\n<h3 style=\"text-align: center; line-height: 1.3;\"><span style=\"color: #ffffff;\">COMPOSTELA: Palabras \u00fanicas para vivir emociones \u00fanicas\u2026<\/span><\/h3>\n<p>[\/vc_column_text][vc_empty_space height=\u00bb11px\u00bb][vc_column_text]<\/p>\n<h5 style=\"text-align: center; line-height: 1.3;\"><span style=\"color: #ffffff;\">SANTIAGO, \u00a1 si vienes te daremos un abrazo como una Catedral !<\/span><\/h5>\n<p>[\/vc_column_text][vc_empty_space height=\u00bb30px\u00bb][vc_row_inner row_type=\u00bbrow\u00bb type=\u00bbfull_width\u00bb text_align=\u00bbleft\u00bb css_animation=\u00bb\u00bb el_id=\u00bbshadow\u00bb][vc_column_inner offset=\u00bbvc_col-lg-12 vc_col-md-12&#8243;]<div class='latest_post_two_holder three_columns'><ul><li class=\"clearfix\"><div class=\"latest_post_two_image\"><a itemprop=\"url\" href=\"https:\/\/apartamentosaureliantica.com\/es\/la-catedral-santiago\/\"><\/a><\/div><div class=\"latest_post_two_inner\" style='background-color: #ffffff;'><div class=\"latest_post_two_text\"><h6 itemprop=\"name\" class=\"latest_post_two_title entry_title\"><a itemprop=\"url\" href=\"https:\/\/apartamentosaureliantica.com\/es\/la-catedral-santiago\/\" style='color: #303030;'>La Catedral de Santiago de Compostela<\/a><\/h6><div class=\"separator small left\" style='background-color: #ffffff;'><\/div><p itemprop=\"description\" class=\"latest_post_two_excerpt\" style='color: #222222;'>Emoci\u00f3n, nervios, ilusi\u00f3n\u2026\u00a1as\u00ed estoy hoy ! Y me vais a permitir que dedique el primer...<\/p><\/div><div class=\"latest_post_two_info\" ><div class=\"latest_post_two_info_inner\" style='color: #303030;'><div class=\"post_info_author\"><img alt='Author Image' src='https:\/\/secure.gravatar.com\/avatar\/df5a39a83834984c4f9c5a91aae10cd1?s=30&#038;d=mm&#038;r=g' srcset='https:\/\/secure.gravatar.com\/avatar\/df5a39a83834984c4f9c5a91aae10cd1?s=60&#038;d=mm&#038;r=g 2x' class='avatar avatar-30 photo' height='30' width='30' \/><span class=\"post_info_author_name\">Tina<\/span><\/div><div itemprop=\"dateCreated\" class=\"post_info_date entry_date updated\">05 febrero, 2017<meta itemprop=\"interactionCount\" content=\"UserComments: <?php echo get_comments_number(qode_get_page_id()); ?>\"\/><\/div><\/div><\/div><\/div><\/li><li class=\"clearfix\"><div class=\"latest_post_two_image\"><a itemprop=\"url\" href=\"https:\/\/apartamentosaureliantica.com\/es\/edificios-la-plaza-del-obradoiro\/\"><\/a><\/div><div class=\"latest_post_two_inner\" style='background-color: #ffffff;'><div class=\"latest_post_two_text\"><h6 itemprop=\"name\" class=\"latest_post_two_title entry_title\"><a itemprop=\"url\" href=\"https:\/\/apartamentosaureliantica.com\/es\/edificios-la-plaza-del-obradoiro\/\" style='color: #303030;'>Edificios de la Plaza del Obradoiro<\/a><\/h6><div class=\"separator small left\" style='background-color: #ffffff;'><\/div><p itemprop=\"description\" class=\"latest_post_two_excerpt\" style='color: #222222;'>&nbsp; Y ya que en el primer post hemos comenzado por la Catedral, los edificios...<\/p><\/div><div class=\"latest_post_two_info\" ><div class=\"latest_post_two_info_inner\" style='color: #303030;'><div class=\"post_info_author\"><img alt='Author Image' src='https:\/\/secure.gravatar.com\/avatar\/df5a39a83834984c4f9c5a91aae10cd1?s=30&#038;d=mm&#038;r=g' srcset='https:\/\/secure.gravatar.com\/avatar\/df5a39a83834984c4f9c5a91aae10cd1?s=60&#038;d=mm&#038;r=g 2x' class='avatar avatar-30 photo' height='30' width='30' \/><span class=\"post_info_author_name\">Tina<\/span><\/div><div itemprop=\"dateCreated\" class=\"post_info_date entry_date updated\">06 febrero, 2017<meta itemprop=\"interactionCount\" content=\"UserComments: <?php echo get_comments_number(qode_get_page_id()); ?>\"\/><\/div><\/div><\/div><\/div><\/li><li class=\"clearfix\"><div class=\"latest_post_two_image\"><a itemprop=\"url\" href=\"https:\/\/apartamentosaureliantica.com\/es\/fachadas-plazas-rodean-la-catedral\/\"><\/a><\/div><div class=\"latest_post_two_inner\" style='background-color: #ffffff;'><div class=\"latest_post_two_text\"><h6 itemprop=\"name\" class=\"latest_post_two_title entry_title\"><a itemprop=\"url\" href=\"https:\/\/apartamentosaureliantica.com\/es\/fachadas-plazas-rodean-la-catedral\/\" style='color: #303030;'>Fachadas y Plazas que rodean la Catedral<\/a><\/h6><div class=\"separator small left\" style='background-color: #ffffff;'><\/div><p itemprop=\"description\" class=\"latest_post_two_excerpt\" style='color: #222222;'>Cuando os recibo en casa y os la cedo encantada por unos d\u00edas para que...<\/p><\/div><div class=\"latest_post_two_info\" ><div class=\"latest_post_two_info_inner\" style='color: #303030;'><div class=\"post_info_author\"><img alt='Author Image' src='https:\/\/secure.gravatar.com\/avatar\/df5a39a83834984c4f9c5a91aae10cd1?s=30&#038;d=mm&#038;r=g' srcset='https:\/\/secure.gravatar.com\/avatar\/df5a39a83834984c4f9c5a91aae10cd1?s=60&#038;d=mm&#038;r=g 2x' class='avatar avatar-30 photo' height='30' width='30' \/><span class=\"post_info_author_name\">Tina<\/span><\/div><div itemprop=\"dateCreated\" class=\"post_info_date entry_date updated\">08 febrero, 2017<meta itemprop=\"interactionCount\" content=\"UserComments: <?php echo get_comments_number(qode_get_page_id()); ?>\"\/><\/div><\/div><\/div><\/div><\/li><\/ul><\/div>[\/vc_column_inner][\/vc_row_inner][vc_empty_space height=\u00bb15px\u00bb]<a  itemprop=\"url\" href=\"\/que-hacer\/\" target=\"_self\" data-hover-background-color=#222222 data-hover-border-color=#222222 data-hover-color=#ffffff class=\"qbutton  large center default\" style=\"color: #ffffff; border-color: #677e09; font-style: normal; background-color: #677e09;\">Que Hacer<\/a>[\/vc_column][\/vc_row][vc_row row_type=\u00bbrow\u00bb use_row_as_full_screen_section=\u00bbno\u00bb type=\u00bbgrid\u00bb anchor=\u00bbstory\u00bb angled_section=\u00bbno\u00bb text_align=\u00bbleft\u00bb background_image_as_pattern=\u00bbwithout_pattern\u00bb css_animation=\u00bb\u00bb css=\u00bb.vc_custom_1484919751040{padding-top: 42px !important;}\u00bb][vc_column][vc_empty_space height=\u00bb1px\u00bb][vc_column_text]<\/p>\n<h3 style=\"text-align: center;\">A tu medida &#8230;!!<\/h3>\n<p>[\/vc_column_text][vc_empty_space height=\u00bb11px\u00bb][vc_column_text]<\/p>\n<h5 style=\"text-align: center;\">Puedo ofrecerte otros servicios.<\/h5>\n<h5 style=\"text-align: center;\">Escr\u00edbeme y te informar\u00e9.<\/h5>\n<p style=\"text-align: center;\">(al menos 72 horas antes)<\/p>\n<p>[\/vc_column_text][\/vc_column][\/vc_row][vc_row row_type=\u00bbrow\u00bb use_row_as_full_screen_section=\u00bbno\u00bb type=\u00bbgrid\u00bb angled_section=\u00bbno\u00bb text_align=\u00bbleft\u00bb background_image_as_pattern=\u00bbwithout_pattern\u00bb css_animation=\u00bb\u00bb css=\u00bb.vc_custom_1468319224579{padding-top: 59px !important;padding-bottom: 110px !important;}\u00bb][vc_column width=\u00bb1\/2&#8243; offset=\u00bbvc_col-lg-3 vc_col-md-3&#8243;][vc_single_image image=\u00bb550&#8243; img_size=\u00bbfull\u00bb qode_css_animation=\u00bb\u00bb][vc_empty_space height=\u00bb36px\u00bb][vc_column_text]<\/p>\n<h6 style=\"text-align: center;\">En Nuestra Casa<\/h6>\n<p>[\/vc_column_text][vc_empty_space height=\u00bb18px\u00bb][vc_column_text]<\/p>\n<p style=\"text-align: center;\">\u00bfUna cena Gourmet privada?<br \/>\nLo podemos organizar<br \/>\nen el Apto R\u00faa do Medio.<\/p>\n<p>[\/vc_column_text][vc_empty_space height=\u00bb40px\u00bb][\/vc_column][vc_column width=\u00bb1\/2&#8243; offset=\u00bbvc_col-lg-3 vc_col-md-3&#8243;][vc_single_image image=\u00bb375&#8243; img_size=\u00bbfull\u00bb qode_css_animation=\u00bb\u00bb][vc_empty_space height=\u00bb36px\u00bb][vc_column_text]<\/p>\n<h6 style=\"text-align: center;\">Con el Mejor Gu\u00eda<\/h6>\n<p>[\/vc_column_text][vc_empty_space height=\u00bb18px\u00bb][vc_column_text]<\/p>\n<p style=\"text-align: center;\">\u00bfUna visita a la ciudad?<br \/>\n\u00bfUn traslado privado?<br \/>\n\u00bfReservar el Botafumeiro?<\/p>\n<p>[\/vc_column_text][vc_empty_space height=\u00bb40px\u00bb][\/vc_column][vc_column width=\u00bb1\/2&#8243; offset=\u00bbvc_col-lg-3 vc_col-md-3&#8243;][vc_single_image image=\u00bb376&#8243; img_size=\u00bbfull\u00bb qode_css_animation=\u00bb\u00bb][vc_empty_space height=\u00bb36px\u00bb][vc_column_text]<\/p>\n<h6 style=\"text-align: center;\">Relax al Final del Camino<\/h6>\n<p>[\/vc_column_text][vc_empty_space height=\u00bb18px\u00bb][vc_column_text]<\/p>\n<p style=\"text-align: center;\">\u00bfUna reserva en SPA?<br \/>\n\u00bfBalneario?<br \/>\n\u00bfUn masaje?<\/p>\n<p>[\/vc_column_text][vc_empty_space height=\u00bb40px\u00bb][\/vc_column][vc_column width=\u00bb1\/2&#8243; offset=\u00bbvc_col-lg-3 vc_col-md-3&#8243;][vc_single_image image=\u00bb553&#8243; img_size=\u00bbfull\u00bb qode_css_animation=\u00bb\u00bb][vc_empty_space height=\u00bb36px\u00bb][vc_column_text]<\/p>\n<h6 style=\"text-align: center;\">De Confianza y Dulce<\/h6>\n<p>[\/vc_column_text][vc_empty_space height=\u00bb18px\u00bb][vc_column_text]<\/p>\n<p style=\"text-align: center;\">\u00bfNecesitas una babysitter?<br \/>\n\u00bfCompra en el supermercado?<br \/>\n\u00bfUna tarta de cumplea\u00f1os ?<\/p>\n<p>[\/vc_column_text][vc_empty_space height=\u00bb40px\u00bb][\/vc_column][\/vc_row][vc_row row_type=\u00bbrow\u00bb use_row_as_full_screen_section=\u00bbno\u00bb type=\u00bbfull_width\u00bb angled_section=\u00bbno\u00bb text_align=\u00bbleft\u00bb background_image_as_pattern=\u00bbwithout_pattern\u00bb css_animation=\u00bb\u00bb][vc_column][vc_empty_space height=\u00bb24px\u00bb][\/vc_column][\/vc_row][vc_row row_type=\u00bbrow\u00bb use_row_as_full_screen_section=\u00bbno\u00bb type=\u00bbfull_width\u00bb header_style=\u00bbdark\u00bb angled_section=\u00bbno\u00bb text_align=\u00bbcenter\u00bb background_image_as_pattern=\u00bbwithout_pattern\u00bb css_animation=\u00bb\u00bb css=\u00bb.vc_custom_1612964824723{padding-top: px !important;background-color: #677e09 !important;background-position: center !important;background-repeat: no-repeat !important;background-size: cover !important;}\u00bb][vc_column css=\u00bb.vc_custom_1612949501928{padding-top: 50px !important;}\u00bb][vc_empty_space height=\u00bb50px\u00bb][vc_column_text el_class=\u00bbhide-pad\u00bb css=\u00bb.vc_custom_1612967566929{padding-right: 10% !important;padding-left: 10% !important;}\u00bb]<\/p>\n<h3 class=\"title-m\" style=\"text-align: center; line-height: 1.3; color: white;\">Aurelia Ant\u00edca es un establecimiento comprometido con el medioambiente, la ecoeficiencia y las buenas pr\u00e1cticas<\/h3>\n<p>[\/vc_column_text][vc_empty_space]<a  itemprop=\"url\" href=\"\/es\/informacion-de-interes\" target=\"_self\" data-hover-background-color=#222222 data-hover-border-color=#222222 data-hover-color=#ffffff class=\"qbutton  large center default\" style=\"color: #677e09; border-color: #677e09; font-style: normal; font-weight: 600; background-color: #ffffff;\">Ver m\u00e1s informaci\u00f3n de inter\u00e9s<\/a>[vc_empty_space height=\u00bb64px\u00bb][\/vc_column][\/vc_row][vc_row row_type=\u00bbrow\u00bb use_row_as_full_screen_section=\u00bbno\u00bb type=\u00bbfull_width\u00bb anchor=\u00bblocations\u00bb angled_section=\u00bbno\u00bb text_align=\u00bbleft\u00bb background_image_as_pattern=\u00bbwithout_pattern\u00bb css_animation=\u00bb\u00bb][vc_column]<div class='google_map_shortcode_holder' style='height:600px;'><div class='qode_google_map' style='height:600px;' id='map_canvas_12672' data-addresses='[\"R\u00faa de San Pedro, 13, 15703 Santiago de Compostela, A Coru\u00f1a, Espa\u00f1a\"]' data-custom-map-style='true' data-color-overlay='#393939' data-saturation='-100' data-lightness='10' data-zoom='16' data-pin='https:\/\/apartamentosaureliantica.com\/wp-content\/uploads\/2016\/07\/icono-ok-1.png' data-unique-id='12672' data-google-maps-scroll-wheel='false' data-map-height='600'><\/div><div class='google_map_shortcode_overlay'><\/div><\/div>[\/vc_column][\/vc_row][vc_row row_type=\u00bbrow\u00bb use_row_as_full_screen_section=\u00bbno\u00bb type=\u00bbgrid\u00bb angled_section=\u00bbno\u00bb text_align=\u00bbcenter\u00bb background_image_as_pattern=\u00bbwithout_pattern\u00bb css_animation=\u00bb\u00bb][vc_column][vc_empty_space][vc_column_text]<\/p>\n<h4 style=\"text-align: center;\">Ven a Visitarnos<\/h4>\n<p>[\/vc_column_text][vc_empty_space]<a  itemprop=\"url\" href=\"https:\/\/booking.redforts.com\/oMgcKUTv\" target=\"_blank\" data-hover-background-color=#222222 data-hover-border-color=#222222 data-hover-color=#ffffff class=\"qbutton  large center default\" style=\"color: #ffffff; border-color: #677e09; font-style: normal; background-color: #677e09;\">Reserva<\/a>[\/vc_column][\/vc_row][vc_row row_type=\u00bbrow\u00bb use_row_as_full_screen_section=\u00bbno\u00bb type=\u00bbfull_width\u00bb angled_section=\u00bbno\u00bb text_align=\u00bbleft\u00bb background_image_as_pattern=\u00bbwithout_pattern\u00bb css_animation=\u00bb\u00bb][vc_column][vc_empty_space height=\u00bb64px\u00bb][\/vc_column][\/vc_row]<\/p>\n","protected":false},"excerpt":{"rendered":"<p>[vc_row row_type=\u00bbrow\u00bb use_row_as_full_screen_section=\u00bbno\u00bb type=\u00bbfull_width\u00bb angled_section=\u00bbno\u00bb text_align=\u00bbleft\u00bb background_image_as_pattern=\u00bbwithout_pattern\u00bb css_animation=\u00bb\u00bb][vc_column][layerslider_vc id=\u00bb5&#8243;][\/vc_column][\/vc_row][vc_row row_type=\u00bbrow\u00bb use_row_as_full_screen_section=\u00bbno\u00bb type=\u00bbgrid\u00bb header_style=\u00bbdark\u00bb angled_section=\u00bbno\u00bb text_align=\u00bbcenter\u00bb&#8230;<\/p>\n","protected":false},"author":1,"featured_media":0,"parent":0,"menu_order":0,"comment_status":"closed","ping_status":"closed","template":"full_width.php","meta":{"footnotes":""},"_links":{"self":[{"href":"https:\/\/apartamentosaureliantica.com\/es\/wp-json\/wp\/v2\/pages\/7"}],"collection":[{"href":"https:\/\/apartamentosaureliantica.com\/es\/wp-json\/wp\/v2\/pages"}],"about":[{"href":"https:\/\/apartamentosaureliantica.com\/es\/wp-json\/wp\/v2\/types\/page"}],"author":[{"embeddable":true,"href":"https:\/\/apartamentosaureliantica.com\/es\/wp-json\/wp\/v2\/users\/1"}],"replies":[{"embeddable":true,"href":"https:\/\/apartamentosaureliantica.com\/es\/wp-json\/wp\/v2\/comments?post=7"}],"version-history":[{"count":111,"href":"https:\/\/apartamentosaureliantica.com\/es\/wp-json\/wp\/v2\/pages\/7\/revisions"}],"predecessor-version":[{"id":1850,"href":"https:\/\/apartamentosaureliantica.com\/es\/wp-json\/wp\/v2\/pages\/7\/revisions\/1850"}],"wp:attachment":[{"href":"https:\/\/apartamentosaureliantica.com\/es\/wp-json\/wp\/v2\/media?parent=7"}],"curies":[{"name":"wp","href":"https:\/\/api.w.org\/{rel}","templated":true}]}}