{"id":713,"date":"2017-02-03T14:27:31","date_gmt":"2017-02-03T14:27:31","guid":{"rendered":"http:\/\/apartamentosaureliantica.loading.net\/?page_id=713"},"modified":"2021-03-24T13:15:22","modified_gmt":"2021-03-24T13:15:22","slug":"apartamento-rua-san-pedro","status":"publish","type":"page","link":"https:\/\/apartamentosaureliantica.com\/es\/apartamento-rua-san-pedro\/","title":{"rendered":"Apartamento R\u00faa San Pedro"},"content":{"rendered":"<p>[vc_row row_type=\u00bbrow\u00bb use_row_as_full_screen_section=\u00bbno\u00bb type=\u00bbgrid\u00bb anchor=\u00bbabout\u00bb angled_section=\u00bbno\u00bb text_align=\u00bbleft\u00bb background_image_as_pattern=\u00bbwithout_pattern\u00bb css_animation=\u00bb\u00bb css=\u00bb.vc_custom_1486130806874{padding-top: 50px !important;padding-bottom: 50px !important;}\u00bb][vc_column][vc_empty_space height=\u00bb26px\u00bb][vc_column_text]<\/p>\n<h3 style=\"text-align: center;\">Apartamento\u00a0R\u00faa San Pedro<\/h3>\n<p>[\/vc_column_text][vc_empty_space height=\u00bb11px\u00bb][vc_row_inner row_type=\u00bbrow\u00bb type=\u00bbgrid\u00bb text_align=\u00bbleft\u00bb css_animation=\u00bb\u00bb css=\u00bb.vc_custom_1468314665382{padding-top: 68px !important;}\u00bb][vc_column_inner offset=\u00bbvc_col-lg-6 vc_col-md-6&#8243; css=\u00bb.vc_custom_1467974263073{padding-right: 2.3% !important;}\u00bb][vc_column_text el_class=\u00bbjustificar\u00bb]Ocupa la <strong style=\"color: #677e09;\">planta baja<\/strong> de\u00a0la casa.<br \/>\n<strong style=\"color: #677e09;\">Consta de 60m2<\/strong>\u00a0distribuidos en <strong style=\"color: #677e09;\">Sal\u00f3n de estar con sof\u00e1 cama y cocina americana, 1 dormitorio doble y 1 ba\u00f1o.<\/strong><br \/>\nDispone de <strong style=\"color: #677e09;\">TV de pantalla plana<\/strong>, calefacci\u00f3n, ducha, secador de pelo, <strong style=\"color: #677e09;\">microondas, nevera<\/strong> y una amplia gama de mini electrodom\u00e9sticos, ajuar o lencer\u00eda de hogar y <strong style=\"color: #677e09;\">un completo menaje de cocina y comedor \u00a0<\/strong>\u00a0que se pone a disposici\u00f3n de los hu\u00e9spedes para su uso.<br \/>\nTiene un\u00a0 dise\u00f1o interior muy acogedor, donde se mezclan elementos antiguos y modernos. Se aprecian y destaca el grosor de los muros y conserva el dise\u00f1o de la puerta de entrada con la forma tradicional en las dem\u00e1s casas del barrio donde nos encontramos.<strong style=\"color: #677e09;\">Es una puerta-ventana que cautiva a los hu\u00e9spedes que lo ocupan.<\/strong><\/p>\n<p>Est\u00e1 situado en el n\u00ba 13 de la R\u00faa San Pedro.[\/vc_column_text][vc_empty_space][\/vc_column_inner][vc_column_inner offset=\u00bbvc_col-lg-6 vc_col-md-6&#8243; css=\u00bb.vc_custom_1467974270400{padding-right: 2.3% !important;}\u00bb][vc_single_image image=\u00bb891&#8243; img_size=\u00bbfull\u00bb qode_css_animation=\u00bb\u00bb][vc_column_text][\/vc_column_text][vc_empty_space][\/vc_column_inner][\/vc_row_inner][\/vc_column][\/vc_row][vc_row row_type=\u00bbrow\u00bb use_row_as_full_screen_section=\u00bbno\u00bb type=\u00bbgrid\u00bb angled_section=\u00bbno\u00bb text_align=\u00bbcenter\u00bb background_image_as_pattern=\u00bbwithout_pattern\u00bb css_animation=\u00bb\u00bb][vc_column]<a  itemprop=\"url\" href=\"https:\/\/booking.redforts.com\/oMgcKUTv\" target=\"_blank\" data-hover-background-color=#222222 data-hover-border-color=#222222 data-hover-color=#ffffff class=\"qbutton  large center default\" style=\"color: #ffffff; border-color: #677e09; font-style: normal; background-color: #677e09;\">Reservar<\/a>[vc_empty_space height=\u00bb40px\u00bb][\/vc_column][\/vc_row][vc_row row_type=\u00bbrow\u00bb use_row_as_full_screen_section=\u00bbno\u00bb type=\u00bbfull_width\u00bb angled_section=\u00bbno\u00bb text_align=\u00bbleft\u00bb background_image_as_pattern=\u00bbwithout_pattern\u00bb css_animation=\u00bb\u00bb css=\u00bb.vc_custom_1484914867986{padding-top: 30px !important;padding-bottom: 30px !important;}\u00bb][vc_column][vc_gallery type=\u00bbimage_grid\u00bb images=\u00bb912,911,915,1746,1744,917,903,893,898,895,901,1748,910,907,902,918,919&#8243; img_size=\u00bbfull\u00bb onclick=\u00bb\u00bb column_number=\u00bb3&#8243; grayscale=\u00bbyes\u00bb images_space=\u00bbgallery_with_space\u00bb][\/vc_column][\/vc_row][vc_row row_type=\u00bbparallax\u00bb header_style=\u00bbdark\u00bb parallax_content_width=\u00bbfull_width\u00bb text_align=\u00bbcenter\u00bb background_image=\u00bb877&#8243; full_screen_section_height=\u00bbno\u00bb][vc_column css=\u00bb.vc_custom_1612953346030{padding-top: 50px !important;}\u00bb][vc_empty_space][vc_column_text]<\/p>\n<h3 style=\"text-align: center; line-height: 1.3;\">Al reservar a trav\u00e9s de nuestra web dejar\u00e9 todo preparado para que pod\u00e1is disfrutar de un RICO DESAYUNO<\/h3>\n<p>[\/vc_column_text][vc_empty_space el_class=\u00bb \u00ab][vc_column_text]<\/p>\n<h5 style=\"text-align: center;\">Sin coste para t\u00ed. Desayuno incluido.<\/h5>\n<p>[\/vc_column_text][vc_empty_space]<a  itemprop=\"url\" href=\"https:\/\/booking.redforts.com\/oMgcKUTv\" target=\"_blank\" data-hover-background-color=#222222 data-hover-border-color=#222222 data-hover-color=#ffffff class=\"qbutton  large center default\" style=\"color: #ffffff; border-color: #677e09; font-style: normal; background-color: #677e09;\">Reservar<\/a>[vc_empty_space height=\u00bb64px\u00bb][\/vc_column][\/vc_row][vc_row row_type=\u00bbrow\u00bb use_row_as_full_screen_section=\u00bbno\u00bb type=\u00bbgrid\u00bb anchor=\u00bbstory\u00bb angled_section=\u00bbno\u00bb text_align=\u00bbleft\u00bb background_image_as_pattern=\u00bbwithout_pattern\u00bb css_animation=\u00bb\u00bb css=\u00bb.vc_custom_1486130905186{padding-top: 47px !important;}\u00bb][vc_column][vc_column_text]<\/p>\n<h3 style=\"text-align: center;\">A tu medida &#8230;!!<\/h3>\n<p>[\/vc_column_text][vc_empty_space height=\u00bb11px\u00bb][vc_column_text]<\/p>\n<h5 style=\"text-align: center;\">Puedo ofrecerte otros servicios.<\/h5>\n<h5 style=\"text-align: center;\">Escr\u00edbeme y te informar\u00e9.<\/h5>\n<p style=\"text-align: center;\">(al menos 72 horas antes)<\/p>\n<p>[\/vc_column_text][\/vc_column][\/vc_row][vc_row row_type=\u00bbrow\u00bb use_row_as_full_screen_section=\u00bbno\u00bb type=\u00bbgrid\u00bb angled_section=\u00bbno\u00bb text_align=\u00bbleft\u00bb background_image_as_pattern=\u00bbwithout_pattern\u00bb css_animation=\u00bb\u00bb css=\u00bb.vc_custom_1486130917392{padding-top: 59px !important;padding-bottom: 59px !important;}\u00bb][vc_column width=\u00bb1\/2&#8243; offset=\u00bbvc_col-lg-3 vc_col-md-3&#8243;][vc_single_image image=\u00bb550&#8243; img_size=\u00bbfull\u00bb qode_css_animation=\u00bb\u00bb][vc_empty_space height=\u00bb36px\u00bb][vc_column_text]<\/p>\n<h6 style=\"text-align: center;\">En Nuestra Casa<\/h6>\n<p>[\/vc_column_text][vc_empty_space height=\u00bb18px\u00bb][vc_column_text]<\/p>\n<p style=\"text-align: center;\">\u00bfUna cena Gourmet privada?<br \/>\nLo podemos organizar<br \/>\nen el Apto R\u00faa do Medio.<\/p>\n<p>[\/vc_column_text][\/vc_column][vc_column width=\u00bb1\/2&#8243; offset=\u00bbvc_col-lg-3 vc_col-md-3&#8243;][vc_single_image image=\u00bb375&#8243; img_size=\u00bbfull\u00bb qode_css_animation=\u00bb\u00bb][vc_empty_space height=\u00bb36px\u00bb][vc_column_text]<\/p>\n<h6 style=\"text-align: center;\">Con el Mejor Gu\u00eda<\/h6>\n<p>[\/vc_column_text][vc_empty_space height=\u00bb18px\u00bb][vc_column_text]<\/p>\n<p style=\"text-align: center;\">\u00bfUna visita a la ciudad?<br \/>\n\u00bfUn traslado privado?<br \/>\n\u00bfReservar el Botafumeiro?<\/p>\n<p>[\/vc_column_text][\/vc_column][vc_column width=\u00bb1\/2&#8243; offset=\u00bbvc_col-lg-3 vc_col-md-3&#8243;][vc_single_image image=\u00bb376&#8243; img_size=\u00bbfull\u00bb qode_css_animation=\u00bb\u00bb][vc_empty_space height=\u00bb36px\u00bb][vc_column_text]<\/p>\n<h6 style=\"text-align: center;\">Relax al Final del Camino<\/h6>\n<p>[\/vc_column_text][vc_empty_space height=\u00bb18px\u00bb][vc_column_text]<\/p>\n<p style=\"text-align: center;\">\u00bfUna reserva en SPA?<br \/>\n\u00bfBalneario?<br \/>\n\u00bfUn masaje?<\/p>\n<p>[\/vc_column_text][\/vc_column][vc_column width=\u00bb1\/2&#8243; offset=\u00bbvc_col-lg-3 vc_col-md-3&#8243;][vc_single_image image=\u00bb553&#8243; img_size=\u00bbfull\u00bb qode_css_animation=\u00bb\u00bb][vc_empty_space height=\u00bb36px\u00bb][vc_column_text]<\/p>\n<h6 style=\"text-align: center;\">De Confianza y Dulce<\/h6>\n<p>[\/vc_column_text][vc_empty_space height=\u00bb18px\u00bb][vc_column_text]<\/p>\n<p style=\"text-align: center;\">\u00bfNecesitas una babysitter?<br \/>\n\u00bfCompra en el supermercado?<br \/>\n\u00bfUna tarta de cumplea\u00f1os ?<\/p>\n<p>[\/vc_column_text][\/vc_column][\/vc_row][vc_row row_type=\u00bbrow\u00bb use_row_as_full_screen_section=\u00bbno\u00bb type=\u00bbgrid\u00bb angled_section=\u00bbno\u00bb text_align=\u00bbcenter\u00bb background_image_as_pattern=\u00bbwithout_pattern\u00bb background_color=\u00bb#ffffff\u00bb css_animation=\u00bb\u00bb css=\u00bb.vc_custom_1488543317356{background-color: #ffffff !important;}\u00bb][vc_column][vc_empty_space][vc_column_text]<\/p>\n<h4 style=\"text-align: center;\">Ven a Visitarnos<\/h4>\n<p>[\/vc_column_text][vc_empty_space]<a  itemprop=\"url\" href=\"https:\/\/booking.redforts.com\/oMgcKUTv\" target=\"_blank\" data-hover-background-color=#222222 data-hover-border-color=#222222 data-hover-color=#ffffff class=\"qbutton  large center default\" style=\"color: #ffffff; border-color: #677e09; font-style: normal; background-color: #677e09;\">Reserva<\/a>[vc_empty_space][\/vc_column][\/vc_row][vc_row row_type=\u00bbrow\u00bb use_row_as_full_screen_section=\u00bbno\u00bb type=\u00bbfull_width\u00bb anchor=\u00bblocations\u00bb angled_section=\u00bbno\u00bb text_align=\u00bbleft\u00bb background_image_as_pattern=\u00bbwithout_pattern\u00bb css_animation=\u00bb\u00bb][vc_column]<div class='google_map_shortcode_holder' style='height:600px;'><div class='qode_google_map' style='height:600px;' id='map_canvas_81019' data-addresses='[\"R\u00faa de San Pedro, 13, 15703 Santiago de Compostela, A Coru\u00f1a, Espa\u00f1a\"]' data-custom-map-style='true' data-color-overlay='#393939' data-saturation='-100' data-lightness='10' data-zoom='16' data-pin='https:\/\/apartamentosaureliantica.com\/wp-content\/uploads\/2016\/07\/icono-ok-1.png' data-unique-id='81019' data-google-maps-scroll-wheel='false' data-map-height='600'><\/div><div class='google_map_shortcode_overlay'><\/div><\/div>[\/vc_column][\/vc_row][vc_row row_type=\u00bbrow\u00bb use_row_as_full_screen_section=\u00bbno\u00bb type=\u00bbfull_width\u00bb angled_section=\u00bbno\u00bb text_align=\u00bbleft\u00bb background_image_as_pattern=\u00bbwithout_pattern\u00bb css_animation=\u00bb\u00bb][vc_column][\/vc_column][\/vc_row]<\/p>\n","protected":false},"excerpt":{"rendered":"<p>[vc_row row_type=\u00bbrow\u00bb use_row_as_full_screen_section=\u00bbno\u00bb type=\u00bbgrid\u00bb anchor=\u00bbabout\u00bb angled_section=\u00bbno\u00bb text_align=\u00bbleft\u00bb background_image_as_pattern=\u00bbwithout_pattern\u00bb css_animation=\u00bb\u00bb css=\u00bb.vc_custom_1486130806874{padding-top: 50px !important;padding-bottom: 50px !important;}\u00bb][vc_column][vc_empty_space height=\u00bb26px\u00bb][vc_column_text]&#8230;<\/p>\n","protected":false},"author":1,"featured_media":0,"parent":0,"menu_order":0,"comment_status":"closed","ping_status":"closed","template":"full_width.php","meta":{"footnotes":""},"_links":{"self":[{"href":"https:\/\/apartamentosaureliantica.com\/es\/wp-json\/wp\/v2\/pages\/713"}],"collection":[{"href":"https:\/\/apartamentosaureliantica.com\/es\/wp-json\/wp\/v2\/pages"}],"about":[{"href":"https:\/\/apartamentosaureliantica.com\/es\/wp-json\/wp\/v2\/types\/page"}],"author":[{"embeddable":true,"href":"https:\/\/apartamentosaureliantica.com\/es\/wp-json\/wp\/v2\/users\/1"}],"replies":[{"embeddable":true,"href":"https:\/\/apartamentosaureliantica.com\/es\/wp-json\/wp\/v2\/comments?post=713"}],"version-history":[{"count":38,"href":"https:\/\/apartamentosaureliantica.com\/es\/wp-json\/wp\/v2\/pages\/713\/revisions"}],"predecessor-version":[{"id":1780,"href":"https:\/\/apartamentosaureliantica.com\/es\/wp-json\/wp\/v2\/pages\/713\/revisions\/1780"}],"wp:attachment":[{"href":"https:\/\/apartamentosaureliantica.com\/es\/wp-json\/wp\/v2\/media?parent=713"}],"curies":[{"name":"wp","href":"https:\/\/api.w.org\/{rel}","templated":true}]}}